{"id":18,"date":"2024-10-24T11:47:00","date_gmt":"2024-10-24T09:47:00","guid":{"rendered":"https:\/\/o-seznam.cz\/napoveda\/diskuze\/?page_id=18"},"modified":"2025-11-10T07:05:44","modified_gmt":"2025-11-10T06:05:44","slug":"vstup-do-diskuze","status":"publish","type":"page","link":"https:\/\/o-seznam.cz\/napoveda\/diskuze\/vstup-do-diskuze\/","title":{"rendered":"Vstup do Diskuze"},"content":{"rendered":"\n<p>Vstup do diskuze v\u00e1m bude umo\u017en\u011bn za t\u011bchto podm\u00ednek:<\/p>\n\n\n\n<ul class=\"wp-block-list\">\n<li>M\u00e1te \u00fa\u010det u Seznamu. Do diskuz\u00ed je nutn\u00e9 se p\u0159ihla\u0161ovat s \u00fa\u010dtem od Seznamu. Pokud dosud \u017e\u00e1dn\u00fd \u00fa\u010det nem\u00e1te, m\u016f\u017eete si ho zalo\u017eit zde <a class=\"is-style-link-external\" href=\"https:\/\/registrace.seznam.cz\/\" target=\"_blank\" rel=\"noreferrer noopener\">https:\/\/registrace.seznam.cz\/<\/a><\/li>\n\n\n\n<li>M\u00e1te u dan\u00e9ho \u00fa\u010dtu ov\u011b\u0159en\u00e9 telefonn\u00ed \u010d\u00edslo \u010desk\u00e9ho nebo slovensk\u00e9ho oper\u00e1tora. Telefonn\u00ed \u010d\u00edslo lze ov\u011b\u0159it v tzv. \u00da\u010dtu&nbsp;<a class=\"is-style-link-external\" href=\"https:\/\/ucet.seznam.cz\/\" target=\"_blank\" rel=\"noreferrer noopener\">https:\/\/ucet.seznam.cz\/<\/a> P\u0159\u00edpadn\u011b budete k ov\u011b\u0159en\u00ed vyzv\u00e1n\u00ed p\u0159i prvn\u00edm vstupu do diskuze.<\/li>\n\n\n\n<li>M\u00e1te v \u00da\u010dtu (<a class=\"is-style-link-external\" href=\"https:\/\/ucet.seznam.cz\/\" target=\"_blank\" rel=\"noreferrer noopener\">https:\/\/ucet.seznam.cz\/<\/a>) zadan\u00e9 re\u00e1ln\u00e9 jm\u00e9no a p\u0159\u00edjmen\u00ed. P\u0159\u00edpadn\u011b budete k dopln\u011bn\u00ed re\u00e1ln\u00e9ho a pravdiv\u00e9ho jm\u00e9na a p\u0159\u00edjmen\u00ed vyzv\u00e1ni p\u0159i prvn\u00edm vstupu do diskuze.<\/li>\n\n\n\n<li>Odsouhlas\u00edte <a class=\"is-style-link-external\" href=\"https:\/\/napoveda.seznam.cz\/cz\/smluvni-podminky\/seznam-diskuze\/\" target=\"_blank\" rel=\"noreferrer noopener\">smluvn\u00ed podm\u00ednky<\/a> slu\u017eeb Seznam Diskuze a Lid\u00e9.cz p\u0159i prvn\u00edm vstupu do diskuze.<\/li>\n<\/ul>\n\n\n\n<p>P\u0159i prvn\u00edm vstupu do diskuze zkontrolujeme v\u00fd\u0161e uveden\u00e9 podm\u00ednky a p\u0159\u00edpadn\u011b v\u00e1s vyzveme k dopln\u011bn\u00ed a p\u0159edev\u0161\u00edm k odsouhlasen\u00ed smluvn\u00edch podm\u00ednek.<br>Ov\u011b\u0159en\u00ed telefonn\u00edho \u010d\u00edsla prob\u00edh\u00e1 SMSkou. Tj. na zadan\u00e9 telefonn\u00ed \u010d\u00edslo v\u00e1m za\u0161leme SMS s k\u00f3dem, kter\u00fd mus\u00edte n\u00e1sledn\u011b zadat do p\u0159\u00edslu\u0161n\u00e9ho pole na str\u00e1nce. T\u00edm dojde k ov\u011b\u0159en\u00ed \u010d\u00edsla.<\/p>\n\n\n\n<div class=\"wp-block-seznam-box is-layout-flow wp-block-seznam-box-is-layout-flow\">\n<p><strong>Pozor!<\/strong> Ov\u011b\u0159en\u00ed telefonn\u00edho \u010d\u00edsla je mo\u017en\u00e9 pouze pro telefonn\u00ed \u010d\u00edsla \u010desk\u00fdch&nbsp;a slovensk\u00fdch mobiln\u00edch oper\u00e1tor\u016f.<br>U <strong>slovensk\u00fdch<\/strong> telefonn\u00edch \u010d\u00edsel&nbsp;nezapome\u0148te zvolit spr\u00e1vnou mezin\u00e1rodn\u00ed p\u0159edvolbu <strong>+421<\/strong> xxx xxx xxx.<\/p>\n<\/div>\n","protected":false},"excerpt":{"rendered":"<p>Vstup do diskuze v\u00e1m bude umo\u017en\u011bn za t\u011bchto podm\u00ednek: P\u0159i prvn\u00edm vstupu do diskuze zkontrolujeme v\u00fd\u0161e uveden\u00e9 podm\u00ednky a p\u0159\u00edpadn\u011b v\u00e1s vyzveme k dopln\u011bn\u00ed a p\u0159edev\u0161\u00edm k odsouhlasen\u00ed smluvn\u00edch podm\u00ednek.Ov\u011b\u0159en\u00ed telefonn\u00edho \u010d\u00edsla prob\u00edh\u00e1 SMSkou. Tj. na zadan\u00e9 telefonn\u00ed \u010d\u00edslo v\u00e1m za\u0161leme SMS s k\u00f3dem, kter\u00fd mus\u00edte n\u00e1sledn\u011b zadat do p\u0159\u00edslu\u0161n\u00e9ho pole na str\u00e1nce. T\u00edm dojde [&hellip;]<\/p>\n","protected":false},"author":12,"featured_media":0,"parent":0,"menu_order":20,"comment_status":"closed","ping_status":"closed","template":"page-sidemenu","meta":{"_acf_changed":false,"_relevanssi_hide_post":"","_relevanssi_hide_content":"","_relevanssi_pin_for_all":"","_relevanssi_pin_keywords":"","_relevanssi_unpin_keywords":"","_relevanssi_related_keywords":"","_relevanssi_related_include_ids":"","_relevanssi_related_exclude_ids":"","_relevanssi_related_no_append":"","_relevanssi_related_not_related":"","_relevanssi_related_posts":"","_relevanssi_noindex_reason":"","footnotes":""},"page_category":[3],"page_tag":[],"service_status_category":[],"class_list":["post-18","page","type-page","status-publish","hentry"],"acf":[],"_links":{"self":[{"href":"https:\/\/o-seznam.cz\/napoveda\/diskuze\/wp-json\/wp\/v2\/pages\/18","targetHints":{"allow":["GET"]}}],"collection":[{"href":"https:\/\/o-seznam.cz\/napoveda\/diskuze\/wp-json\/wp\/v2\/pages"}],"about":[{"href":"https:\/\/o-seznam.cz\/napoveda\/diskuze\/wp-json\/wp\/v2\/types\/page"}],"author":[{"embeddable":true,"href":"https:\/\/o-seznam.cz\/napoveda\/diskuze\/wp-json\/wp\/v2\/users\/12"}],"replies":[{"embeddable":true,"href":"https:\/\/o-seznam.cz\/napoveda\/diskuze\/wp-json\/wp\/v2\/comments?post=18"}],"version-history":[{"count":3,"href":"https:\/\/o-seznam.cz\/napoveda\/diskuze\/wp-json\/wp\/v2\/pages\/18\/revisions"}],"predecessor-version":[{"id":185,"href":"https:\/\/o-seznam.cz\/napoveda\/diskuze\/wp-json\/wp\/v2\/pages\/18\/revisions\/185"}],"wp:attachment":[{"href":"https:\/\/o-seznam.cz\/napoveda\/diskuze\/wp-json\/wp\/v2\/media?parent=18"}],"wp:term":[{"taxonomy":"page_category","embeddable":true,"href":"https:\/\/o-seznam.cz\/napoveda\/diskuze\/wp-json\/wp\/v2\/page_category?post=18"},{"taxonomy":"page_tag","embeddable":true,"href":"https:\/\/o-seznam.cz\/napoveda\/diskuze\/wp-json\/wp\/v2\/page_tag?post=18"},{"taxonomy":"service_status_category","embeddable":true,"href":"https:\/\/o-seznam.cz\/napoveda\/diskuze\/wp-json\/wp\/v2\/service_status_category?post=18"}],"curies":[{"name":"wp","href":"https:\/\/api.w.org\/{rel}","templated":true}]}}