{"id":84,"date":"2025-05-05T09:19:50","date_gmt":"2025-05-05T07:19:50","guid":{"rendered":"https:\/\/o-seznam.cz\/napoveda\/asistent\/?page_id=84"},"modified":"2025-06-19T13:43:47","modified_gmt":"2025-06-19T11:43:47","slug":"personalizace-v-asistentovi","status":"publish","type":"page","link":"https:\/\/o-seznam.cz\/napoveda\/asistent\/personalizace-v-asistentovi\/","title":{"rendered":"Personalizace v Asistentovi"},"content":{"rendered":"\n<div class=\"wp-block-group is-vertical is-layout-flex wp-container-core-group-is-layout-fe9cc265 wp-block-group-is-layout-flex\">\n<div class=\"wp-block-group is-layout-constrained wp-block-group-is-layout-constrained\">\n<p>Seznam Asistent m\u016f\u017ee vyu\u017e\u00edt va\u0161e p\u0159edchoz\u00ed konverzace k tomu, aby je\u0161t\u011b l\u00e9pe personalizoval odpov\u011bdi i zobrazovanou reklamu.<\/p>\n\n\n\n<p>Podrobn\u00e9 informace o tom, jak Seznam pracuje s&nbsp;personalizac\u00ed obsahu a&nbsp;reklamy, najdete <a href=\"https:\/\/o-seznam.cz\/pravni-informace\/personalizace\/\">v personalizace dat v r\u00e1mci Seznam.cz<\/a> a tak\u00e9 <a href=\"https:\/\/o-seznam.cz\/napoveda\/asistent\/podminky-pro-pouzivani-seznam-asistenta\/\" data-type=\"page\" data-id=\"82\">v podm\u00ednk\u00e1ch u\u017eit\u00ed Seznam Asistenta.<\/a><\/p>\n\n\n\n<h3 class=\"wp-block-heading\">Jak m\u016f\u017eete personalizaci omezit<\/h3>\n\n\n\n<p><strong><a href=\"https:\/\/ucet.seznam.cz\/bezreklam\/\" data-type=\"link\" data-id=\"https:\/\/ucet.seznam.cz\/bezreklam\/\">Seznam bez reklam <\/a><\/strong><\/p>\n\n\n\n<ul class=\"wp-block-list\">\n<li>Nezobrazujeme \u017e\u00e1dn\u00e9 reklamy.<\/li>\n\n\n\n<li>Nepou\u017e\u00edv\u00e1me obsah va\u0161ich konverzac\u00ed k c\u00edlen\u00ed reklamy.<\/li>\n<\/ul>\n\n\n\n<p><a href=\"https:\/\/o-seznam.cz\/napoveda\/ucet\/data-a-personalizace\/seznam-bez-personalizovane-reklamy\/\" data-type=\"link\" data-id=\"https:\/\/o-seznam.cz\/napoveda\/ucet\/data-a-personalizace\/seznam-bez-personalizovane-reklamy\/\"><strong>Seznam bez c\u00edlen\u00e9 reklamy<\/strong> <\/a><\/p>\n\n\n\n<ul class=\"wp-block-list\">\n<li>Konverzace s Asistentem neslou\u017e\u00ed k c\u00edlen\u00ed reklamy.<\/li>\n\n\n\n<li>Reklamy, kter\u00e9 uvid\u00edte, jsou obecn\u00e9. Nap\u0159\u00edklad podle typu slu\u017eby nebo t\u00e9matu, nikoli podle va\u0161ich konkr\u00e9tn\u00edch ot\u00e1zek.<\/li>\n<\/ul>\n<\/div>\n<\/div>\n\n\n\n<div class=\"accordion\">\n\t<div class=\"accordion__items\">\n\n<details class=\"expander is-style-default\">\n\t<summary data-datalayer-name=\"\" data-datalayer-text=\"Jak dlouho data uchov\u00e1v\u00e1te?\">\n\t\t\t\t<strong>Jak dlouho data uchov\u00e1v\u00e1te?<\/strong>\n\t\t\t<\/summary>\n\t<div class=\"inner-blocks\">\n\n<p>Data uchov\u00e1v\u00e1me 6 m\u011bs\u00edc\u016f, n\u00e1sledn\u011b proch\u00e1z\u00ed procesem anonymizace. V\u00edce na str\u00e1nce <a href=\"https:\/\/o-seznam.cz\/napoveda\/asistent\/podminky-pro-pouzivani-seznam-asistenta\/\">Podm\u00ednky u\u017e\u00edv\u00e1n\u00ed slu\u017eby Seznam AI Asistenta<\/a>.<\/p>\n\n<\/div><\/details>\n\n\n\n<details class=\"expander is-style-default\">\n\t<summary data-datalayer-name=\"\" data-datalayer-text=\"Pou\u017e\u00edv\u00e1te moje dotazy k\u00a0tr\u00e9ninku SeznamAI?\">\n\t\t\t\t<strong>Pou\u017e\u00edv\u00e1te moje dotazy k\u00a0tr\u00e9ninku SeznamAI?<\/strong>\n\t\t\t<\/summary>\n\t<div class=\"inner-blocks\">\n\n<p>Pouze v\u00a0anonymn\u00ed podob\u011b. Nikdy nepou\u017e\u00edv\u00e1me \u017e\u00e1dn\u00e9 citliv\u00e9 \u00fadaje, kter\u00e9 by V\u00e1s mohly identifikovat.<\/p>\n\n<\/div><\/details>\n\n<\/div><\/div>\n\n","protected":false},"excerpt":{"rendered":"<p>Seznam Asistent m\u016f\u017ee vyu\u017e\u00edt va\u0161e p\u0159edchoz\u00ed konverzace k tomu, aby je\u0161t\u011b l\u00e9pe personalizoval odpov\u011bdi i zobrazovanou reklamu. Podrobn\u00e9 informace o tom, jak Seznam pracuje s&nbsp;personalizac\u00ed obsahu a&nbsp;reklamy, najdete v personalizace dat v r\u00e1mci Seznam.cz a tak\u00e9 v podm\u00ednk\u00e1ch u\u017eit\u00ed Seznam Asistenta. Jak m\u016f\u017eete personalizaci omezit Seznam bez reklam Seznam bez c\u00edlen\u00e9 reklamy<\/p>\n","protected":false},"author":63,"featured_media":0,"parent":0,"menu_order":0,"comment_status":"closed","ping_status":"closed","template":"page-sidemenu","meta":{"_acf_changed":false,"_relevanssi_hide_post":"","_relevanssi_hide_content":"","_relevanssi_pin_for_all":"","_relevanssi_pin_keywords":"","_relevanssi_unpin_keywords":"","_relevanssi_related_keywords":"","_relevanssi_related_include_ids":"","_relevanssi_related_exclude_ids":"","_relevanssi_related_no_append":"","_relevanssi_related_not_related":"","_relevanssi_related_posts":"","_relevanssi_noindex_reason":"","footnotes":""},"page_category":[31],"page_tag":[],"service_status_category":[],"class_list":["post-84","page","type-page","status-publish","hentry"],"acf":[],"_links":{"self":[{"href":"https:\/\/o-seznam.cz\/napoveda\/asistent\/wp-json\/wp\/v2\/pages\/84","targetHints":{"allow":["GET"]}}],"collection":[{"href":"https:\/\/o-seznam.cz\/napoveda\/asistent\/wp-json\/wp\/v2\/pages"}],"about":[{"href":"https:\/\/o-seznam.cz\/napoveda\/asistent\/wp-json\/wp\/v2\/types\/page"}],"author":[{"embeddable":true,"href":"https:\/\/o-seznam.cz\/napoveda\/asistent\/wp-json\/wp\/v2\/users\/63"}],"replies":[{"embeddable":true,"href":"https:\/\/o-seznam.cz\/napoveda\/asistent\/wp-json\/wp\/v2\/comments?post=84"}],"version-history":[{"count":20,"href":"https:\/\/o-seznam.cz\/napoveda\/asistent\/wp-json\/wp\/v2\/pages\/84\/revisions"}],"predecessor-version":[{"id":406,"href":"https:\/\/o-seznam.cz\/napoveda\/asistent\/wp-json\/wp\/v2\/pages\/84\/revisions\/406"}],"wp:attachment":[{"href":"https:\/\/o-seznam.cz\/napoveda\/asistent\/wp-json\/wp\/v2\/media?parent=84"}],"wp:term":[{"taxonomy":"page_category","embeddable":true,"href":"https:\/\/o-seznam.cz\/napoveda\/asistent\/wp-json\/wp\/v2\/page_category?post=84"},{"taxonomy":"page_tag","embeddable":true,"href":"https:\/\/o-seznam.cz\/napoveda\/asistent\/wp-json\/wp\/v2\/page_tag?post=84"},{"taxonomy":"service_status_category","embeddable":true,"href":"https:\/\/o-seznam.cz\/napoveda\/asistent\/wp-json\/wp\/v2\/service_status_category?post=84"}],"curies":[{"name":"wp","href":"https:\/\/api.w.org\/{rel}","templated":true}]}}