{"id":82,"date":"2025-05-05T09:19:33","date_gmt":"2025-05-05T07:19:33","guid":{"rendered":"https:\/\/o-seznam.cz\/napoveda\/asistent\/?page_id=82"},"modified":"2025-11-27T14:27:12","modified_gmt":"2025-11-27T13:27:12","slug":"podminky-pro-pouzivani-seznam-asistenta","status":"publish","type":"page","link":"https:\/\/o-seznam.cz\/napoveda\/asistent\/podminky-pro-pouzivani-seznam-asistenta\/","title":{"rendered":"Podm\u00ednky u\u017e\u00edv\u00e1n\u00ed slu\u017eby Seznam AI Asistenta"},"content":{"rendered":"\n<p><em><em>Pe\u010dliv\u011b si p\u0159e\u010dt\u011bte tyto podm\u00ednky, nebo\u0165 obsahuj\u00ed d\u016fle\u017eit\u00e9 informace t\u00fdkaj\u00edc\u00ed se Va\u0161ich pr\u00e1v a povinnost\u00ed.<\/em><\/em><\/p>\n\n\n\n<p>N\u00e1sleduj\u00edc\u00ed text p\u0159edstavuje podm\u00ednky pou\u017e\u00edv\u00e1n\u00ed slu\u017eby (d\u00e1le jen \u201ePodm\u00ednky\u201c) Seznam AI Asistent dostupn\u00e9 na (URL): https:\/\/asistent.seznam.cz\/ (d\u00e1le jen \u201eSlu\u017eba\u201c nebo \u201eSeznam Asistent\u201c), kterou poskytuje spole\u010dnost Seznam.cz, a.s., I\u010cO: 26168685, DI\u010c: CZ26168685, se s\u00eddlem Radlick\u00e1 3294\/10, Praha 5, PS\u010c: 15000, zapsan\u00e1 v obchodn\u00edm rejst\u0159\u00edku veden\u00e9m M\u011bstsk\u00fdm soudem v Praze sp. zn. B 6493 (d\u00e1le jen \u201eSeznam.cz\u201c nebo \u201ePoskytovatel\u201c).<\/p>\n\n\n\n<p>Seznam Asistent je vyhled\u00e1va\u010d informac\u00ed a konverza\u010dn\u00ed pomocn\u00edk, kter\u00fd pou\u017e\u00edv\u00e1 um\u011blou inteligenci a je navr\u017een tak, aby komunikoval s u\u017eivateli p\u0159irozen\u00fdm jazykem a poskytoval jim informa\u010dn\u00ed asistenci v r\u016fzn\u00fdch oblastech. Hlavn\u00edm c\u00edlem Seznam Asistenta je poskytov\u00e1n\u00ed p\u0159esn\u00fdch, relevantn\u00edch a u\u017eite\u010dn\u00fdch informac\u00ed v co nejefektivn\u011bj\u0161\u00ed a u\u017eivatelsky nejp\u0159\u00edv\u011btiv\u011bj\u0161\u00ed form\u011b.<\/p>\n\n\n\n<p>U\u017eivatelem slu\u017eby Seznam Asistent se ozna\u010duje jak\u00e1koliv fyzick\u00e1 nebo pr\u00e1vnick\u00e1 osoba, kter\u00e1 m\u00e1 p\u0159\u00edstup k Seznam Asistentovi, vyu\u017e\u00edv\u00e1 jeho funkce, komunikuje s n\u00edm nebo s n\u00edm jinak interaguje, a to bez ohledu na to, zda je u Poskytovatele registrov\u00e1n \u010di nikoliv (d\u00e1le jen \u201eU\u017eivatel\u201c).<\/p>\n\n\n\n<p>P\u0159\u00edstupem k Seznam Asistentovi a jeho pou\u017e\u00edv\u00e1n\u00edm souhlas\u00ed U\u017eivatel s t\u011bmito Podm\u00ednkami. U\u017eivatel sm\u00ed p\u0159istupovat ke slu\u017eb\u011b Seznam Asistent a pou\u017e\u00edvat ji za p\u0159edpokladu, \u017ee dodr\u017euje tyto Podm\u00ednky pou\u017e\u00edv\u00e1n\u00ed a sou\u010dasn\u011b i pr\u00e1vn\u00ed p\u0159edpisy a z\u00e1sady uveden\u00e9 n\u00ed\u017ee. U\u017eivatel je pln\u011b odpov\u011bdn\u00fd za v\u0161echny aktivity, ke kter\u00fdm v r\u00e1mci jeho interakce se Seznam Asistentem doch\u00e1z\u00ed.<\/p>\n\n\n\n<ol class=\"wp-block-list\">\n<li><strong>U\u017eivatelsk\u00fd obsah<\/strong><\/li>\n<\/ol>\n\n\n\n<p>1.1. Slu\u017eb\u011b Seznam Asistent m\u016f\u017ee U\u017eivatel poskytnout data (d\u00e1le jen \u201eVstup\u201c). Za vstupn\u00ed obsah se rovn\u011b\u017e pova\u017euj\u00ed ve\u0161ker\u00e9 \u00fadaje, texty, soubory, obr\u00e1zky, zvuky, zvukov\u011b-obrazov\u00e9 nebo jin\u00e9 informace, kter\u00e9 U\u017eivatel jak\u00fdmkoliv zp\u016fsobem vlo\u017e\u00ed do slu\u017eby Seznam Asistent za \u00fa\u010delem jej\u00edho vyu\u017eit\u00ed.<\/p>\n\n\n\n<p>1.2. Na z\u00e1klad\u011b informac\u00ed zadan\u00fdch do Vstupu vytvo\u0159\u00ed Seznam Asistent automaticky zpracovan\u00fd obsah (d\u00e1le jen \u201eV\u00fdstup\u201c).<\/p>\n\n\n\n<p>1.3. U\u017eivatel si v rozsahu povolen\u00e9m platn\u00fdmi pr\u00e1vn\u00edmi p\u0159edpisy ponech\u00e1v\u00e1 v\u0161echna pr\u00e1va, kter\u00e1 mu n\u00e1le\u017e\u00ed ve vztahu ke Vstupu, a v tomto rozsahu je opr\u00e1vn\u011bn u\u017e\u00edvat tak\u00e9 V\u00fdstup.<\/p>\n\n\n\n<p>1.4. U\u017eivatel odpov\u00edd\u00e1 za to, \u017ee Vstup ani V\u00fdstup neporu\u0161uj\u00ed pr\u00e1va t\u0159et\u00edch osob ani pr\u00e1vn\u00ed p\u0159edpisy nebo tyto Podm\u00ednky, a bere na v\u011bdom\u00ed, \u017ee Poskytovatel nenese odpov\u011bdnost za jejich obsah.<\/p>\n\n\n\n<p>1.5. Vzhledem k povaze slu\u017eby Seznam Asistent a charakteru um\u011bl\u00e9 inteligence nemus\u00ed b\u00fdt V\u00fdstup jedine\u010dn\u00fd a ostatn\u00ed U\u017eivatel\u00e9 mohou z\u00edskat podobn\u00fd V\u00fdstup. Um\u011bl\u00e1 inteligence a strojov\u00e9 u\u010den\u00ed jsou rychle se rozv\u00edjej\u00edc\u00ed oblasti a Poskytovatel neust\u00e1le pracuje na zlep\u0161ov\u00e1n\u00ed slu\u017eby Seznam Asistent, aby byla p\u0159esn\u011bj\u0161\u00ed, spolehliv\u011bj\u0161\u00ed, bezpe\u010dn\u011bj\u0161\u00ed a p\u0159\u00ednosn\u011bj\u0161\u00ed. Vzhledem k pravd\u011bpodobnostn\u00ed povaze strojov\u00e9ho u\u010den\u00ed m\u016f\u017ee pou\u017e\u00edv\u00e1n\u00ed Seznam Asistenta v n\u011bkter\u00fdch p\u0159\u00edpadech obsahovat informace, kter\u00e9 neodpov\u00eddaj\u00ed skute\u010dnosti.<\/p>\n\n\n\n<p>1.6. Poskytovatel m\u016f\u017ee vyu\u017e\u00edvat zadan\u00e9 Vstupy a agregovan\u00e1 data z nich vypl\u00fdvaj\u00edc\u00ed ke zlep\u0161ov\u00e1n\u00ed funkc\u00ed Slu\u017eby, kvality V\u00fdstup\u016f nebo k dal\u0161\u00edmu zlep\u0161ov\u00e1n\u00ed v\u00fdkonu a kvality sv\u00fdch slu\u017eeb, p\u0159i\u010dem\u017e v\u00fd\u0161e uveden\u00e1 data jsou pro tyto \u00fa\u010dely anonymizov\u00e1na, p\u0159\u00edpadn\u011b pseudonymizov\u00e1na. U\u017eivateli bude umo\u017en\u011bno vyu\u017e\u00edvat tak\u00e9 anonymn\u00ed re\u017eim, v n\u011bm\u017e tato data nebudou ukl\u00e1d\u00e1na a vyu\u017e\u00edv\u00e1na v\u016fbec.<\/p>\n\n\n\n<p>2. <strong>Pr\u00e1va a povinnosti<\/strong><\/p>\n\n\n\n<p>2.1. Poskytovatel se zavazuje poskytovat U\u017eivateli Seznam Asistenta s n\u00e1le\u017eitou odbornou p\u00e9\u010d\u00ed. Slu\u017eba Seznam Asistent je poskytov\u00e1na v\u0161em U\u017eivatel\u016fm bez rozd\u00edlu bezplatn\u011b a \u201etak, jak je&#8220;, bez z\u00e1ruky nep\u0159etr\u017eit\u00e9 dostupnosti, bezchybnosti \u010di vhodnosti pro pou\u017e\u00edvan\u00fd \u00fa\u010del.<\/p>\n\n\n\n<p>2.2. Seznam Asistent a jeho V\u00fdstupy jsou ur\u010deny v\u00fdhradn\u011b k osobn\u00edmu nekomer\u010dn\u00edmu pou\u017eit.<\/p>\n\n\n\n<p>2.3. Poskytovatel nenese odpov\u011bdnost za spr\u00e1vnost, \u00faplnost ani aktu\u00e1lnost V\u00fdstup\u016f, ani za jak\u00e9koli n\u00e1sledky jejich pou\u017eit\u00ed. Poskytovatel nenese odpov\u011bdnost za pou\u017eit\u00ed slu\u017eby Seznam Asistent v rozporu s t\u011bmito Podm\u00ednkami ani za n\u00e1sledky rozhodnut\u00ed u\u010din\u011bn\u00fdch na z\u00e1klad\u011b V\u00fdstup\u016f slu\u017eby.<\/p>\n\n\n\n<p>2.4. U\u017eivatel pou\u017e\u00edv\u00e1n\u00edm Seznam Asistenta souhlas\u00ed a bere na v\u011bdom\u00ed, \u017ee:<\/p>\n\n\n\n<ol style=\"list-style-type:lower-alpha\" class=\"wp-block-list\">\n<li>V\u00fdstup nemus\u00ed b\u00fdt p\u0159esn\u00fd. U\u017eivatel by se nem\u011bl spol\u00e9hat na V\u00fdstup jako na jedin\u00fd zdroj pravdiv\u00fdch nebo faktick\u00fdch informac\u00ed nebo jako n\u00e1hradu za odborn\u00e9, pr\u00e1vn\u00ed ani jin\u00e9 z\u00e1vazn\u00e9 doporu\u010den\u00ed.<\/li>\n\n\n\n<li>P\u0159ed pou\u017eit\u00edm nebo sd\u00edlen\u00edm V\u00fdstupu mus\u00ed U\u017eivatel V\u00fdstup zhodnotit z hlediska p\u0159esnosti a vhodnosti pro konkr\u00e9tn\u00ed p\u0159\u00edpad pou\u017eit\u00ed.<\/li>\n\n\n\n<li>Seznam Asistent m\u016f\u017ee poskytovat ne\u00fapln\u00fd, nespr\u00e1vn\u00fd nebo ur\u00e1\u017eliv\u00fd V\u00fdstup, kter\u00fd nereprezentuje n\u00e1zory Seznam Asistenta ani Poskytovatele. Pokud V\u00fdstup odkazuje na produkty, slu\u017eby nebo URL odkazy t\u0159et\u00edch stran, neznamen\u00e1 to, \u017ee t\u0159et\u00ed strana Seznam Asistenta podporuje nebo je s n\u00edm spojena.<\/li>\n\n\n\n<li>U\u017eivatel nesm\u00ed pou\u017e\u00edt \u017e\u00e1dn\u00fd V\u00fdstup t\u00fdkaj\u00edc\u00ed se konkr\u00e9tn\u00edch osob k \u017e\u00e1dn\u00e9mu \u00fa\u010delu, kter\u00fd by mohl ovlivnit pr\u00e1va, postaven\u00ed nebo pov\u011bst t\u011bchto osob, zejm\u00e9na v oblastech, jako jsou vzd\u011bl\u00e1v\u00e1n\u00ed, zam\u011bstn\u00e1n\u00ed, zdravotn\u00ed slu\u017eby, poji\u0161t\u011bn\u00ed, poskytov\u00e1n\u00ed \u00fav\u011br\u016f nebo jin\u00e9 rozhodovac\u00ed procesy s re\u00e1ln\u00fdmi dopady do sf\u00e9ry jednotlivce.<\/li>\n<\/ol>\n\n\n\n<p>2.5 Seznam Asistenta nelze pou\u017e\u00edvat k nez\u00e1konn\u00e9, \u0161kodliv\u00e9 nebo zneu\u017e\u00edvaj\u00edc\u00ed \u010dinnosti. Mezi tyto \u010dinnosti pat\u0159\u00ed zejm\u00e9na:<\/p>\n\n\n\n<ol style=\"list-style-type:lower-alpha\" class=\"wp-block-list\">\n<li>pou\u017e\u00edv\u00e1n\u00ed Seznam Asistenta zp\u016fsobem, kter\u00fd poru\u0161uje nebo ohro\u017euje pr\u00e1va t\u0159et\u00edch osob nebo jinak poru\u0161uje pr\u00e1vn\u00ed p\u0159edpisy, dobr\u00e9 mravy \u010di ve\u0159ejn\u00fd po\u0159\u00e1dek;<\/li>\n\n\n\n<li>\u00faprava, kop\u00edrov\u00e1n\u00ed, \u00faplatn\u00e9 u\u017e\u00edv\u00e1n\u00ed, prodej nebo distribuce Seznam Asistenta;<\/li>\n\n\n\n<li>pokou\u0161et se jakkoliv zp\u011btn\u011b analyzovat, dekompilovat nebo odhalovat zdrojov\u00fd k\u00f3d nebo z\u00e1kladn\u00ed komponenty Seznam Asistenta, v\u010detn\u011b jeho model\u016f, algoritm\u016f nebo syst\u00e9m\u016f,<\/li>\n\n\n\n<li>automaticky nebo programov\u011b extrahovat data nebo V\u00fdstupy;<\/li>\n\n\n\n<li>prezentov\u00e1n\u00ed, \u017ee V\u00fdstup byl vytvo\u0159en \u010dlov\u011bkem, a\u010dkoliv tomu tak nebylo;<\/li>\n\n\n\n<li>generovat, \u0161\u00ed\u0159it nebo jinak podporovat obsah, kter\u00fd je \u0161kodliv\u00fd, nen\u00e1vistn\u00fd, v\u00fdhru\u017en\u00fd, ur\u00e1\u017eliv\u00fd, nez\u00e1konn\u00fd, nepravdiv\u00fd nebo jinak zp\u016fsobil\u00fd zp\u016fsobit \u00fajmu;<\/li>\n\n\n\n<li>vyu\u017e\u00edvat slu\u017ebu Seznam Asistent k automatizovan\u00e9mu sb\u011bru dat, odes\u00edl\u00e1n\u00ed nevy\u017e\u00e1dan\u00fdch sd\u011blen\u00ed, pokus\u016fm o obch\u00e1zen\u00ed zabezpe\u010den\u00ed nebo jin\u00fdm form\u00e1m zneu\u017eit\u00ed;<\/li>\n\n\n\n<li>pou\u017e\u00edvat V\u00fdstupy slu\u017eby k manipulaci s ve\u0159ejn\u00fdm m\u00edn\u011bn\u00edm, k \u0161\u00ed\u0159en\u00ed dezinformac\u00ed nebo k ovliv\u0148ov\u00e1n\u00ed spole\u010densk\u00fdch, politick\u00fdch \u010di obchodn\u00edch proces\u016f v rozporu s pravidly f\u00e9rovosti a transparentnosti;<\/li>\n\n\n\n<li>zasahov\u00e1n\u00ed do slu\u017eby Seznam Asistent nebo naru\u0161ov\u00e1n\u00ed jej\u00ed stability, v\u010detn\u011b obch\u00e1zen\u00ed jak\u00fdchkoli limit\u016f, ochrann\u00fdch opat\u0159en\u00ed nebo bezpe\u010dnostn\u00edch opat\u0159en\u00ed, kter\u00e1 na slu\u017ebu Poskytovatel zav\u00e1d\u00ed;<\/li>\n\n\n\n<li>pou\u017eit\u00ed V\u00fdstup\u016f k v\u00fdvoji model\u016f, kter\u00e9 konkuruj\u00ed Seznam Asistentovi<\/li>\n<\/ol>\n\n\n\n<p>3. <strong>Data a osobn\u00ed \u00fadaje<\/strong><\/p>\n\n\n\n<p>3.1. Poskytovatel p\u0159i zpracov\u00e1n\u00ed osobn\u00edch \u00fadaj\u016f postupuje v souladu s pr\u00e1vn\u00edmi p\u0159edpisy, zejm\u00e9na Evropsk\u00e9ho parlamentu a Rady (EU) \u010d. 2016\/679 o ochran\u011b fyzick\u00fdch osob v souvislosti se zpracov\u00e1n\u00edm osobn\u00edch \u00fadaj\u016f a o voln\u00e9m pohybu t\u011bchto \u00fadaj\u016f (obecn\u00e9 na\u0159\u00edzen\u00ed o ochran\u011b osobn\u00edch \u00fadaj\u016f), z\u00e1konem \u010d. 110\/2019 Sb., o zpracov\u00e1n\u00ed osobn\u00edch \u00fadaj\u016f, a dal\u0161\u00edmi pr\u00e1vn\u00edmi p\u0159edpisy, kter\u00e9 upravuj\u00ed zpracov\u00e1n\u00ed osobn\u00edch \u00fadaj\u016f. Osobn\u00ed \u00fadaje U\u017eivatele jsou zpracov\u00e1v\u00e1ny pouze v rozsahu nezbytn\u00e9m pro poskytov\u00e1n\u00ed slu\u017eby Seznam Asistent, a to na z\u00e1klad\u011b pln\u011bn\u00ed smlouvy. P\u0159\u00edpadn\u011b pro \u00fa\u010dely opr\u00e1vn\u011bn\u00e9ho z\u00e1jmu nebo souhlasu, je-li vy\u017eadov\u00e1n. Zpracov\u00e1van\u00fdmi \u00fadaji mohou b\u00fdt zejm\u00e9na \u00fadaje zadan\u00e9 U\u017eivatelem v r\u00e1mci u\u017e\u00edv\u00e1n\u00ed slu\u017eby Seznam Asistent, pokud tyto \u00fadaje maj\u00ed povahu osobn\u00edch \u00fadaj\u016f.<\/p>\n\n\n\n<p>3.2. Pokud data zadan\u00e1 U\u017eivatelem maj\u00ed povahu osobn\u00edch \u00fadaj\u016f, nakl\u00e1d\u00e1 se s nimi v souladu s platn\u00fdmi pr\u00e1vn\u00edmi p\u0159edpisy. U\u017eivatel, kter\u00fd v r\u00e1mci pou\u017e\u00edv\u00e1n\u00ed slu\u017eby Seznam Asistent p\u0159ed\u00e1 osobn\u00ed \u00fadaje t\u0159et\u00edch osob, odpov\u00edd\u00e1 za informov\u00e1n\u00ed t\u011bchto osob a za z\u00e1konnost p\u0159ed\u00e1n\u00ed.<\/p>\n\n\n\n<p>3.3. U\u017eivatel souhlas\u00ed se zas\u00edl\u00e1n\u00edm obchodn\u00edch sd\u011blen\u00ed na poskytnut\u00e9 kontaktn\u00ed \u00fadaje, a to v rozsahu stanoven\u00e9m z\u00e1konem \u010d. 480\/2004 Sb. Souhlas lze kdykoli odvolat. Podrobnosti o zpracov\u00e1n\u00ed osobn\u00edch \u00fadaj\u016f jsou dostupn\u00e9 v samostatn\u00e9 sekci na internetov\u00fdch str\u00e1nk\u00e1ch Poskytovatele.<\/p>\n\n\n\n<p>3.4. Poskytovatel ve vztahu k U\u017eivateli, a\u0165 ji\u017e p\u0159i u\u017e\u00edv\u00e1n\u00ed slu\u017eby Seznam Asistent nebo pro dal\u0161\u00ed interakce U\u017eivatele v r\u00e1mci slu\u017eeb Poskytovatele, respektuje nastaven\u00ed, kter\u00e9 U\u017eivatel provedl v r\u00e1mci centralizovan\u00e9ho n\u00e1stroje pro spr\u00e1vu souhlas\u016f se zpracov\u00e1n\u00edm osobn\u00edch \u00fadaj\u016f (tzv. Consent Management Platform).<\/p>\n\n\n\n<p>4. <strong>Z\u00e1v\u011bre\u010dn\u00e1 ustanoven\u00ed<\/strong><\/p>\n\n\n\n<p>4.1 Na poskytov\u00e1n\u00ed slu\u017eby Seznam Asistent se podp\u016frn\u011b pou\u017eij\u00ed Smluvn\u00ed podm\u00ednky pro registraci u\u017eivatel\u016f slu\u017eeb poskytovan\u00fdch spole\u010dnost\u00ed Seznam.cz. Ustanoven\u00ed t\u011bchto Podm\u00ednek maj\u00ed p\u0159ed ustanoven\u00edmi Smluvn\u00edch podm\u00ednek pro registraci u\u017eivatel\u016f slu\u017eeb poskytovan\u00fdch spole\u010dnost\u00ed Seznam.cz p\u0159ednost.<\/p>\n\n\n\n<p>4.2. V\u011bci t\u011bmito Podm\u00ednkami neupraven\u00e9 se podp\u016frn\u011b \u0159\u00edd\u00ed p\u0159\u00edslu\u0161nou pr\u00e1vn\u00ed \u00fapravou.<\/p>\n\n\n\n<p>4.3. Poskytovatel si vyhrazuje pr\u00e1vo v p\u0159im\u011b\u0159en\u00e9m rozsahu jednostrann\u011b tyto Podm\u00ednky m\u011bnit, zejm\u00e9na p\u0159i zm\u011bn\u011b legislativy, technick\u00e9 zm\u011bn\u011b Slu\u017eby \u010di slu\u017eeb souvisej\u00edc\u00edch se slu\u017ebou Seznam Asistent \u010di v p\u0159\u00edpad\u011b zm\u011bny provozn\u00edch, organiza\u010dn\u00edch \u010di obchodn\u00edch proces\u016f u Poskytovatele. Poskytovatel ozn\u00e1m\u00ed zm\u011bnu U\u017eivateli prost\u0159ednictv\u00edm rozhran\u00ed slu\u017eby Seznam Asistent a\/nebo prost\u0159ednictv\u00edm e-mailu minim\u00e1ln\u011b 15 dn\u00ed p\u0159ed \u00fa\u010dinnost\u00ed t\u00e9to zm\u011bny. Pokud U\u017eivatel se zm\u011bnami nesouhlas\u00ed, je opr\u00e1vn\u011bn zm\u011bny odm\u00edtnout a v takov\u00e9m p\u0159\u00edpad\u011b mus\u00ed p\u0159estat slu\u017ebu Seznam Asistent pou\u017e\u00edvat.<\/p>\n\n\n\n<p>Tyto Podm\u00ednky nab\u00fdvaj\u00ed platnosti a \u00fa\u010dinnosti dne 2. 7. 2025.<\/p>\n","protected":false},"excerpt":{"rendered":"<p>Pe\u010dliv\u011b si p\u0159e\u010dt\u011bte tyto podm\u00ednky, nebo\u0165 obsahuj\u00ed d\u016fle\u017eit\u00e9 informace t\u00fdkaj\u00edc\u00ed se Va\u0161ich pr\u00e1v a povinnost\u00ed. N\u00e1sleduj\u00edc\u00ed text p\u0159edstavuje podm\u00ednky pou\u017e\u00edv\u00e1n\u00ed slu\u017eby (d\u00e1le jen \u201ePodm\u00ednky\u201c) Seznam AI Asistent dostupn\u00e9 na (URL): https:\/\/asistent.seznam.cz\/ (d\u00e1le jen \u201eSlu\u017eba\u201c nebo \u201eSeznam Asistent\u201c), kterou poskytuje spole\u010dnost Seznam.cz, a.s., I\u010cO: 26168685, DI\u010c: CZ26168685, se s\u00eddlem Radlick\u00e1 3294\/10, Praha 5, PS\u010c: 15000, zapsan\u00e1 [&hellip;]<\/p>\n","protected":false},"author":63,"featured_media":0,"parent":0,"menu_order":0,"comment_status":"closed","ping_status":"closed","template":"page-sidemenu","meta":{"_acf_changed":false,"_relevanssi_hide_post":"","_relevanssi_hide_content":"","_relevanssi_pin_for_all":"","_relevanssi_pin_keywords":"","_relevanssi_unpin_keywords":"","_relevanssi_related_keywords":"","_relevanssi_related_include_ids":"","_relevanssi_related_exclude_ids":"","_relevanssi_related_no_append":"","_relevanssi_related_not_related":"","_relevanssi_related_posts":"","_relevanssi_noindex_reason":"","footnotes":""},"page_category":[31],"page_tag":[],"service_status_category":[],"class_list":["post-82","page","type-page","status-publish","hentry"],"acf":[],"_links":{"self":[{"href":"https:\/\/o-seznam.cz\/napoveda\/asistent\/wp-json\/wp\/v2\/pages\/82","targetHints":{"allow":["GET"]}}],"collection":[{"href":"https:\/\/o-seznam.cz\/napoveda\/asistent\/wp-json\/wp\/v2\/pages"}],"about":[{"href":"https:\/\/o-seznam.cz\/napoveda\/asistent\/wp-json\/wp\/v2\/types\/page"}],"author":[{"embeddable":true,"href":"https:\/\/o-seznam.cz\/napoveda\/asistent\/wp-json\/wp\/v2\/users\/63"}],"replies":[{"embeddable":true,"href":"https:\/\/o-seznam.cz\/napoveda\/asistent\/wp-json\/wp\/v2\/comments?post=82"}],"version-history":[{"count":14,"href":"https:\/\/o-seznam.cz\/napoveda\/asistent\/wp-json\/wp\/v2\/pages\/82\/revisions"}],"predecessor-version":[{"id":601,"href":"https:\/\/o-seznam.cz\/napoveda\/asistent\/wp-json\/wp\/v2\/pages\/82\/revisions\/601"}],"wp:attachment":[{"href":"https:\/\/o-seznam.cz\/napoveda\/asistent\/wp-json\/wp\/v2\/media?parent=82"}],"wp:term":[{"taxonomy":"page_category","embeddable":true,"href":"https:\/\/o-seznam.cz\/napoveda\/asistent\/wp-json\/wp\/v2\/page_category?post=82"},{"taxonomy":"page_tag","embeddable":true,"href":"https:\/\/o-seznam.cz\/napoveda\/asistent\/wp-json\/wp\/v2\/page_tag?post=82"},{"taxonomy":"service_status_category","embeddable":true,"href":"https:\/\/o-seznam.cz\/napoveda\/asistent\/wp-json\/wp\/v2\/service_status_category?post=82"}],"curies":[{"name":"wp","href":"https:\/\/api.w.org\/{rel}","templated":true}]}}