{"id":74,"date":"2025-05-05T09:18:06","date_gmt":"2025-05-05T07:18:06","guid":{"rendered":"https:\/\/o-seznam.cz\/napoveda\/asistent\/?page_id=74"},"modified":"2025-11-01T13:30:13","modified_gmt":"2025-11-01T12:30:13","slug":"hlaseni-problemu-a-podpora","status":"publish","type":"page","link":"https:\/\/o-seznam.cz\/napoveda\/asistent\/hlaseni-problemu-a-podpora\/","title":{"rendered":"Hl\u00e1\u0161en\u00ed probl\u00e9m\u016f a podpora"},"content":{"rendered":"\n<h2 class=\"wp-block-heading\">Nahl\u00e1\u0161en\u00ed probl\u00e9mu s odpov\u011bd\u00ed Seznam Asistenta<\/h2>\n\n\n\n<div class=\"wp-block-group is-vertical is-layout-flex wp-container-core-group-is-layout-fe9cc265 wp-block-group-is-layout-flex\">\n<div class=\"wp-block-group is-vertical is-layout-flex wp-container-core-group-is-layout-fe9cc265 wp-block-group-is-layout-flex\">\n<div class=\"wp-block-group is-vertical is-layout-flex wp-container-core-group-is-layout-fe9cc265 wp-block-group-is-layout-flex\">\n<p>Ka\u017edou odpov\u011b\u010f Asistenta m\u016f\u017eete <strong>ohodnotit jedn\u00edm klikem<\/strong>:<\/p>\n<\/div>\n<\/div>\n\n\n\n<figure class=\"wp-block-table\"><table class=\"has-fixed-layout\"><thead><tr><th>Ikona<\/th><th>Kdy ji pou\u017e\u00edt<\/th><th>Co se stane d\u00e1l<\/th><\/tr><\/thead><tbody><tr><td>\ud83d\udc4d <strong>Palec nahoru<\/strong><\/td><td>Odpov\u011b\u010f byla u\u017eite\u010dn\u00e1, jasn\u00e1 a p\u0159esn\u00e1.<\/td><td>Zap\u00ed\u0161e se pozitivn\u00ed sign\u00e1l. Model i t\u00fdm podpory l\u00e9pe ch\u00e1pou, co funguje.<\/td><\/tr><tr><td>\ud83d\udc4e <strong>Palec dol\u016f<\/strong><\/td><td>Odpov\u011b\u010f je chybn\u00e1, ne\u00fapln\u00e1 \u010di zav\u00e1d\u011bj\u00edc\u00ed.<\/td><td>Zap\u00ed\u0161e se negativn\u00ed sign\u00e1l. Model i t\u00fdm podpory ch\u00e1pou, \u017ee odpov\u011b\u010f nen\u00ed v po\u0159\u00e1dku.<\/td><\/tr><\/tbody><\/table><\/figure>\n\n\n\n<h3 class=\"wp-block-heading\">Uk\u00e1zka panelu pro zp\u011btnou vazbu<\/h3>\n\n\n\n<figure class=\"wp-block-image size-full\"><img loading=\"lazy\" decoding=\"async\" width=\"1724\" height=\"1528\" src=\"https:\/\/o-seznam.cz\/napoveda\/asistent\/wp-content\/uploads\/sites\/26\/2025\/11\/obrazek.png\" alt=\"\" class=\"wp-image-568\" srcset=\"https:\/\/o-seznam.cz\/napoveda\/asistent\/wp-content\/uploads\/sites\/26\/2025\/11\/obrazek.png 1724w, https:\/\/o-seznam.cz\/napoveda\/asistent\/wp-content\/uploads\/sites\/26\/2025\/11\/obrazek-992x879.png 992w, https:\/\/o-seznam.cz\/napoveda\/asistent\/wp-content\/uploads\/sites\/26\/2025\/11\/obrazek-320x284.png 320w, https:\/\/o-seznam.cz\/napoveda\/asistent\/wp-content\/uploads\/sites\/26\/2025\/11\/obrazek-768x681.png 768w, https:\/\/o-seznam.cz\/napoveda\/asistent\/wp-content\/uploads\/sites\/26\/2025\/11\/obrazek-1536x1361.png 1536w\" sizes=\"auto, (max-width: 1724px) 100vw, 1724px\" \/><\/figure>\n<\/div>\n\n\n\n<p>P\u0159i Va\u0161\u00ed interakci s palci se n\u00e1m do administrace zaznamen\u00e1 Va\u0161e zp\u011btn\u00e1 vazba. N\u00e1sledn\u011b dojde k vyhodnocen\u00ed chyby a jej\u00ed p\u0159\u00edpadn\u00e9 n\u00e1prav\u011b. V\u00edce o t\u00e9to funkcionalit\u011b naleznete tak\u00e9 na str\u00e1nce <a href=\"https:\/\/o-seznam.cz\/napoveda\/asistent\/jak-asistent-funguje\/#zpetna-vazba\" data-type=\"page\" data-id=\"130\">Jak Asistent funguje<\/a>.<\/p>\n\n\n\n<p><strong>Kontaktn\u00ed informace na podporu naleznete<a href=\"https:\/\/o-seznam.cz\/kontakty\/\" data-type=\"link\" data-id=\"https:\/\/o-seznam.cz\/kontakty\/\"> zde.<\/a><\/strong><\/p>\n","protected":false},"excerpt":{"rendered":"<p>Nahl\u00e1\u0161en\u00ed probl\u00e9mu s odpov\u011bd\u00ed Seznam Asistenta Ka\u017edou odpov\u011b\u010f Asistenta m\u016f\u017eete ohodnotit jedn\u00edm klikem: Ikona Kdy ji pou\u017e\u00edt Co se stane d\u00e1l \ud83d\udc4d Palec nahoru Odpov\u011b\u010f byla u\u017eite\u010dn\u00e1, jasn\u00e1 a p\u0159esn\u00e1. Zap\u00ed\u0161e se pozitivn\u00ed sign\u00e1l. Model i t\u00fdm podpory l\u00e9pe ch\u00e1pou, co funguje. \ud83d\udc4e Palec dol\u016f Odpov\u011b\u010f je chybn\u00e1, ne\u00fapln\u00e1 \u010di zav\u00e1d\u011bj\u00edc\u00ed. Zap\u00ed\u0161e se negativn\u00ed sign\u00e1l. [&hellip;]<\/p>\n","protected":false},"author":63,"featured_media":0,"parent":0,"menu_order":0,"comment_status":"closed","ping_status":"closed","template":"page-sidemenu","meta":{"_acf_changed":false,"_relevanssi_hide_post":"","_relevanssi_hide_content":"","_relevanssi_pin_for_all":"","_relevanssi_pin_keywords":"","_relevanssi_unpin_keywords":"","_relevanssi_related_keywords":"","_relevanssi_related_include_ids":"","_relevanssi_related_exclude_ids":"","_relevanssi_related_no_append":"","_relevanssi_related_not_related":"","_relevanssi_related_posts":"","_relevanssi_noindex_reason":"","footnotes":""},"page_category":[31],"page_tag":[],"service_status_category":[],"class_list":["post-74","page","type-page","status-publish","hentry"],"acf":[],"_links":{"self":[{"href":"https:\/\/o-seznam.cz\/napoveda\/asistent\/wp-json\/wp\/v2\/pages\/74","targetHints":{"allow":["GET"]}}],"collection":[{"href":"https:\/\/o-seznam.cz\/napoveda\/asistent\/wp-json\/wp\/v2\/pages"}],"about":[{"href":"https:\/\/o-seznam.cz\/napoveda\/asistent\/wp-json\/wp\/v2\/types\/page"}],"author":[{"embeddable":true,"href":"https:\/\/o-seznam.cz\/napoveda\/asistent\/wp-json\/wp\/v2\/users\/63"}],"replies":[{"embeddable":true,"href":"https:\/\/o-seznam.cz\/napoveda\/asistent\/wp-json\/wp\/v2\/comments?post=74"}],"version-history":[{"count":23,"href":"https:\/\/o-seznam.cz\/napoveda\/asistent\/wp-json\/wp\/v2\/pages\/74\/revisions"}],"predecessor-version":[{"id":569,"href":"https:\/\/o-seznam.cz\/napoveda\/asistent\/wp-json\/wp\/v2\/pages\/74\/revisions\/569"}],"wp:attachment":[{"href":"https:\/\/o-seznam.cz\/napoveda\/asistent\/wp-json\/wp\/v2\/media?parent=74"}],"wp:term":[{"taxonomy":"page_category","embeddable":true,"href":"https:\/\/o-seznam.cz\/napoveda\/asistent\/wp-json\/wp\/v2\/page_category?post=74"},{"taxonomy":"page_tag","embeddable":true,"href":"https:\/\/o-seznam.cz\/napoveda\/asistent\/wp-json\/wp\/v2\/page_tag?post=74"},{"taxonomy":"service_status_category","embeddable":true,"href":"https:\/\/o-seznam.cz\/napoveda\/asistent\/wp-json\/wp\/v2\/service_status_category?post=74"}],"curies":[{"name":"wp","href":"https:\/\/api.w.org\/{rel}","templated":true}]}}