{"id":72,"date":"2025-05-05T09:17:20","date_gmt":"2025-05-05T07:17:20","guid":{"rendered":"https:\/\/o-seznam.cz\/napoveda\/asistent\/?page_id=72"},"modified":"2025-07-03T07:41:35","modified_gmt":"2025-07-03T05:41:35","slug":"jak-pouzivat-asistenta","status":"publish","type":"page","link":"https:\/\/o-seznam.cz\/napoveda\/asistent\/jak-pouzivat-asistenta\/","title":{"rendered":"Jak za\u010d\u00edt?"},"content":{"rendered":"\n<div class=\"wp-block-group is-vertical is-layout-flex wp-container-core-group-is-layout-fe9cc265 wp-block-group-is-layout-flex\">\n<h2 class=\"wp-block-heading\">Prob\u00edhaj\u00edc\u00ed Beta test<\/h2>\n\n\n\n<p>Asistent je zat\u00edm dostupn\u00fd v beta verzi mal\u00e9mu mno\u017estv\u00ed p\u0159ihl\u00e1\u0161en\u00fdch u\u017eivatel\u016f. Pokud jste p\u0159ihl\u00e1\u0161eni na Seznamu a Asistenta nevid\u00edte, nab\u00eddneme v\u00e1m jej a\u017e v dal\u0161\u00edm kole.<\/p>\n\n\n\n<h2 class=\"wp-block-heading\">P\u0159ihl\u00e1\u0161en\u00ed do Asistenta<\/h2>\n\n\n\n<div class=\"wp-block-group is-vertical is-layout-flex wp-container-core-group-is-layout-fe9cc265 wp-block-group-is-layout-flex\">\n<p>Abyste mohli Asistenta pou\u017e\u00edvat, mus\u00edte b\u00fdt <a href=\"https:\/\/o-seznam.cz\/napoveda\/ucet\/prihlasovani\/jednotne-prihlaseni\/\" data-type=\"link\" data-id=\"https:\/\/o-seznam.cz\/napoveda\/ucet\/prihlasovani\/jednotne-prihlaseni\/\">p\u0159ihl\u00e1\u0161eni ke sv\u00e9mu Seznam \u00fa\u010dtu <\/a>a pou\u017e\u00edvat kompatibiln\u00ed prohl\u00ed\u017ee\u010d, nap\u0159\u00edklad Seznam prohl\u00ed\u017ee\u010d nebo aplikaci, Google Chrome, Firefox, Safari \u010di Edge.<\/p>\n\n\n\n<p>Pokud ani po p\u0159ihl\u00e1\u0161en\u00ed ke sv\u00e9mu Seznam&nbsp;\u00fa\u010dtu nem\u00e1te Asistenta na domovsk\u00e9 str\u00e1nce Seznamu p\u0159\u00edstup, pravd\u011bpodobn\u011b je\u0161t\u011b nejste za\u0159azeni do beta programu. <\/p>\n<\/div>\n<\/div>\n\n\n\n<div class=\"wp-block-group is-layout-constrained wp-block-group-is-layout-constrained\">\n<h2 class=\"wp-block-heading\">Z\u00e1kladn\u00ed rady k pou\u017eit\u00ed<\/h2>\n\n\n\n<div class=\"wp-block-group is-vertical is-layout-flex wp-container-core-group-is-layout-fe9cc265 wp-block-group-is-layout-flex\">\n<h3 class=\"wp-block-heading\">Nesd\u00edlejte citliv\u00e9 informace<\/h3>\n<\/div>\n\n\n\n<div class=\"wp-block-group is-vertical is-layout-flex wp-container-core-group-is-layout-fe9cc265 wp-block-group-is-layout-flex\">\n<div class=\"wp-block-group is-vertical is-layout-flex wp-container-core-group-is-layout-fe9cc265 wp-block-group-is-layout-flex\">\n<ul class=\"wp-block-list\">\n<li><strong>Intern\u00ed firemn\u00ed dokumenty \u010di neve\u0159ejn\u00e9 projekty<\/strong> <\/li>\n\n\n\n<li><strong>Identifika\u010dn\u00ed \u00fadaje<\/strong> (rodn\u00e9 \u010d\u00edslo, \u010d\u00edslo OP, pas)<\/li>\n\n\n\n<li><strong>P\u0159ihla\u0161ovac\u00ed \u00fadaje<\/strong> (hesla, jednor\u00e1zov\u00e9 k\u00f3dy)<\/li>\n\n\n\n<li><strong>Finan\u010dn\u00ed informace<\/strong> (\u010d\u00edsla platebn\u00edch karet, bankovn\u00ed \u00fa\u010dty)<\/li>\n\n\n\n<li><strong>Zdravotn\u00ed a jin\u00e9 citliv\u00e9 osobn\u00ed \u00fadaje<\/strong><\/li>\n<\/ul>\n\n\n\n<h3 class=\"wp-block-heading\">Ov\u011b\u0159ujte si fakta<\/h3>\n\n\n\n<p>Asistent se sna\u017e\u00ed d\u00e1vat co nejp\u0159esn\u011bj\u0161\u00ed a nejaktu\u00e1ln\u011bj\u0161\u00ed informace, ale je zalo\u017een na generativn\u00edch jazykov\u00fdch modelech (SeLLMa + OpenAI), kter\u00e9 mohou n\u011bkdy poskytovat nep\u0159esn\u00e9 informace a je nutn\u00e9 si fakta ov\u011b\u0159ovat.<\/p>\n\n\n\n<h4 class=\"wp-block-heading\">Jak ov\u011b\u0159ovat fakta?<\/h4>\n\n\n\n<ul class=\"wp-block-list\">\n<li><strong>D\u016fle\u017eit\u00e9 v\u011bci v\u017edy ov\u011b\u0159te<\/strong> z v\u00edce d\u016fv\u011bryhodn\u00fdch zdroj\u016f (zvl\u00e1\u0161\u0165 u zdravotn\u00edch, pr\u00e1vn\u00edch \u010di finan\u010dn\u00edch dotaz\u016f).<\/li>\n\n\n\n<li><strong>Pod\u00edvejte se na citace<\/strong> (kdy\u017e je Asistent nab\u00edz\u00ed) a zkontrolujte origin\u00e1ln\u00ed str\u00e1nky.<\/li>\n\n\n\n<li><strong>Dopl\u0148te kontext \/ up\u0159esn\u011bte ot\u00e1zku<\/strong>, pokud dostanete ne\u00faplnou nebo podivnou odpov\u011b\u010f.<\/li>\n\n\n\n<li><strong>Nahlaste chybu<\/strong> kliknut\u00edm na \u201ePalec dol\u016f\u201c \/ \u201eNahl\u00e1sit\u201c, pom\u00e1h\u00e1 n\u00e1m to model d\u00e1l zlep\u0161ovat.<\/li>\n<\/ul>\n\n\n\n<h2 class=\"wp-block-heading\">Personalizace Seznam Asistenta<\/h2>\n\n\n\n<p>Seznam Asistent m\u016f\u017ee vyu\u017e\u00edt p\u0159edchoz\u00ed konverzace k\u202fp\u0159esn\u011bj\u0161\u00edm odpov\u011bd\u00edm i k\u202fpersonalizovan\u00e9 reklam\u011b. Podrobnosti naleznete v \u010d\u00e1sti\u202f<a href=\"https:\/\/o-seznam.cz\/napoveda\/asistent\/personalizace-v-asistentovi\/\" data-type=\"page\" data-id=\"84\">Personalizace v Asistentovi<\/a>.<\/p>\n<\/div>\n<\/div>\n\n\n\n<h2 class=\"wp-block-heading\">Bezpe\u010dnost v Asistentovi<\/h2>\n<\/div>\n\n\n\n<p>Pro pr\u016fb\u011b\u017en\u00e9 zdokonalov\u00e1n\u00ed slu\u017eby Seznam Asistent mohou \u0161kolen\u00ed administr\u00e1to\u0159i nahl\u00e9dnout do anonymizovan\u00fdch konverzac\u00ed. Tyto kontroly slou\u017e\u00ed v\u00fdhradn\u011b ke zlep\u0161ov\u00e1n\u00ed kvality odpov\u011bd\u00ed a celkov\u00e9ho fungov\u00e1n\u00ed slu\u017eby.<\/p>\n","protected":false},"excerpt":{"rendered":"<p>Prob\u00edhaj\u00edc\u00ed Beta test Asistent je zat\u00edm dostupn\u00fd v beta verzi mal\u00e9mu mno\u017estv\u00ed p\u0159ihl\u00e1\u0161en\u00fdch u\u017eivatel\u016f. Pokud jste p\u0159ihl\u00e1\u0161eni na Seznamu a Asistenta nevid\u00edte, nab\u00eddneme v\u00e1m jej a\u017e v dal\u0161\u00edm kole. P\u0159ihl\u00e1\u0161en\u00ed do Asistenta Abyste mohli Asistenta pou\u017e\u00edvat, mus\u00edte b\u00fdt p\u0159ihl\u00e1\u0161eni ke sv\u00e9mu Seznam \u00fa\u010dtu a pou\u017e\u00edvat kompatibiln\u00ed prohl\u00ed\u017ee\u010d, nap\u0159\u00edklad Seznam prohl\u00ed\u017ee\u010d nebo aplikaci, Google Chrome, Firefox, [&hellip;]<\/p>\n","protected":false},"author":63,"featured_media":0,"parent":0,"menu_order":0,"comment_status":"closed","ping_status":"closed","template":"page-sidemenu","meta":{"_acf_changed":false,"_relevanssi_hide_post":"","_relevanssi_hide_content":"","_relevanssi_pin_for_all":"","_relevanssi_pin_keywords":"","_relevanssi_unpin_keywords":"","_relevanssi_related_keywords":"","_relevanssi_related_include_ids":"","_relevanssi_related_exclude_ids":"","_relevanssi_related_no_append":"","_relevanssi_related_not_related":"","_relevanssi_related_posts":"","_relevanssi_noindex_reason":"","footnotes":""},"page_category":[31],"page_tag":[],"service_status_category":[],"class_list":["post-72","page","type-page","status-publish","hentry"],"acf":[],"_links":{"self":[{"href":"https:\/\/o-seznam.cz\/napoveda\/asistent\/wp-json\/wp\/v2\/pages\/72","targetHints":{"allow":["GET"]}}],"collection":[{"href":"https:\/\/o-seznam.cz\/napoveda\/asistent\/wp-json\/wp\/v2\/pages"}],"about":[{"href":"https:\/\/o-seznam.cz\/napoveda\/asistent\/wp-json\/wp\/v2\/types\/page"}],"author":[{"embeddable":true,"href":"https:\/\/o-seznam.cz\/napoveda\/asistent\/wp-json\/wp\/v2\/users\/63"}],"replies":[{"embeddable":true,"href":"https:\/\/o-seznam.cz\/napoveda\/asistent\/wp-json\/wp\/v2\/comments?post=72"}],"version-history":[{"count":42,"href":"https:\/\/o-seznam.cz\/napoveda\/asistent\/wp-json\/wp\/v2\/pages\/72\/revisions"}],"predecessor-version":[{"id":545,"href":"https:\/\/o-seznam.cz\/napoveda\/asistent\/wp-json\/wp\/v2\/pages\/72\/revisions\/545"}],"wp:attachment":[{"href":"https:\/\/o-seznam.cz\/napoveda\/asistent\/wp-json\/wp\/v2\/media?parent=72"}],"wp:term":[{"taxonomy":"page_category","embeddable":true,"href":"https:\/\/o-seznam.cz\/napoveda\/asistent\/wp-json\/wp\/v2\/page_category?post=72"},{"taxonomy":"page_tag","embeddable":true,"href":"https:\/\/o-seznam.cz\/napoveda\/asistent\/wp-json\/wp\/v2\/page_tag?post=72"},{"taxonomy":"service_status_category","embeddable":true,"href":"https:\/\/o-seznam.cz\/napoveda\/asistent\/wp-json\/wp\/v2\/service_status_category?post=72"}],"curies":[{"name":"wp","href":"https:\/\/api.w.org\/{rel}","templated":true}]}}