{"id":43,"date":"2025-05-02T13:53:40","date_gmt":"2025-05-02T11:53:40","guid":{"rendered":"https:\/\/o-seznam.cz\/napoveda\/asistent\/?page_id=43"},"modified":"2025-11-25T18:11:28","modified_gmt":"2025-11-25T17:11:28","slug":"nejcastejsi-dotazy","status":"publish","type":"page","link":"https:\/\/o-seznam.cz\/napoveda\/asistent\/nejcastejsi-dotazy\/","title":{"rendered":"Nej\u010dast\u011bj\u0161\u00ed dotazy"},"content":{"rendered":"\n<p><\/p>\n\n\n\n<div class=\"accordion limiter\" data-limiter=\"10\" data-limiter-selector=\"&gt; .accordion__items\">\n\t<div class=\"accordion__items\">\n\n<details class=\"expander is-style-default\">\n\t<summary data-datalayer-name=\"\" data-datalayer-text=\"Co je Seznam Asistent a k \u010demu ho m\u016f\u017eu vyu\u017e\u00edt?\">\n\t\t\t\t<strong>Co je Seznam Asistent a k \u010demu ho m\u016f\u017eu vyu\u017e\u00edt?<\/strong>\n\t\t\t<\/summary>\n\t<div class=\"inner-blocks\">\n\n<p>Seznam Asistent je chytr\u00fd konverza\u010dn\u00ed n\u00e1stroj zalo\u017een\u00fd na um\u011bl\u00e9 inteligenci, kter\u00fd u\u017eivatel\u016fm pom\u00e1h\u00e1 snadno a rychle z\u00edsk\u00e1vat informace. V sou\u010dasn\u00e9 dob\u011b disponuje znalostmi v oblasti zpravodajstv\u00ed a v\u0161eobecn\u00fdch informac\u00ed, kter\u00e9 m\u00e1 Seznam k dispozici, d\u00edky \u010demu\u017e dok\u00e1\u017ee poskytovat odpov\u011bdi p\u0159esn\u011b p\u0159izp\u016fsoben\u00e9 \u010desk\u00e9mu prost\u0159ed\u00ed.&nbsp;<\/p>\n\n<\/div><\/details>\n\n\n\n<details class=\"expander is-style-default\">\n\t<summary data-datalayer-name=\"\" data-datalayer-text=\"Kolik zaplat\u00edm za vyu\u017eit\u00ed Seznam Asistenta?\">\n\t\t\t\t<strong>Kolik zaplat\u00edm za vyu\u017eit\u00ed Seznam Asistenta?<\/strong>\n\t\t\t<\/summary>\n\t<div class=\"inner-blocks\">\n\n<p>Seznam Asistent je pro v\u0161echny u\u017eivatele poskytov\u00e1n zcela zdarma a bez jak\u00fdchkoli skryt\u00fdch poplatk\u016f \u010di p\u0159edplatn\u00e9ho.<\/p>\n\n\n\n<p>Abychom v\u0161em zajistili stejnou kvalitu a rychlost odezvy, m\u00e1 ka\u017ed\u00fd \u00fa\u010det stanoven\u00fd <strong>t\u00fddenn\u00ed strop po\u010dtu dotaz\u016f<\/strong>. Na konci kalend\u00e1\u0159n\u00edho t\u00fddne se tento limit v\u017edy obnov\u00ed. Podrobnosti, v\u010detn\u011b aktu\u00e1ln\u00ed v\u00fd\u0161e limitu, najdete v p\u0159ehledu <a href=\"https:\/\/o-seznam.cz\/napoveda\/asistent\/tarify-a-limity\/\" data-type=\"page\" data-id=\"80\"><strong>Limity pro konverzace<\/strong>.<\/a><\/p>\n\n\n\n<p>U\u017eivatel\u00e9 se slu\u017ebou <strong>Seznam bez reklam<\/strong> maj\u00ed maxim\u00e1ln\u00ed po\u010det dotaz\u016f nav\u00fd\u0161en\u00fd.<\/p>\n\n<\/div><\/details>\n\n\n\n<details class=\"expander is-style-default\">\n\t<summary data-datalayer-name=\"\" data-datalayer-text=\"Kde Seznam asistenta na va\u0161ich str\u00e1nk\u00e1ch najdu \/ jak se na n\u011bj dostanu?\">\n\t\t\t\t<strong>Kde Seznam asistenta na va\u0161ich str\u00e1nk\u00e1ch najdu \/ jak se na n\u011bj dostanu?<\/strong>\n\t\t\t<\/summary>\n\t<div class=\"inner-blocks\">\n\n<p>Aktu\u00e1ln\u011b je Asistent zp\u0159\u00edstupn\u011bn v pilotn\u00edm re\u017eimu pouze \u010d\u00e1sti u\u017eivatel\u016f.<\/p>\n\n\n\n<p>Pokud pat\u0159\u00edte mezi n\u011b, potk\u00e1te ho na:<\/p>\n\n\n\n<ul class=\"wp-block-list\">\n<li>Na\u0161\u00ed hlavn\u00ed str\u00e1nce Seznam.cz.<\/li>\n\n\n\n<li>Str\u00e1nce v\u00fdsledk\u016f Seznam vyhled\u00e1v\u00e1n\u00ed<\/li>\n<\/ul>\n\n\n\n<p>Pokud se ikona zat\u00edm nezobrazuje, znamen\u00e1 to jen, \u017ee v\u00e1\u0161 \u00fa\u010det zat\u00edm nebyl za\u0159azen do testovac\u00ed skupiny. Roz\u0161i\u0159ov\u00e1n\u00ed prob\u00edh\u00e1 postupn\u011b a v nejbli\u017e\u0161\u00edch m\u011bs\u00edc\u00edch Asistenta zp\u0159\u00edstupn\u00edme v\u0161em u\u017eivatel\u016fm. <br>V\u00edce informac\u00ed naleznete v \u010d\u00e1sti <a href=\"https:\/\/o-seznam.cz\/napoveda\/asistent\/beta-verze\/\" data-type=\"page\" data-id=\"307\">Beta verze.<\/a><\/p>\n\n<\/div><\/details>\n\n\n\n<details class=\"expander is-style-default\">\n\t<summary data-datalayer-name=\"\" data-datalayer-text=\"Mohu se na odpov\u011bdi Asistenta spolehnout?\">\n\t\t\t\t<strong>Mohu se na odpov\u011bdi Asistenta spolehnout?<\/strong>\n\t\t\t<\/summary>\n\t<div class=\"inner-blocks\">\n\n<p>Odpov\u011bdi Asistenta jsou generov\u00e1ny na z\u00e1klad\u011b dat z na\u0161eho vyhled\u00e1v\u00e1n\u00ed a dal\u0161\u00edch ov\u011b\u0159en\u00fdch zdroj\u016f Seznamu, v\u00fdjime\u010dn\u011b p\u0159\u00edmo z jazykov\u00e9ho modelu. Jazykov\u00e9 modely mohou ob\u010das \u201ehalucinovat\u201c, ka\u017edop\u00e1dn\u011b d\u011bl\u00e1me v\u0161e pro to, aby byly informace co nejp\u0159esn\u011bj\u0161\u00ed. P\u0159esto je d\u016fle\u017eit\u00e9, abyste si d\u016fle\u017eit\u00e9 informace sami ov\u011b\u0159ovali. Asistent se toti\u017e m\u016f\u017ee n\u011bkdy spl\u00e9st.&nbsp;<br>V\u00edce o p\u0159esnosti odpov\u011bd\u00ed se m\u016f\u017eete dozv\u011bd\u011bt v \u010d\u00e1sti <a href=\"https:\/\/o-seznam.cz\/napoveda\/asistent\/jak-pouzivat-asistenta\/\" data-type=\"page\" data-id=\"72\">Jak za\u010d\u00edt.<\/a><\/p>\n\n<\/div><\/details>\n\n\n\n<details class=\"expander is-style-default\">\n\t<summary data-datalayer-name=\"\" data-datalayer-text=\"Asistent mi hl\u00e1s\u00ed chybu &quot;Spojen\u00ed nebylo mo\u017en\u00e9 nav\u00e1zat&quot;.\">\n\t\t\t\t<strong>Asistent mi hl\u00e1s\u00ed chybu &quot;Spojen\u00ed nebylo mo\u017en\u00e9 nav\u00e1zat&quot;.<\/strong>\n\t\t\t<\/summary>\n\t<div class=\"inner-blocks\">\n\n<p>Pravd\u011bpodobn\u011b tento probl\u00e9m zp\u016fsobuj\u00ed blok\u00e1tory reklamy (adblocker) v prohl\u00ed\u017ee\u010di. Zkuste je deaktivovat a str\u00e1nku na\u010d\u00edst znovu.<\/p>\n\n\n\n<figure class=\"wp-block-image size-full\"><img loading=\"lazy\" decoding=\"async\" width=\"957\" height=\"109\" src=\"https:\/\/o-seznam.cz\/napoveda\/asistent\/wp-content\/uploads\/sites\/26\/2025\/11\/obrazek-11.png\" alt=\"\" class=\"wp-image-595\" srcset=\"https:\/\/o-seznam.cz\/napoveda\/asistent\/wp-content\/uploads\/sites\/26\/2025\/11\/obrazek-11.png 957w, https:\/\/o-seznam.cz\/napoveda\/asistent\/wp-content\/uploads\/sites\/26\/2025\/11\/obrazek-11-320x36.png 320w, https:\/\/o-seznam.cz\/napoveda\/asistent\/wp-content\/uploads\/sites\/26\/2025\/11\/obrazek-11-768x87.png 768w\" sizes=\"auto, (max-width: 957px) 100vw, 957px\" \/><\/figure>\n\n<\/div><\/details>\n\n\n\n<details class=\"expander is-style-default\">\n\t<summary data-datalayer-name=\"\" data-datalayer-text=\"Kde se s Asistentem potk\u00e1m p\u0159i spu\u0161t\u011bn\u00ed?\">\n\t\t\t\t<strong>Kde se s Asistentem potk\u00e1m p\u0159i spu\u0161t\u011bn\u00ed?<\/strong>\n\t\t\t<\/summary>\n\t<div class=\"inner-blocks\">\n\n<p>Na homepage Seznam.cz a v\u00fdsledk\u016f vyhled\u00e1v\u00e1n\u00ed. Dal\u0161\u00ed m\u00edsta v r\u00e1mci platformy Seznam.cz jako je mobiln\u00ed aplikace, oborov\u00e9 a obsahov\u00e9 slu\u017eby p\u0159ijdou pozd\u011bji.<\/p>\n\n<\/div><\/details>\n\n\n\n<details class=\"expander is-style-default\">\n\t<summary data-datalayer-name=\"\" data-datalayer-text=\"Jak nahl\u00e1s\u00edm chybnou nebo nevhodnou odpov\u011b\u010f.\">\n\t\t\t\t<strong>Jak nahl\u00e1s\u00edm chybnou nebo nevhodnou odpov\u011b\u010f.<\/strong>\n\t\t\t<\/summary>\n\t<div class=\"inner-blocks\">\n\n<p>Ka\u017edou odpov\u011b\u010f m\u016f\u017eete ohodnotit pomoc\u00ed palce nahoru nebo dol\u016f, kter\u00e9 naleznete pod odpov\u011bd\u00ed Asistenta. Va\u0161e zp\u011btn\u00e1 vazba n\u00e1m pom\u00e1h\u00e1 slu\u017ebu vylep\u0161ovat. V\u00edce naleznete v \u010d\u00e1sti <a href=\"https:\/\/o-seznam.cz\/napoveda\/asistent\/hlaseni-problemu-a-podpora\/\">Hl\u00e1\u0161en\u00ed probl\u00e9mu a podpora.<\/a><\/p>\n\n<\/div><\/details>\n\n\n\n<details class=\"expander is-style-default\">\n\t<summary data-datalayer-name=\"\" data-datalayer-text=\"Jak\u00e9 jazykov\u00e9 modely asistent vyu\u017e\u00edv\u00e1?\">\n\t\t\t\t<strong>Jak\u00e9 jazykov\u00e9 modely asistent vyu\u017e\u00edv\u00e1?<\/strong>\n\t\t\t<\/summary>\n\t<div class=\"inner-blocks\">\n\n<p>Aktu\u00e1ln\u011b spol\u00e9h\u00e1me na kombinaci na\u0161eho vlastn\u00edho velk\u00e9ho jazykov\u00e9ho modelu SeLLMa a vybran\u00fdch velk\u00fdch jazykov\u00fdch model\u016f, jejich\u017e dodavatelem je spole\u010dnost Microsoft, kde vyu\u017e\u00edv\u00e1me slu\u017eby Azure s modelem od OpenAI. Sou\u010dasn\u011b v Seznamu intenzivn\u011b pracujeme na tom, aby Asistent v budoucnu fungoval v\u00fdhradn\u011b na intern\u00edm modelu SeLLMa.<\/p>\n\n<\/div><\/details>\n\n\n\n<details class=\"expander is-style-default\">\n\t<summary data-datalayer-name=\"\" data-datalayer-text=\"Kter\u00e9 slu\u017eby Seznamu jsou v prvn\u00ed verzi napojen\u00e9?\">\n\t\t\t\t<strong>Kter\u00e9 slu\u017eby Seznamu jsou v prvn\u00ed verzi napojen\u00e9?<\/strong>\n\t\t\t<\/summary>\n\t<div class=\"inner-blocks\">\n\n<p>V Asistentovi v sou\u010dasnosti pou\u017e\u00edv\u00e1me data z webov\u00e9ho a zpravodajsk\u00e9ho indexu Seznam Vyhled\u00e1v\u00e1n\u00ed a data z Po\u010das\u00ed.cz.<\/p>\n\n<\/div><\/details>\n\n\n\n<details class=\"expander is-style-default\">\n\t<summary data-datalayer-name=\"\" data-datalayer-text=\"Asistent mi odm\u00edtl odpov\u011bd\u011bt, pro\u010d?\">\n\t\t\t\t<strong>Asistent mi odm\u00edtl odpov\u011bd\u011bt, pro\u010d?<\/strong>\n\t\t\t<\/summary>\n\t<div class=\"inner-blocks\">\n\n<p>Abychom v\u00e1m mohli nab\u00eddnout co nejbezpe\u010dn\u011bj\u0161\u00ed a nejspolehliv\u011bj\u0161\u00ed slu\u017ebu, je sou\u010d\u00e1st\u00ed Seznam Asistenta i bezpe\u010dnostn\u00ed vrstva, kter\u00e1 sleduje z\u00e1vadnost dotaz\u016f i odpov\u011bd\u00ed. Tato ochrana je tu proto, aby zabr\u00e1nila \u0161\u00ed\u0159en\u00ed \u0161kodliv\u00e9ho, nepravdiv\u00e9ho nebo nevhodn\u00e9ho obsahu.<\/p>\n\n\n\n<p>Syst\u00e9m se st\u00e1le lad\u00ed. Chceme naj\u00edt spr\u00e1vnou rovnov\u00e1hu mezi otev\u0159enost\u00ed a bezpe\u010dnost\u00ed. M\u016f\u017ee se tedy st\u00e1t, \u017ee Asistent n\u011bkdy neodpov\u00ed i na dotaz, kter\u00fd pova\u017eujete za nevinn\u00fd. Pokud se to stane a vy si p\u0159ejete odpov\u011b\u010f, budeme r\u00e1di, kdy\u017e kliknete na <strong>palec dol\u016f<\/strong> pod odpov\u011bd\u00ed. T\u00edm n\u00e1m d\u00e1te v\u011bd\u011bt, \u017ee s odpov\u011bd\u00ed nejste spokojeni, a pom\u016f\u017eete n\u00e1m slu\u017ebu d\u00e1l vylep\u0161ovat.<\/p>\n\n<\/div><\/details>\n\n\n\n<details class=\"expander is-style-default limiter-item-hidden\">\n\t<summary data-datalayer-name=\"\" data-datalayer-text=\"Jak\u00e9 citliv\u00e9 \u00fadaje bych nikdy nem\u011bl(a) zad\u00e1vat do Seznam Asistenta?\">\n\t\t\t\t<strong>Jak\u00e9 citliv\u00e9 \u00fadaje bych nikdy nem\u011bl(a) zad\u00e1vat do Seznam Asistenta?<\/strong>\n\t\t\t<\/summary>\n\t<div class=\"inner-blocks\">\n\n<p>Do chatu vkl\u00e1dejte jen informace, kter\u00e9 byste bez obav sd\u00edleli ve\u0159ejn\u011b. Citliv\u00e9 \u00fadaje jako jsou \u010d\u00edsla platebn\u00edch karet, rodn\u00e1 \u010d\u00edsla, hesla nebo osobn\u00ed data t\u0159et\u00edch osob. Do asisenta nepat\u0159\u00ed, proto\u017ee zadan\u00e9 vstupy se kr\u00e1tkodob\u011b ukl\u00e1daj\u00ed, mohou b\u00fdt pou\u017eity ke zlep\u0161ov\u00e1n\u00ed slu\u017eby a za jejich z\u00e1konnost nesete odpov\u011bdnost vy. Z bezpe\u010dnostn\u00edch d\u016fvod\u016f je tak\u00e9 zak\u00e1z\u00e1no pos\u00edlat nez\u00e1konn\u00fd, nen\u00e1vistn\u00fd \u010di jinak \u0161kodliv\u00fd obsah.<br>V\u00edce naleznete v \u010d\u00e1sti <a href=\"https:\/\/o-seznam.cz\/napoveda\/asistent\/jak-pouzivat-asistenta\/\" data-type=\"page\" data-id=\"72\">Jak Za\u010d\u00edt<\/a>.<\/p>\n\n<\/div><\/details>\n\n\n\n<details class=\"expander is-style-default limiter-item-hidden\">\n\t<summary data-datalayer-name=\"\" data-datalayer-text=\"M\u016f\u017ee m\u00e9 konverzace se Seznam Asistent  vid\u011bt n\u011bkdo jin\u00fd ne\u017e j\u00e1?\">\n\t\t\t\t<strong>M\u016f\u017ee m\u00e9 konverzace se Seznam Asistent  vid\u011bt n\u011bkdo jin\u00fd ne\u017e j\u00e1?<\/strong>\n\t\t\t<\/summary>\n\t<div class=\"inner-blocks\">\n\n<p>Va\u0161e chaty standardn\u011b vid\u00edte jen vy. Provozovatel ale m\u016f\u017ee do anonymizovan\u00fdch \u00faryvk\u016f nahl\u00e9dnout prost\u0159ednictv\u00edm omezen\u00e9ho t\u00fdm administr\u00e1tor\u016f \u010di anot\u00e1tor\u016f, aby ov\u011b\u0159il bezpe\u010dnost a kvalitu slu\u017eby.&nbsp; V\u00edce<a href=\"https:\/\/o-seznam.cz\/napoveda\/asistent\/podminky-pro-pouzivani-seznam-asistenta\/\" target=\"_blank\" rel=\"noreferrer noopener\"> v podm\u00ednk\u00e1ch slu\u017eby<\/a> a <a href=\"https:\/\/o-seznam.cz\/napoveda\/asistent\/jak-pouzivat-asistenta\/\" target=\"_blank\" rel=\"noreferrer noopener\">Jak za\u010d\u00edt<\/a>.&nbsp;<\/p>\n\n<\/div><\/details>\n\n\n\n<details class=\"expander is-style-default limiter-item-hidden\">\n\t<summary data-datalayer-name=\"\" data-datalayer-text=\"Jsem autorem obsahu a nep\u0159eji si, aby asistent pou\u017e\u00edval m\u00e9 str\u00e1nky jako odpov\u011b\u010f na dotazy.\">\n\t\t\t\t<strong>Jsem autorem obsahu a nep\u0159eji si, aby asistent pou\u017e\u00edval m\u00e9 str\u00e1nky jako odpov\u011b\u010f na dotazy.<\/strong>\n\t\t\t<\/summary>\n\t<div class=\"inner-blocks\">\n\n<p>Pln\u011b respektujeme pravidla, kter\u00e1 si vydavatel\u00e9 nastavuj\u00ed prost\u0159ednictv\u00edm souboru\u202frobots.txt a meta-tag\u016f. Pokud str\u00e1nka obsahuje nap\u0159\u00edklad p\u0159\u00edznaky MachineLearning disallow nebo nosnippet, jej\u00ed obsah v odpov\u011bd\u00edch generovan\u00fdch AI v\u016fbec nepou\u017e\u00edv\u00e1me.&nbsp;&nbsp;<\/p>\n\n\n\n<p>Pokud se chcete z Asistenta odhl\u00e1sit, n\u00e1vod najdete n\u00ed\u017ee. Ne\u017e se ale rozhodnete, ozv\u011bte se n\u00e1m a my si r\u00e1di vyslechneme v\u00e1\u0161 pohled. Asistent je nov\u00e1 p\u0159\u00edle\u017eitost, jak v\u00e1\u0161 obsah zp\u0159\u00edstupnit lidem. V\u017edy f\u00e9rov\u011b uv\u00e1d\u00edme, odkud \u010derp\u00e1me a d\u00e1v\u00e1me u\u017eivatel\u016fm mo\u017enost se dozv\u011bd\u011bt v\u00edce na va\u0161em webu. Zat\u00edm b\u011b\u017e\u00edme v betaverzi pro omezen\u00fd po\u010det u\u017eivatel\u016f \u2013 chceme co nejl\u00e9pe pochopit, co od Asistenta \u010dekaj\u00ed, jak ho pou\u017e\u00edvaj\u00ed, a i s va\u0161\u00ed pomoc\u00ed dotvo\u0159it jeho budouc\u00ed podobu.<\/p>\n\n\n\n<p>Pokud si i tak nep\u0159ejete, aby Seznam Asistent zobrazoval \u010di jinak vyu\u017e\u00edval obsah z va\u0161\u00ed webov\u00e9 str\u00e1nky, sta\u010d\u00ed zak\u00e1zat vytv\u00e1\u0159en\u00ed snippet\u016f pro SeznamBot. Podrobn\u00fd postup (v\u010detn\u011b pou\u017eit\u00ed meta tagu nosnippet) najdete <a href=\"https:\/\/o-seznam.cz\/napoveda\/vyhledavani\/seznambot\/zakazani-tvorby-snippetu\/#sumarizace\" rel=\"noreferrer noopener\" target=\"_blank\">v na\u0161\u00ed n\u00e1pov\u011bd\u011b.<\/a><\/p>\n\n<\/div><\/details>\n\n\n\n<details class=\"expander is-style-default limiter-item-hidden\">\n\t<summary data-datalayer-name=\"\" data-datalayer-text=\"Jak\u00e9 jsou denn\u00ed \u010di t\u00fddenn\u00ed limity zpr\u00e1v?\">\n\t\t\t\t<strong>Jak\u00e9 jsou denn\u00ed \u010di t\u00fddenn\u00ed limity zpr\u00e1v?<\/strong>\n\t\t\t<\/summary>\n\t<div class=\"inner-blocks\">\n\n<p>Pro u\u017eivatele bez \u016f\u010dtu Seznam bez reklam je t\u00fddenn\u00ed limit 100 dotaz\u016f. V\u00edce se m\u016f\u017eete dozv\u011bd\u011bt <a href=\"https:\/\/o-seznam.cz\/napoveda\/asistent\/tarify-a-limity\/\">zde<\/a><\/p>\n\n<\/div><\/details>\n\n\n\n<details class=\"expander is-style-default limiter-item-hidden\">\n\t<summary data-datalayer-name=\"\" data-datalayer-text=\"Pro\u010d n\u011bkdy trv\u00e1 odpov\u011b\u010f Asistenta d\u00e9le ne\u017e obvykle?\">\n\t\t\t\t<strong>Pro\u010d n\u011bkdy trv\u00e1 odpov\u011b\u010f Asistenta d\u00e9le ne\u017e obvykle?<\/strong>\n\t\t\t<\/summary>\n\t<div class=\"inner-blocks\">\n\n<p>Rychlost odpov\u011bdi Asistenta z\u00e1vis\u00ed na tom, kolik informac\u00ed mus\u00ed Asistent zpracovat pro odpov\u011b\u010f na Va\u0161i ot\u00e1zku. Kr\u00e1tk\u00e9 dotazy jako \u201eKolik je 17 \u00d7 42?\u201c, \u201eKdy se narodil Karel IV.?\u201c nebo \u201eJak\u00e9 bude dnes po\u010das\u00ed v Brn\u011b?\u201c vy\u017eaduj\u00ed jen p\u00e1r ov\u011b\u0159en\u00ed, tak\u017ee asistent odpov\u00ed do p\u00e1r vte\u0159in. <br>Slo\u017eit\u011bj\u0161\u00ed dotazy, kdy mus\u00ed Asistent pro\u010d\u00edst des\u00edtky dokument\u016f a sestavit del\u0161\u00ed shrnut\u00ed. <br>Nap\u0159: \u201eCo se tento t\u00fdden p\u00ed\u0161e o Americk\u00e9m prezidentovi \u2026\u201c,<br> \u201eShr\u0148 mi ud\u00e1losti z minul\u00e9ho t\u00fddne.\u201c<\/p>\n\n<\/div><\/details>\n\n<\/div><\/div>\n\n","protected":false},"excerpt":{"rendered":"","protected":false},"author":63,"featured_media":0,"parent":0,"menu_order":0,"comment_status":"closed","ping_status":"closed","template":"page-sidemenu","meta":{"_acf_changed":false,"_relevanssi_hide_post":"","_relevanssi_hide_content":"","_relevanssi_pin_for_all":"","_relevanssi_pin_keywords":"","_relevanssi_unpin_keywords":"","_relevanssi_related_keywords":"","_relevanssi_related_include_ids":"","_relevanssi_related_exclude_ids":"","_relevanssi_related_no_append":"","_relevanssi_related_not_related":"","_relevanssi_related_posts":"","_relevanssi_noindex_reason":"","footnotes":""},"page_category":[31],"page_tag":[],"service_status_category":[],"class_list":["post-43","page","type-page","status-publish","hentry"],"acf":[],"_links":{"self":[{"href":"https:\/\/o-seznam.cz\/napoveda\/asistent\/wp-json\/wp\/v2\/pages\/43","targetHints":{"allow":["GET"]}}],"collection":[{"href":"https:\/\/o-seznam.cz\/napoveda\/asistent\/wp-json\/wp\/v2\/pages"}],"about":[{"href":"https:\/\/o-seznam.cz\/napoveda\/asistent\/wp-json\/wp\/v2\/types\/page"}],"author":[{"embeddable":true,"href":"https:\/\/o-seznam.cz\/napoveda\/asistent\/wp-json\/wp\/v2\/users\/63"}],"replies":[{"embeddable":true,"href":"https:\/\/o-seznam.cz\/napoveda\/asistent\/wp-json\/wp\/v2\/comments?post=43"}],"version-history":[{"count":52,"href":"https:\/\/o-seznam.cz\/napoveda\/asistent\/wp-json\/wp\/v2\/pages\/43\/revisions"}],"predecessor-version":[{"id":599,"href":"https:\/\/o-seznam.cz\/napoveda\/asistent\/wp-json\/wp\/v2\/pages\/43\/revisions\/599"}],"wp:attachment":[{"href":"https:\/\/o-seznam.cz\/napoveda\/asistent\/wp-json\/wp\/v2\/media?parent=43"}],"wp:term":[{"taxonomy":"page_category","embeddable":true,"href":"https:\/\/o-seznam.cz\/napoveda\/asistent\/wp-json\/wp\/v2\/page_category?post=43"},{"taxonomy":"page_tag","embeddable":true,"href":"https:\/\/o-seznam.cz\/napoveda\/asistent\/wp-json\/wp\/v2\/page_tag?post=43"},{"taxonomy":"service_status_category","embeddable":true,"href":"https:\/\/o-seznam.cz\/napoveda\/asistent\/wp-json\/wp\/v2\/service_status_category?post=43"}],"curies":[{"name":"wp","href":"https:\/\/api.w.org\/{rel}","templated":true}]}}