{"id":4,"date":"2025-04-04T15:13:37","date_gmt":"2025-04-04T13:13:37","guid":{"rendered":"https:\/\/o-seznam.cz\/napoveda\/asistent\/?page_id=4"},"modified":"2025-11-25T18:11:57","modified_gmt":"2025-11-25T17:11:57","slug":"napoveda-seznam-asistent","status":"publish","type":"page","link":"https:\/\/o-seznam.cz\/napoveda\/asistent\/","title":{"rendered":"Seznam Asistent"},"content":{"rendered":"\n<div class=\"wp-block-group alignwide is-layout-constrained wp-block-group-is-layout-constrained\">\n<div class=\"wp-block-group alignwide is-layout-constrained wp-block-group-is-layout-constrained\"><div class=\"alignwide alignwide wp-block-seznam-hero\"><div class=\"cover is-hero is-hero-default has-mobile-image bg-neutral-40\"><img decoding=\"async\" width=\"1280\" height=\"512\" src=\"https:\/\/o-seznam.cz\/napoveda\/asistent\/wp-content\/uploads\/sites\/26\/2025\/11\/asistent-hero.jpg\" class=\"cover__media cover__media--desktop\" alt=\"\" fetchpriority=\"high\" srcset=\"https:\/\/o-seznam.cz\/napoveda\/asistent\/wp-content\/uploads\/sites\/26\/2025\/11\/asistent-hero.jpg 2000w, https:\/\/o-seznam.cz\/napoveda\/asistent\/wp-content\/uploads\/sites\/26\/2025\/11\/asistent-hero-992x397.jpg 992w, https:\/\/o-seznam.cz\/napoveda\/asistent\/wp-content\/uploads\/sites\/26\/2025\/11\/asistent-hero-1984x794.jpg 1984w, https:\/\/o-seznam.cz\/napoveda\/asistent\/wp-content\/uploads\/sites\/26\/2025\/11\/asistent-hero-320x128.jpg 320w, https:\/\/o-seznam.cz\/napoveda\/asistent\/wp-content\/uploads\/sites\/26\/2025\/11\/asistent-hero-768x307.jpg 768w, https:\/\/o-seznam.cz\/napoveda\/asistent\/wp-content\/uploads\/sites\/26\/2025\/11\/asistent-hero-1536x614.jpg 1536w\" sizes=\"(max-width: 1280px) 100vw, 1280px\" \/><img decoding=\"async\" width=\"608\" height=\"541\" src=\"https:\/\/o-seznam.cz\/napoveda\/asistent\/wp-content\/uploads\/sites\/26\/2025\/11\/asistent-mobile.jpg\" class=\"cover__media cover__media--mobile\" alt=\"\" fetchpriority=\"high\" srcset=\"https:\/\/o-seznam.cz\/napoveda\/asistent\/wp-content\/uploads\/sites\/26\/2025\/11\/asistent-mobile.jpg 1052w, https:\/\/o-seznam.cz\/napoveda\/asistent\/wp-content\/uploads\/sites\/26\/2025\/11\/asistent-mobile-992x883.jpg 992w, https:\/\/o-seznam.cz\/napoveda\/asistent\/wp-content\/uploads\/sites\/26\/2025\/11\/asistent-mobile-320x285.jpg 320w, https:\/\/o-seznam.cz\/napoveda\/asistent\/wp-content\/uploads\/sites\/26\/2025\/11\/asistent-mobile-768x683.jpg 768w\" sizes=\"(max-width: 608px) 100vw, 608px\" \/><div class=\"cover__dim\" style=\"opacity:0.1\"><\/div><div class=\"cover__content is-layout-constrained\">\n\n<h1 class=\"wp-block-heading has-text-align-left\">N\u00e1pov\u011bda<br>Seznam Asistent<\/h1>\n\n\n\n<div class=\"wp-block-group is-content-justification-left is-layout-constrained wp-container-core-group-is-layout-59d06cab wp-block-group-is-layout-constrained\">\n<p>Objevte, jak s Asistentem od Seznamu nach\u00e1zet odpov\u011bdi rychle a p\u0159ehledn\u011b.<\/p>\n<\/div>\n\n<\/div><\/div><\/div>\n\n\n\n\n\n<p><\/p>\n<\/div>\n<\/div>\n\n\n\n<div class=\"wp-block-group is-layout-constrained wp-block-group-is-layout-constrained\">\n<h2 class=\"wp-block-heading\">Nej\u010dast\u011bj\u0161\u00ed dotazy<\/h2>\n\n\n\n<div class=\"accordion limiter\" data-limiter=\"5\" data-limiter-selector=\"&gt; .accordion__items\">\n\t<div class=\"accordion__items\">\n\n<details class=\"expander is-style-default\">\n\t<summary data-datalayer-name=\"\" data-datalayer-text=\"Co je Seznam Asistent a k \u010demu ho m\u016f\u017eu vyu\u017e\u00edt?\">\n\t\t\t\t<strong>Co je Seznam Asistent a k \u010demu ho m\u016f\u017eu vyu\u017e\u00edt?<\/strong>\n\t\t\t<\/summary>\n\t<div class=\"inner-blocks\">\n\n<p>Seznam Asistent je chytr\u00fd konverza\u010dn\u00ed n\u00e1stroj zalo\u017een\u00fd na um\u011bl\u00e9 inteligenci, kter\u00fd u\u017eivatel\u016fm pom\u00e1h\u00e1 snadno a rychle z\u00edsk\u00e1vat informace. V sou\u010dasn\u00e9 dob\u011b disponuje znalostmi v oblasti zpravodajstv\u00ed a v\u0161eobecn\u00fdch informac\u00ed, kter\u00e9 m\u00e1 Seznam k dispozici, d\u00edky \u010demu\u017e dok\u00e1\u017ee poskytovat odpov\u011bdi p\u0159esn\u011b p\u0159izp\u016fsoben\u00e9 \u010desk\u00e9mu prost\u0159ed\u00ed.&nbsp;<\/p>\n\n<\/div><\/details>\n\n\n\n<details class=\"expander is-style-default\">\n\t<summary data-datalayer-name=\"\" data-datalayer-text=\"Kolik zaplat\u00edm za vyu\u017eit\u00ed Seznam Asistenta?\">\n\t\t\t\t<strong>Kolik zaplat\u00edm za vyu\u017eit\u00ed Seznam Asistenta?<\/strong>\n\t\t\t<\/summary>\n\t<div class=\"inner-blocks\">\n\n<p>Seznam Asistent je pro v\u0161echny u\u017eivatele poskytov\u00e1n zcela zdarma a bez jak\u00fdchkoli skryt\u00fdch poplatk\u016f \u010di p\u0159edplatn\u00e9ho.<\/p>\n\n\n\n<p>Abychom v\u0161em zajistili stejnou kvalitu a rychlost odezvy, m\u00e1 ka\u017ed\u00fd \u00fa\u010det stanoven\u00fd <strong>t\u00fddenn\u00ed strop po\u010dtu dotaz\u016f<\/strong>. Na konci kalend\u00e1\u0159n\u00edho t\u00fddne se tento limit v\u017edy obnov\u00ed. Podrobnosti, v\u010detn\u011b aktu\u00e1ln\u00ed v\u00fd\u0161e limitu, najdete v p\u0159ehledu <a href=\"https:\/\/o-seznam.cz\/napoveda\/asistent\/tarify-a-limity\/\" data-type=\"page\" data-id=\"80\"><strong>Limity pro konverzace<\/strong>.<\/a><\/p>\n\n\n\n<p>U\u017eivatel\u00e9 se slu\u017ebou <strong>Seznam bez reklam<\/strong> maj\u00ed maxim\u00e1ln\u00ed po\u010det dotaz\u016f nav\u00fd\u0161en\u00fd.<\/p>\n\n<\/div><\/details>\n\n\n\n<details class=\"expander is-style-default\">\n\t<summary data-datalayer-name=\"\" data-datalayer-text=\"Kde Seznam Asistenta na va\u0161ich str\u00e1nk\u00e1ch najdu \/ jak se na n\u011bj dostanu?\">\n\t\t\t\t<strong>Kde Seznam Asistenta na va\u0161ich str\u00e1nk\u00e1ch najdu \/ jak se na n\u011bj dostanu?<\/strong>\n\t\t\t<\/summary>\n\t<div class=\"inner-blocks\">\n\n<p>Aktu\u00e1ln\u011b je Asistent zp\u0159\u00edstupn\u011bn v pilotn\u00edm re\u017eimu pouze \u010d\u00e1sti u\u017eivatel\u016f.<\/p>\n\n\n\n<p>Pokud pat\u0159\u00edte mezi n\u011b, potk\u00e1te ho na:<\/p>\n\n\n\n<ul class=\"wp-block-list\">\n<li><strong>Na\u0161\u00ed domovsk\u00e9 str\u00e1nce Seznam.cz<\/strong>.<\/li>\n\n\n\n<li><strong>Str\u00e1nce v\u00fdsledk\u016f Seznam Vyhled\u00e1v\u00e1n\u00ed<\/strong>.<\/li>\n<\/ul>\n\n\n\n<p>Pokud se ikona zat\u00edm nezobrazuje, znamen\u00e1 to jen, \u017ee v\u00e1\u0161 \u00fa\u010det zat\u00edm nebyl za\u0159azen do testovac\u00ed skupiny. Roz\u0161i\u0159ov\u00e1n\u00ed prob\u00edh\u00e1 postupn\u011b. V\u00edce informac\u00ed naleznete v \u010d\u00e1sti <a href=\"https:\/\/o-seznam.cz\/napoveda\/asistent\/beta-verze\/\" data-type=\"page\" data-id=\"307\">Beta verze.<\/a><\/p>\n\n<\/div><\/details>\n\n\n\n<details class=\"expander is-style-default\">\n\t<summary data-datalayer-name=\"\" data-datalayer-text=\"Asistent mi hl\u00e1s\u00ed chybu &quot;Spojen\u00ed nebylo mo\u017en\u00e9 nav\u00e1zat&quot;.\">\n\t\t\t\t<strong>Asistent mi hl\u00e1s\u00ed chybu &quot;Spojen\u00ed nebylo mo\u017en\u00e9 nav\u00e1zat&quot;.<\/strong>\n\t\t\t<\/summary>\n\t<div class=\"inner-blocks\">\n\n<p>Pravd\u011bpodobn\u011b tento probl\u00e9m zp\u016fsobuj\u00ed blok\u00e1tory reklamy (adblocker) v prohl\u00ed\u017ee\u010di. Zkuste je deaktivovat a str\u00e1nku na\u010d\u00edst znovu. <\/p>\n\n\n\n<figure class=\"wp-block-image size-full\"><img loading=\"lazy\" decoding=\"async\" width=\"957\" height=\"109\" src=\"https:\/\/o-seznam.cz\/napoveda\/asistent\/wp-content\/uploads\/sites\/26\/2025\/11\/obrazek-11.png\" alt=\"\" class=\"wp-image-595\" srcset=\"https:\/\/o-seznam.cz\/napoveda\/asistent\/wp-content\/uploads\/sites\/26\/2025\/11\/obrazek-11.png 957w, https:\/\/o-seznam.cz\/napoveda\/asistent\/wp-content\/uploads\/sites\/26\/2025\/11\/obrazek-11-320x36.png 320w, https:\/\/o-seznam.cz\/napoveda\/asistent\/wp-content\/uploads\/sites\/26\/2025\/11\/obrazek-11-768x87.png 768w\" sizes=\"auto, (max-width: 957px) 100vw, 957px\" \/><\/figure>\n\n<\/div><\/details>\n\n\n\n<details class=\"expander is-style-default\">\n\t<summary data-datalayer-name=\"\" data-datalayer-text=\"Jak nahl\u00e1s\u00edm chybnou nebo nevhodnou odpov\u011b\u010f.\">\n\t\t\t\t<strong>Jak nahl\u00e1s\u00edm chybnou nebo nevhodnou odpov\u011b\u010f.<\/strong>\n\t\t\t<\/summary>\n\t<div class=\"inner-blocks\">\n\n<p>Ka\u017edou odpov\u011b\u010f m\u016f\u017eete ohodnotit pomoc\u00ed palce nahoru nebo dol\u016f, kter\u00e9 naleznete pod odpov\u011bd\u00ed Asistenta. Va\u0161e zp\u011btn\u00e1 vazba n\u00e1m pom\u00e1h\u00e1 slu\u017ebu vylep\u0161ovat. V\u00edce naleznete v \u010d\u00e1sti <a href=\"https:\/\/o-seznam.cz\/napoveda\/asistent\/hlaseni-problemu-a-podpora\/\">Hl\u00e1\u0161en\u00ed probl\u00e9mu a podpora.<\/a><\/p>\n\n<\/div><\/details>\n\n\n\n<details class=\"expander is-style-default limiter-item-hidden\">\n\t<summary data-datalayer-name=\"\" data-datalayer-text=\"Kter\u00e9 slu\u017eby Seznamu jsou v prvn\u00ed verzi napojen\u00e9?\">\n\t\t\t\t<strong>Kter\u00e9 slu\u017eby Seznamu jsou v prvn\u00ed verzi napojen\u00e9?<\/strong>\n\t\t\t<\/summary>\n\t<div class=\"inner-blocks\">\n\n<p>V Asistentovi v sou\u010dasnosti pou\u017e\u00edv\u00e1me data z webov\u00e9ho a zpravodajsk\u00e9ho indexu Seznam Vyhled\u00e1v\u00e1n\u00ed a data z Po\u010das\u00ed.cz.<\/p>\n\n<\/div><\/details>\n\n\n\n<details class=\"expander is-style-default limiter-item-hidden\">\n\t<summary data-datalayer-name=\"\" data-datalayer-text=\"Jak\u00e9 jazykov\u00e9 modely Asistent vyu\u017e\u00edv\u00e1?\">\n\t\t\t\t<strong>Jak\u00e9 jazykov\u00e9 modely Asistent vyu\u017e\u00edv\u00e1?<\/strong>\n\t\t\t<\/summary>\n\t<div class=\"inner-blocks\">\n\n<p>Aktu\u00e1ln\u011b spol\u00e9h\u00e1me na kombinaci na\u0161eho vlastn\u00edho velk\u00e9ho jazykov\u00e9ho modelu SeLLMa a vybran\u00fdch velk\u00fdch jazykov\u00fdch model\u016f, jejich\u017e dodavatelem je spole\u010dnost Microsoft, kde vyu\u017e\u00edv\u00e1me slu\u017eby Azure s modelem od OpenAI. Sou\u010dasn\u011b v Seznamu intenzivn\u011b pracujeme na tom, aby Asistent v budoucnu fungoval v\u00fdhradn\u011b na intern\u00edm modelu SeLLMa.<\/p>\n\n<\/div><\/details>\n\n\n\n<details class=\"expander is-style-default limiter-item-hidden\">\n\t<summary data-datalayer-name=\"\" data-datalayer-text=\"Jsem autorem obsahu a nep\u0159eji si, aby asistent pou\u017e\u00edval m\u00e9 str\u00e1nky jako odpov\u011b\u010f na dotazy.\">\n\t\t\t\t<strong>Jsem autorem obsahu a nep\u0159eji si, aby asistent pou\u017e\u00edval m\u00e9 str\u00e1nky jako odpov\u011b\u010f na dotazy.<\/strong>\n\t\t\t<\/summary>\n\t<div class=\"inner-blocks\">\n\n<p id=\"block-d8a1fa16-3dbc-4212-97c5-5fa795cb3010\">Pln\u011b respektujeme pravidla, kter\u00e1 si vydavatel\u00e9 nastavuj\u00ed prost\u0159ednictv\u00edm souboru\u202frobots.txt a meta-tag\u016f. Pokud str\u00e1nka obsahuje nap\u0159\u00edklad p\u0159\u00edznaky MachineLearning disallow nebo nosnippet, jej\u00ed obsah v odpov\u011bd\u00edch generovan\u00fdch AI v\u016fbec nepou\u017e\u00edv\u00e1me.&nbsp;&nbsp;<\/p>\n\n\n\n<p id=\"block-30f4aa5d-96d0-4eb2-bd06-71395814ae94\">Pokud se chcete z Asistenta odhl\u00e1sit, n\u00e1vod najdete n\u00ed\u017ee. Ne\u017e se ale rozhodnete, ozv\u011bte se n\u00e1m a my si r\u00e1di vyslechneme v\u00e1\u0161 pohled. Asistent je nov\u00e1 p\u0159\u00edle\u017eitost, jak v\u00e1\u0161 obsah zp\u0159\u00edstupnit lidem. V\u017edy f\u00e9rov\u011b uv\u00e1d\u00edme, odkud \u010derp\u00e1me a d\u00e1v\u00e1me u\u017eivatel\u016fm mo\u017enost se dozv\u011bd\u011bt v\u00edce na va\u0161em webu. Zat\u00edm b\u011b\u017e\u00edme v betaverzi pro omezen\u00fd po\u010det u\u017eivatel\u016f \u2013 chceme co nejl\u00e9pe pochopit, co od Asistenta \u010dekaj\u00ed, jak ho pou\u017e\u00edvaj\u00ed, a i s va\u0161\u00ed pomoc\u00ed dotvo\u0159it jeho budouc\u00ed podobu.<\/p>\n\n\n\n<p id=\"block-d8a1fa16-3dbc-4212-97c5-5fa795cb3010\">Pokud si i tak nep\u0159ejete, aby Seznam Asistent zobrazoval \u010di jinak vyu\u017e\u00edval obsah z va\u0161\u00ed webov\u00e9 str\u00e1nky, sta\u010d\u00ed zak\u00e1zat vytv\u00e1\u0159en\u00ed snippet\u016f pro SeznamBot. Podrobn\u00fd postup (v\u010detn\u011b pou\u017eit\u00ed meta tagu nosnippet) najdete <a href=\"https:\/\/o-seznam.cz\/napoveda\/vyhledavani\/seznambot\/zakazani-tvorby-snippetu\/#sumarizace\" target=\"_blank\" rel=\"noreferrer noopener\">v na\u0161\u00ed n\u00e1pov\u011bd\u011b.<\/a><\/p>\n\n<\/div><\/details>\n\n<\/div><\/div>\n\n<\/div>\n\n\n\n<div class=\"wp-block-group is-layout-constrained wp-block-group-is-layout-constrained\">\n<h2 class=\"wp-block-heading\">N\u00e1pov\u011bda Seznam Asistenta<\/h2>\n\n\n<div class=\"wp-block-seznam-list-pages\"><div>\n<div style=\"--seznam-tiles--columns:3\" class=\"wp-block-seznam-tiles has-columns-3\"><div class=\"inner-blocks\">\n<div class=\"block-boxlink\"><a class=\"boxlink boxlink--icon-arrow boxlink--align-y-center px-f8 py-f4\" href=\"https:\/\/o-seznam.cz\/napoveda\/asistent\/beta-verze\/\"><div class=\"inner-blocks\">Beta verze<\/div><\/a><\/div><div class=\"block-boxlink\"><a class=\"boxlink boxlink--icon-arrow boxlink--align-y-center px-f8 py-f4\" href=\"https:\/\/o-seznam.cz\/napoveda\/asistent\/hlaseni-problemu-a-podpora\/\"><div class=\"inner-blocks\">Hl\u00e1\u0161en\u00ed probl\u00e9m\u016f a podpora<\/div><\/a><\/div><div class=\"block-boxlink\"><a class=\"boxlink boxlink--icon-arrow boxlink--align-y-center px-f8 py-f4\" href=\"https:\/\/o-seznam.cz\/napoveda\/asistent\/jak-asistent-funguje\/\"><div class=\"inner-blocks\">Jak Asistent funguje?<\/div><\/a><\/div><div class=\"block-boxlink\"><a class=\"boxlink boxlink--icon-arrow boxlink--align-y-center px-f8 py-f4\" href=\"https:\/\/o-seznam.cz\/napoveda\/asistent\/jak-pouzivat-asistenta\/\"><div class=\"inner-blocks\">Jak za\u010d\u00edt?<\/div><\/a><\/div><div class=\"block-boxlink\"><a class=\"boxlink boxlink--icon-arrow boxlink--align-y-center px-f8 py-f4\" href=\"https:\/\/o-seznam.cz\/napoveda\/asistent\/tarify-a-limity\/\"><div class=\"inner-blocks\">Limity pro konverzace<\/div><\/a><\/div><div class=\"block-boxlink\"><a class=\"boxlink boxlink--icon-arrow boxlink--align-y-center px-f8 py-f4\" href=\"https:\/\/o-seznam.cz\/napoveda\/asistent\/nejcastejsi-dotazy\/\"><div class=\"inner-blocks\">Nej\u010dast\u011bj\u0161\u00ed dotazy<\/div><\/a><\/div><div class=\"block-boxlink\"><a class=\"boxlink boxlink--icon-arrow boxlink--align-y-center px-f8 py-f4\" href=\"https:\/\/o-seznam.cz\/napoveda\/asistent\/ochrana-osobnich-udaju\/\"><div class=\"inner-blocks\">Ochrana osobn\u00edch \u00fadaj\u016f<\/div><\/a><\/div><div class=\"block-boxlink\"><a class=\"boxlink boxlink--icon-arrow boxlink--align-y-center px-f8 py-f4\" href=\"https:\/\/o-seznam.cz\/napoveda\/asistent\/personalizace-v-asistentovi\/\"><div class=\"inner-blocks\">Personalizace v Asistentovi<\/div><\/a><\/div><div class=\"block-boxlink\"><a class=\"boxlink boxlink--icon-arrow boxlink--align-y-center px-f8 py-f4\" href=\"https:\/\/o-seznam.cz\/napoveda\/asistent\/podminky-pro-pouzivani-seznam-asistenta\/\"><div class=\"inner-blocks\">Podm\u00ednky u\u017e\u00edv\u00e1n\u00ed slu\u017eby Seznam AI Asistenta<\/div><\/a><\/div><\/div><\/div>\n\n<\/div><\/div>\n<\/div>\n\n\n\n<div class=\"wp-block-group is-layout-constrained wp-block-group-is-layout-constrained\">\n<h2 class=\"wp-block-heading\">Pr\u00e1vn\u00ed informace<\/h2>\n\n\n\n<div class=\"wp-block-seznam-tiles has-columns-3\" style=\"--seznam-tiles--columns:3\"><div class=\"inner-blocks\"><div class=\"block-boxlink\"><a class=\"boxlink boxlink--icon-arrow boxlink--align-y-center px-f8 py-f4\" href=\"https:\/\/o-seznam.cz\/pravni-informace\/ochrana-udaju\/souhlas\/\"><div class=\"inner-blocks\">\n\n<p>Zpracov\u00e1n\u00ed osobn\u00edch \u00fadaj\u016f<\/p>\n\n<\/div><\/a><\/div>\n\n<div class=\"block-boxlink\"><a class=\"boxlink boxlink--icon-arrow boxlink--align-y-center px-f8 py-f4\" href=\"https:\/\/o-seznam.cz\/pravni-informace\/ochrana-udaju\/\"><div class=\"inner-blocks\">\n\n<p>Z\u00e1sady ochrany osobn\u00edch \u00fadaj\u016f<strong> <\/strong><\/p>\n\n<\/div><\/a><\/div>\n\n<div class=\"block-boxlink\"><a class=\"boxlink boxlink--icon-arrow boxlink--align-y-center px-f8 py-f4\" href=\"https:\/\/o-seznam.cz\/pravni-informace\/personalizace\/\"><div class=\"inner-blocks\">\n\n<p>Personalizace obsahu a reklamy<\/p>\n\n<\/div><\/a><\/div><\/div><\/div>\n<\/div>\n","protected":false},"excerpt":{"rendered":"<p>Nej\u010dast\u011bj\u0161\u00ed dotazy N\u00e1pov\u011bda Seznam Asistenta Pr\u00e1vn\u00ed informace<\/p>\n","protected":false},"author":1,"featured_media":0,"parent":0,"menu_order":0,"comment_status":"closed","ping_status":"closed","template":"page-no-head","meta":{"_acf_changed":false,"_relevanssi_hide_post":"","_relevanssi_hide_content":"","_relevanssi_pin_for_all":"","_relevanssi_pin_keywords":"","_relevanssi_unpin_keywords":"","_relevanssi_related_keywords":"","_relevanssi_related_include_ids":"","_relevanssi_related_exclude_ids":"","_relevanssi_related_no_append":"","_relevanssi_related_not_related":"","_relevanssi_related_posts":"1","_relevanssi_noindex_reason":"","footnotes":""},"page_category":[],"page_tag":[],"service_status_category":[],"class_list":["post-4","page","type-page","status-publish","hentry"],"acf":[],"_links":{"self":[{"href":"https:\/\/o-seznam.cz\/napoveda\/asistent\/wp-json\/wp\/v2\/pages\/4","targetHints":{"allow":["GET"]}}],"collection":[{"href":"https:\/\/o-seznam.cz\/napoveda\/asistent\/wp-json\/wp\/v2\/pages"}],"about":[{"href":"https:\/\/o-seznam.cz\/napoveda\/asistent\/wp-json\/wp\/v2\/types\/page"}],"author":[{"embeddable":true,"href":"https:\/\/o-seznam.cz\/napoveda\/asistent\/wp-json\/wp\/v2\/users\/1"}],"replies":[{"embeddable":true,"href":"https:\/\/o-seznam.cz\/napoveda\/asistent\/wp-json\/wp\/v2\/comments?post=4"}],"version-history":[{"count":80,"href":"https:\/\/o-seznam.cz\/napoveda\/asistent\/wp-json\/wp\/v2\/pages\/4\/revisions"}],"predecessor-version":[{"id":596,"href":"https:\/\/o-seznam.cz\/napoveda\/asistent\/wp-json\/wp\/v2\/pages\/4\/revisions\/596"}],"wp:attachment":[{"href":"https:\/\/o-seznam.cz\/napoveda\/asistent\/wp-json\/wp\/v2\/media?parent=4"}],"wp:term":[{"taxonomy":"page_category","embeddable":true,"href":"https:\/\/o-seznam.cz\/napoveda\/asistent\/wp-json\/wp\/v2\/page_category?post=4"},{"taxonomy":"page_tag","embeddable":true,"href":"https:\/\/o-seznam.cz\/napoveda\/asistent\/wp-json\/wp\/v2\/page_tag?post=4"},{"taxonomy":"service_status_category","embeddable":true,"href":"https:\/\/o-seznam.cz\/napoveda\/asistent\/wp-json\/wp\/v2\/service_status_category?post=4"}],"curies":[{"name":"wp","href":"https:\/\/api.w.org\/{rel}","templated":true}]}}