{"id":307,"date":"2025-06-17T13:42:23","date_gmt":"2025-06-17T11:42:23","guid":{"rendered":"https:\/\/o-seznam.cz\/napoveda\/asistent\/?page_id=307"},"modified":"2025-11-01T13:41:10","modified_gmt":"2025-11-01T12:41:10","slug":"beta-verze","status":"publish","type":"page","link":"https:\/\/o-seznam.cz\/napoveda\/asistent\/beta-verze\/","title":{"rendered":"Beta verze"},"content":{"rendered":"\n<p>Asistent je aktu\u00e1ln\u011b v beta re\u017eimu, tak\u017ee si ho u\u017e m\u016f\u017eete naplno vyzkou\u0161et, i kdy\u017e na n\u011bm st\u00e1le pracujeme. M\u016f\u017ee se st\u00e1t, \u017ee naraz\u00edte na nedod\u011blan\u00e9 funkce, drobn\u00e9 chyby nebo kr\u00e1tkodob\u00e9 v\u00fdpadky a rozhran\u00ed i zp\u016fsob odpov\u00edd\u00e1n\u00ed se mohou pr\u016fb\u011b\u017en\u011b m\u011bnit bez p\u0159edchoz\u00edho upozorn\u011bn\u00ed.<br>Beta verzi zp\u0159\u00edstup\u0148ujeme proto, abychom spole\u010dn\u011b doladili detaily a zv\u00fd\u0161ili jej\u00ed kvalitu. I kdy\u017e d\u011bl\u00e1me maximum pro co nejvy\u0161\u0161\u00ed spolehlivost, mohou se objevit chyby a n\u011bkter\u00e9 odpov\u011bdi nemus\u00ed b\u00fdt zcela spr\u00e1vn\u00e9. <\/p>\n\n\n\n<p><strong>D\u016fle\u017eit\u00e9 informace si proto rad\u011bji ov\u011b\u0159te.<\/strong><br>Va\u0161e zp\u011btn\u00e1 vazba je pro n\u00e1s kl\u00ed\u010dov\u00e1: ka\u017ed\u00fd nahl\u00e1\u0161en\u00fd probl\u00e9m nebo podn\u011bt n\u00e1m pom\u00e1h\u00e1 Asistenta vyladit do fin\u00e1ln\u00ed podoby. D\u011bkujeme, \u017ee n\u00e1m s v\u00fdvojem pom\u00e1h\u00e1te!<\/p>\n\n\n\n<div class=\"wp-block-group is-vertical is-layout-flex wp-container-core-group-is-layout-fe9cc265 wp-block-group-is-layout-flex\">\n<div class=\"wp-block-group is-vertical is-layout-flex wp-container-core-group-is-layout-fe9cc265 wp-block-group-is-layout-flex\">\n<h2 class=\"wp-block-heading\">Dostupnost beta verze<\/h2>\n\n\n\n<p>Beta verze je moment\u00e1ln\u011b otev\u0159en\u00e1 pouze <strong>omezen\u00e9mu po\u010dtu u\u017eivatel\u016f<\/strong>. Pokud k\u202fnim pat\u0159\u00edte, potk\u00e1te Asistenta:<\/p>\n\n\n\n<h3 class=\"wp-block-heading\"><strong>Na hlavn\u00ed str\u00e1nce Seznam.cz<\/strong><\/h3>\n\n\n\n<figure class=\"wp-block-image size-large\"><img loading=\"lazy\" decoding=\"async\" width=\"1984\" height=\"375\" src=\"https:\/\/o-seznam.cz\/napoveda\/asistent\/wp-content\/uploads\/sites\/26\/2025\/11\/obrazek-8-1984x375.png\" alt=\"\" class=\"wp-image-579\" srcset=\"https:\/\/o-seznam.cz\/napoveda\/asistent\/wp-content\/uploads\/sites\/26\/2025\/11\/obrazek-8-1984x375.png 1984w, https:\/\/o-seznam.cz\/napoveda\/asistent\/wp-content\/uploads\/sites\/26\/2025\/11\/obrazek-8-992x187.png 992w, https:\/\/o-seznam.cz\/napoveda\/asistent\/wp-content\/uploads\/sites\/26\/2025\/11\/obrazek-8-320x60.png 320w, https:\/\/o-seznam.cz\/napoveda\/asistent\/wp-content\/uploads\/sites\/26\/2025\/11\/obrazek-8-768x145.png 768w, https:\/\/o-seznam.cz\/napoveda\/asistent\/wp-content\/uploads\/sites\/26\/2025\/11\/obrazek-8-1536x290.png 1536w, https:\/\/o-seznam.cz\/napoveda\/asistent\/wp-content\/uploads\/sites\/26\/2025\/11\/obrazek-8-2048x387.png 2048w\" sizes=\"auto, (max-width: 1984px) 100vw, 1984px\" \/><\/figure>\n\n\n\n<h3 class=\"wp-block-heading\"><strong>Ve v\u00fdsledc\u00edch Vyhled\u00e1v\u00e1n\u00ed Seznamu<\/strong><\/h3>\n\n\n\n<figure class=\"wp-block-image size-full\"><img loading=\"lazy\" decoding=\"async\" width=\"1390\" height=\"964\" src=\"https:\/\/o-seznam.cz\/napoveda\/asistent\/wp-content\/uploads\/sites\/26\/2025\/11\/obrazek-9.png\" alt=\"\" class=\"wp-image-581\" srcset=\"https:\/\/o-seznam.cz\/napoveda\/asistent\/wp-content\/uploads\/sites\/26\/2025\/11\/obrazek-9.png 1390w, https:\/\/o-seznam.cz\/napoveda\/asistent\/wp-content\/uploads\/sites\/26\/2025\/11\/obrazek-9-992x688.png 992w, https:\/\/o-seznam.cz\/napoveda\/asistent\/wp-content\/uploads\/sites\/26\/2025\/11\/obrazek-9-320x222.png 320w, https:\/\/o-seznam.cz\/napoveda\/asistent\/wp-content\/uploads\/sites\/26\/2025\/11\/obrazek-9-768x533.png 768w\" sizes=\"auto, (max-width: 1390px) 100vw, 1390px\" \/><\/figure>\n\n\n\n<p>Roz\u0161i\u0159ov\u00e1n\u00ed dostupnosti prob\u00edh\u00e1 <strong>postupn\u011b<\/strong>. Pokud ikonu zat\u00edm nevid\u00edte, znamen\u00e1 to jen, \u017ee na v\u00e1\u0161 \u00fa\u010det je\u0161t\u011b nedo\u0161la \u0159ada, nikoli chybu na va\u0161\u00ed stran\u011b. Roz\u0161i\u0159ov\u00e1n\u00ed prob\u00edh\u00e1 postupn\u011b a v nejbli\u017e\u0161\u00edch m\u011bs\u00edc\u00edch Asistenta zp\u0159\u00edstupn\u00edme v\u0161em u\u017eivatel\u016fm.<\/p>\n<\/div>\n<\/div>\n\n\n\n<div class=\"wp-block-group is-vertical is-layout-flex wp-container-core-group-is-layout-fe9cc265 wp-block-group-is-layout-flex\">\n<div class=\"wp-block-group is-vertical is-layout-flex wp-container-core-group-is-layout-fe9cc265 wp-block-group-is-layout-flex\">\n<h2 class=\"wp-block-heading\">Na\u0161e vize<\/h2>\n\n\n\n<div class=\"wp-block-group is-vertical is-layout-flex wp-container-core-group-is-layout-fe9cc265 wp-block-group-is-layout-flex\">\n<p>V Seznamu dlouhodob\u011b zast\u00e1v\u00e1me, \u017ee u\u017eivatel je na prvn\u00ed m\u00edst\u011b. Technologie te\u010f umo\u017e\u0148uj\u00ed u\u017eivateli l\u00e9pe rozum\u011bt a tak\u00e9 mu pod\u00e1vat \u00fadern\u011bj\u0161\u00ed odpov\u011b\u010f a \u0161et\u0159it mu tak \u010das. Dlouhodob\u011b pak po\u010d\u00edt\u00e1me, \u017ee u\u017eivatel se bude obracet na Seznam Asistenta a ten mu pom\u016f\u017ee s \u010d\u00edmkoliv ze Seznam portfolia zpravodajstv\u00edm po\u010d\u00ednaje, p\u0159es n\u00e1kup telefonu po naps\u00e1n\u00ed e-mailu.&nbsp;<\/p>\n\n\n\n<p>U\u017e dnes na jedno m\u00edst\u011b z\u00edsk\u00e1te:<\/p>\n\n\n\n<ul class=\"wp-block-list\">\n<li>Odpov\u011bdi z internetov\u00e9ho vyhled\u00e1va\u010de.<\/li>\n\n\n\n<li>Odpov\u011bdi ze zpravodajstv\u00ed.<\/li>\n\n\n\n<li>P\u0159edpov\u011b\u010f po\u010das\u00ed.<\/li>\n<\/ul>\n\n\n\n<p>T\u00edm ale nekon\u010d\u00edme. Postupn\u011b p\u0159ipoj\u00edme dal\u0161\u00ed vertik\u00e1ly, aby opravdu platilo, \u017ee m\u00e1te <strong>Seznam na dlani<\/strong>:<\/p>\n\n\n\n<ul class=\"wp-block-list\">\n<li>Zbo\u017e\u00ed.cz pro n\u00e1kupn\u00ed rady a vyhled\u00e1v\u00e1n\u00ed produkt\u016f,<\/li>\n\n\n\n<li>Mapy.com a Firmy.cz pro m\u00edsta, trasy a kontakty,<\/li>\n\n\n\n<li>Sreality.cz a Sauto.cz pro nemovitosti a auta,<\/li>\n\n\n\n<li>TV Program, Podcasty, Stream.cz pro z\u00e1bavu,<\/li>\n\n\n\n<li>a dal\u0161\u00ed slu\u017eby, kter\u00e9 v\u00e1m usnadn\u00ed ka\u017edodenn\u00ed \u017eivot.<\/li>\n<\/ul>\n\n\n\n<p>Na\u0161\u00edm c\u00edlem je, aby odpov\u011b\u010f, a\u0165 u\u017e textem, obr\u00e1zkem nebo hlasem, p\u0159i\u0161la b\u011bhem vte\u0159in a v&nbsp;jazyce, kter\u00e9mu dokonale rozum\u00edte, a\u0165 jste kdekoliv.<\/p>\n<\/div>\n<\/div>\n<\/div>\n","protected":false},"excerpt":{"rendered":"<p>Asistent je aktu\u00e1ln\u011b v beta re\u017eimu, tak\u017ee si ho u\u017e m\u016f\u017eete naplno vyzkou\u0161et, i kdy\u017e na n\u011bm st\u00e1le pracujeme. M\u016f\u017ee se st\u00e1t, \u017ee naraz\u00edte na nedod\u011blan\u00e9 funkce, drobn\u00e9 chyby nebo kr\u00e1tkodob\u00e9 v\u00fdpadky a rozhran\u00ed i zp\u016fsob odpov\u00edd\u00e1n\u00ed se mohou pr\u016fb\u011b\u017en\u011b m\u011bnit bez p\u0159edchoz\u00edho upozorn\u011bn\u00ed.Beta verzi zp\u0159\u00edstup\u0148ujeme proto, abychom spole\u010dn\u011b doladili detaily a zv\u00fd\u0161ili jej\u00ed kvalitu. [&hellip;]<\/p>\n","protected":false},"author":63,"featured_media":0,"parent":0,"menu_order":0,"comment_status":"closed","ping_status":"closed","template":"page-sidemenu","meta":{"_acf_changed":false,"_relevanssi_hide_post":"","_relevanssi_hide_content":"","_relevanssi_pin_for_all":"","_relevanssi_pin_keywords":"","_relevanssi_unpin_keywords":"","_relevanssi_related_keywords":"","_relevanssi_related_include_ids":"","_relevanssi_related_exclude_ids":"","_relevanssi_related_no_append":"","_relevanssi_related_not_related":"","_relevanssi_related_posts":"","_relevanssi_noindex_reason":"","footnotes":""},"page_category":[31],"page_tag":[],"service_status_category":[],"class_list":["post-307","page","type-page","status-publish","hentry"],"acf":[],"_links":{"self":[{"href":"https:\/\/o-seznam.cz\/napoveda\/asistent\/wp-json\/wp\/v2\/pages\/307","targetHints":{"allow":["GET"]}}],"collection":[{"href":"https:\/\/o-seznam.cz\/napoveda\/asistent\/wp-json\/wp\/v2\/pages"}],"about":[{"href":"https:\/\/o-seznam.cz\/napoveda\/asistent\/wp-json\/wp\/v2\/types\/page"}],"author":[{"embeddable":true,"href":"https:\/\/o-seznam.cz\/napoveda\/asistent\/wp-json\/wp\/v2\/users\/63"}],"replies":[{"embeddable":true,"href":"https:\/\/o-seznam.cz\/napoveda\/asistent\/wp-json\/wp\/v2\/comments?post=307"}],"version-history":[{"count":25,"href":"https:\/\/o-seznam.cz\/napoveda\/asistent\/wp-json\/wp\/v2\/pages\/307\/revisions"}],"predecessor-version":[{"id":582,"href":"https:\/\/o-seznam.cz\/napoveda\/asistent\/wp-json\/wp\/v2\/pages\/307\/revisions\/582"}],"wp:attachment":[{"href":"https:\/\/o-seznam.cz\/napoveda\/asistent\/wp-json\/wp\/v2\/media?parent=307"}],"wp:term":[{"taxonomy":"page_category","embeddable":true,"href":"https:\/\/o-seznam.cz\/napoveda\/asistent\/wp-json\/wp\/v2\/page_category?post=307"},{"taxonomy":"page_tag","embeddable":true,"href":"https:\/\/o-seznam.cz\/napoveda\/asistent\/wp-json\/wp\/v2\/page_tag?post=307"},{"taxonomy":"service_status_category","embeddable":true,"href":"https:\/\/o-seznam.cz\/napoveda\/asistent\/wp-json\/wp\/v2\/service_status_category?post=307"}],"curies":[{"name":"wp","href":"https:\/\/api.w.org\/{rel}","templated":true}]}}