{"id":130,"date":"2025-06-02T13:28:11","date_gmt":"2025-06-02T11:28:11","guid":{"rendered":"https:\/\/o-seznam.cz\/napoveda\/asistent\/?page_id=130"},"modified":"2025-11-01T13:35:53","modified_gmt":"2025-11-01T12:35:53","slug":"jak-asistent-funguje","status":"publish","type":"page","link":"https:\/\/o-seznam.cz\/napoveda\/asistent\/jak-asistent-funguje\/","title":{"rendered":"Jak Asistent funguje?"},"content":{"rendered":"\n<p>Ve chv\u00edli, kdy polo\u017e\u00edte Asistentovi ot\u00e1zku, vyu\u017eije pokro\u010dilou um\u011blou inteligenci k okam\u017eit\u00e9mu prohled\u00e1n\u00ed internetu a z\u00edsk\u00e1n\u00ed poznatk\u016f z dostupn\u00fdch zdroj\u016f. N\u00e1sledn\u011b tyto informace shrne do jasn\u00e9 a stru\u010dn\u00e9 odpov\u011bdi, podan\u00e9 srozumiteln\u00fdm a p\u0159\u00edv\u011btiv\u00fdm t\u00f3nem, abyste rychle z\u00edskali to, co pot\u0159ebujete.<\/p>\n\n\n\n<div class=\"wp-block-group is-layout-constrained wp-block-group-is-layout-constrained\">\n<h3 class=\"wp-block-heading\">Jak prob\u00edh\u00e1 jeden dotaz?<\/h3>\n\n\n\n<figure class=\"wp-block-table\"><table class=\"has-fixed-layout\"><thead><tr><th>Krok<\/th><th>Co se d\u011bje<\/th><th>Pro\u010d na tom z\u00e1le\u017e\u00ed<\/th><\/tr><\/thead><tbody><tr><td><strong>1. Porozum\u011bn\u00ed ot\u00e1zce<\/strong><\/td><td>Um\u011bl\u00e1 inteligence si p\u0159e\u010dte v\u00e1\u0161 dotaz a vyhodnot\u00ed jazyk, t\u00e9ma a zda jde t\u0159eba o fakta, n\u00e1kup, zpr\u00e1vy\u2026<\/td><td>Aby odpov\u011b\u010f sed\u011bla na m\u00edru va\u0161emu dotazu.<\/td><\/tr><tr><td><strong>2. Rychl\u00e1 re\u0161er\u0161e<\/strong><\/td><td>Prohled\u00e1me dostupn\u00e9 informace k u\u017eivatelsk\u00e9mu dotazu.<\/td><td>Dostanete aktu\u00e1ln\u00ed informace pro \u010cesko i sv\u011bt.<\/td><\/tr><tr><td><strong>3. Sestaven\u00ed odpov\u011bdi<\/strong><\/td><td>Jazykov\u00e9 modely od SeznamAI sep\u00ed\u0161\u00ed jasn\u00e9 shrnut\u00ed.<\/td><td>\u0160et\u0159\u00ed v\u00e1m \u010das. <br>Shrneme nejd\u016fle\u017eitej\u0161\u00ed a d\u00e1me V\u00e1m mo\u017enost se dozv\u011bd\u011bt v\u00edce na zdrojov\u00edch webech nebo d\u00e1le pokra\u010dovat v konverzaci s Asistentem.<\/td><\/tr><\/tbody><\/table><\/figure>\n\n\n\n<h2 class=\"wp-block-heading\">Zdrojov\u00e1n\u00ed<\/h2>\n\n\n\n<p>Ve zdroj\u00edch uv\u00e1d\u00edme <strong>v\u0161echny podklady, kter\u00e9 m\u011bl model p\u0159i vytv\u00e1\u0159en\u00ed odpov\u011bdi k dispozici<\/strong>, aby byla pr\u00e1ce Asistenta pro u\u017eivatele maxim\u00e1ln\u011b transparentn\u00ed. <strong>Neozna\u010dujeme, kter\u00e9 z nich model skute\u010dn\u011b vyu\u017eil a kter\u00e9 nikoli<\/strong>, proto\u017ee to u sou\u010dasn\u00fdch jazykov\u00fdch model\u016f nelze s naprostou jistotou ur\u010dit.<\/p>\n\n\n\n<figure class=\"wp-block-image size-full\"><img loading=\"lazy\" decoding=\"async\" width=\"1746\" height=\"1552\" src=\"https:\/\/o-seznam.cz\/napoveda\/asistent\/wp-content\/uploads\/sites\/26\/2025\/11\/obrazek-1.png\" alt=\"\" class=\"wp-image-571\" srcset=\"https:\/\/o-seznam.cz\/napoveda\/asistent\/wp-content\/uploads\/sites\/26\/2025\/11\/obrazek-1.png 1746w, https:\/\/o-seznam.cz\/napoveda\/asistent\/wp-content\/uploads\/sites\/26\/2025\/11\/obrazek-1-992x882.png 992w, https:\/\/o-seznam.cz\/napoveda\/asistent\/wp-content\/uploads\/sites\/26\/2025\/11\/obrazek-1-320x284.png 320w, https:\/\/o-seznam.cz\/napoveda\/asistent\/wp-content\/uploads\/sites\/26\/2025\/11\/obrazek-1-768x683.png 768w, https:\/\/o-seznam.cz\/napoveda\/asistent\/wp-content\/uploads\/sites\/26\/2025\/11\/obrazek-1-1536x1365.png 1536w\" sizes=\"auto, (max-width: 1746px) 100vw, 1746px\" \/><\/figure>\n<\/div>\n\n\n\n<h2 class=\"wp-block-heading\">Kontext konverzace<\/h2>\n\n\n\n<div class=\"wp-block-group is-vertical is-content-justification-left is-layout-flex wp-container-core-group-is-layout-dd225191 wp-block-group-is-layout-flex\">\n<p>P\u0159i b\u011b\u017en\u00e9m hled\u00e1n\u00ed mus\u00ed ka\u017ed\u00fd dotaz st\u00e1t s\u00e1m za sebe: pokud se pt\u00e1te na v\u00edce detail\u016f, mus\u00edte poka\u017ed\u00e9 zopakovat kl\u00ed\u010dov\u00e1 slova (\u201eP\u0159emysl Otakar\u201c, pak \u201eP\u0159emysl Otakar d\u011bti?&#8220;, \u2026). Asistent funguje jinak.<\/p>\n\n\n\n<p><strong>Pamatuje si, o \u010dem jste mluvili p\u0159ed chv\u00edl\u00ed<\/strong>, tak\u017ee navazuj\u00edc\u00ed ot\u00e1zku m\u016f\u017eete zkr\u00e1tit na prost\u00e9 \u201eM\u011bl n\u011bjak\u00e9 d\u011bti?\u201c \u2013 a on okam\u017eit\u011b v\u00ed, \u017ee jde o ji\u017e zm\u00edn\u011bn\u00e9ho P\u0159emysla Otakara. D\u00edky t\u00e9to kontextov\u00e9 pam\u011bti konverzace plyne p\u0159irozen\u011b, bez neust\u00e1l\u00e9ho p\u0159episov\u00e1n\u00ed t\u00e9matu, a vy tak rychleji dostanete ucelen\u00e9 odpov\u011bdi.<\/p>\n\n\n\n<figure class=\"wp-block-image size-full\"><img loading=\"lazy\" decoding=\"async\" width=\"1712\" height=\"1536\" src=\"https:\/\/o-seznam.cz\/napoveda\/asistent\/wp-content\/uploads\/sites\/26\/2025\/11\/obrazek-5.png\" alt=\"\" class=\"wp-image-575\" srcset=\"https:\/\/o-seznam.cz\/napoveda\/asistent\/wp-content\/uploads\/sites\/26\/2025\/11\/obrazek-5.png 1712w, https:\/\/o-seznam.cz\/napoveda\/asistent\/wp-content\/uploads\/sites\/26\/2025\/11\/obrazek-5-992x890.png 992w, https:\/\/o-seznam.cz\/napoveda\/asistent\/wp-content\/uploads\/sites\/26\/2025\/11\/obrazek-5-320x287.png 320w, https:\/\/o-seznam.cz\/napoveda\/asistent\/wp-content\/uploads\/sites\/26\/2025\/11\/obrazek-5-768x689.png 768w, https:\/\/o-seznam.cz\/napoveda\/asistent\/wp-content\/uploads\/sites\/26\/2025\/11\/obrazek-5-1536x1378.png 1536w\" sizes=\"auto, (max-width: 1712px) 100vw, 1712px\" \/><\/figure>\n<\/div>\n\n\n\n<div class=\"wp-block-group is-vertical is-layout-flex wp-container-core-group-is-layout-fe9cc265 wp-block-group-is-layout-flex\">\n<h2 class=\"wp-block-heading\">Navazujic\u00ed ot\u00e1zky<\/h2>\n\n\n\n<p>Po ka\u017ed\u00e9 odpov\u011bdi Asistent nab\u00eddne n\u011bkolik kr\u00e1tk\u00fdch souvisej\u00edc\u00edch dotaz\u016f, kter\u00e9 model odhaduje jako nejpravd\u011bpodobn\u011bj\u0161\u00ed pokra\u010dov\u00e1n\u00ed konverzace.<\/p>\n\n\n\n<figure class=\"wp-block-image size-full\"><img loading=\"lazy\" decoding=\"async\" width=\"1728\" height=\"1492\" src=\"https:\/\/o-seznam.cz\/napoveda\/asistent\/wp-content\/uploads\/sites\/26\/2025\/11\/obrazek-6.png\" alt=\"\" class=\"wp-image-576\" srcset=\"https:\/\/o-seznam.cz\/napoveda\/asistent\/wp-content\/uploads\/sites\/26\/2025\/11\/obrazek-6.png 1728w, https:\/\/o-seznam.cz\/napoveda\/asistent\/wp-content\/uploads\/sites\/26\/2025\/11\/obrazek-6-992x857.png 992w, https:\/\/o-seznam.cz\/napoveda\/asistent\/wp-content\/uploads\/sites\/26\/2025\/11\/obrazek-6-320x276.png 320w, https:\/\/o-seznam.cz\/napoveda\/asistent\/wp-content\/uploads\/sites\/26\/2025\/11\/obrazek-6-768x663.png 768w, https:\/\/o-seznam.cz\/napoveda\/asistent\/wp-content\/uploads\/sites\/26\/2025\/11\/obrazek-6-1536x1326.png 1536w\" sizes=\"auto, (max-width: 1728px) 100vw, 1728px\" \/><\/figure>\n<\/div>\n\n\n\n<div class=\"wp-block-group is-vertical is-layout-flex wp-container-core-group-is-layout-fe9cc265 wp-block-group-is-layout-flex\">\n<div class=\"wp-block-group is-layout-constrained wp-block-group-is-layout-constrained\">\n<div class=\"wp-block-group is-vertical is-layout-flex wp-container-core-group-is-layout-fe9cc265 wp-block-group-is-layout-flex\">\n<h2 class=\"wp-block-heading\" id=\"zpetna-vazba\">Zp\u011btn\u00e1 vazba<\/h2>\n\n\n\n<div class=\"wp-block-group is-vertical is-layout-flex wp-container-core-group-is-layout-fe9cc265 wp-block-group-is-layout-flex\">\n<p>Pod ka\u017edou odpov\u011bd\u00ed Asistenta se nach\u00e1z\u00ed panel se dv\u011bma ikonami. <br>Palcem nahoru a palcem dol\u016f. Slou\u017e\u00ed k rychl\u00e9mu odesl\u00e1n\u00ed zp\u011btn\u00e9 vazby, zda byla odpov\u011b\u010f p\u0159\u00ednosn\u00e1, \u010di naopak m\u011bla nedostatky. Ka\u017ed\u00e9 hodnocen\u00ed se okam\u017eit\u011b zaznamen\u00e1 a pom\u00e1h\u00e1 syst\u00e9mu l\u00e9pe reagovat na va\u0161e budouc\u00ed dotazy.<\/p>\n\n\n\n<figure class=\"wp-block-image size-full\"><img loading=\"lazy\" decoding=\"async\" width=\"1724\" height=\"1528\" src=\"https:\/\/o-seznam.cz\/napoveda\/asistent\/wp-content\/uploads\/sites\/26\/2025\/11\/obrazek-7.png\" alt=\"\" class=\"wp-image-577\" srcset=\"https:\/\/o-seznam.cz\/napoveda\/asistent\/wp-content\/uploads\/sites\/26\/2025\/11\/obrazek-7.png 1724w, https:\/\/o-seznam.cz\/napoveda\/asistent\/wp-content\/uploads\/sites\/26\/2025\/11\/obrazek-7-992x879.png 992w, https:\/\/o-seznam.cz\/napoveda\/asistent\/wp-content\/uploads\/sites\/26\/2025\/11\/obrazek-7-320x284.png 320w, https:\/\/o-seznam.cz\/napoveda\/asistent\/wp-content\/uploads\/sites\/26\/2025\/11\/obrazek-7-768x681.png 768w, https:\/\/o-seznam.cz\/napoveda\/asistent\/wp-content\/uploads\/sites\/26\/2025\/11\/obrazek-7-1536x1361.png 1536w\" sizes=\"auto, (max-width: 1724px) 100vw, 1724px\" \/><\/figure>\n\n\n\n<ul class=\"wp-block-list\">\n<li><strong>Tla\u010d\u00edtko \ud83d\udc4d&nbsp;\/ \ud83d\udc4e<\/strong> pod ka\u017edou odpov\u011bd\u00ed umo\u017e\u0148uje ohodnotit kvalitu odpov\u011bdi.<\/li>\n\n\n\n<li>Zp\u011btn\u00e1 vazba je anonymizovan\u00e1 a&nbsp;pom\u00e1h\u00e1 zlep\u0161ovat kvalitu odpov\u011bd\u00ed.<\/li>\n<\/ul>\n<\/div>\n\n\n\n<h2 class=\"wp-block-heading\"><\/h2>\n<\/div>\n<\/div>\n<\/div>\n","protected":false},"excerpt":{"rendered":"<p>Ve chv\u00edli, kdy polo\u017e\u00edte Asistentovi ot\u00e1zku, vyu\u017eije pokro\u010dilou um\u011blou inteligenci k okam\u017eit\u00e9mu prohled\u00e1n\u00ed internetu a z\u00edsk\u00e1n\u00ed poznatk\u016f z dostupn\u00fdch zdroj\u016f. N\u00e1sledn\u011b tyto informace shrne do jasn\u00e9 a stru\u010dn\u00e9 odpov\u011bdi, podan\u00e9 srozumiteln\u00fdm a p\u0159\u00edv\u011btiv\u00fdm t\u00f3nem, abyste rychle z\u00edskali to, co pot\u0159ebujete. Jak prob\u00edh\u00e1 jeden dotaz? Krok Co se d\u011bje Pro\u010d na tom z\u00e1le\u017e\u00ed 1. Porozum\u011bn\u00ed ot\u00e1zce [&hellip;]<\/p>\n","protected":false},"author":63,"featured_media":0,"parent":0,"menu_order":0,"comment_status":"closed","ping_status":"closed","template":"page-sidemenu","meta":{"_acf_changed":false,"_relevanssi_hide_post":"","_relevanssi_hide_content":"","_relevanssi_pin_for_all":"","_relevanssi_pin_keywords":"","_relevanssi_unpin_keywords":"","_relevanssi_related_keywords":"","_relevanssi_related_include_ids":"","_relevanssi_related_exclude_ids":"","_relevanssi_related_no_append":"","_relevanssi_related_not_related":"","_relevanssi_related_posts":"","_relevanssi_noindex_reason":"","footnotes":""},"page_category":[31],"page_tag":[],"service_status_category":[],"class_list":["post-130","page","type-page","status-publish","hentry"],"acf":[],"_links":{"self":[{"href":"https:\/\/o-seznam.cz\/napoveda\/asistent\/wp-json\/wp\/v2\/pages\/130","targetHints":{"allow":["GET"]}}],"collection":[{"href":"https:\/\/o-seznam.cz\/napoveda\/asistent\/wp-json\/wp\/v2\/pages"}],"about":[{"href":"https:\/\/o-seznam.cz\/napoveda\/asistent\/wp-json\/wp\/v2\/types\/page"}],"author":[{"embeddable":true,"href":"https:\/\/o-seznam.cz\/napoveda\/asistent\/wp-json\/wp\/v2\/users\/63"}],"replies":[{"embeddable":true,"href":"https:\/\/o-seznam.cz\/napoveda\/asistent\/wp-json\/wp\/v2\/comments?post=130"}],"version-history":[{"count":34,"href":"https:\/\/o-seznam.cz\/napoveda\/asistent\/wp-json\/wp\/v2\/pages\/130\/revisions"}],"predecessor-version":[{"id":578,"href":"https:\/\/o-seznam.cz\/napoveda\/asistent\/wp-json\/wp\/v2\/pages\/130\/revisions\/578"}],"wp:attachment":[{"href":"https:\/\/o-seznam.cz\/napoveda\/asistent\/wp-json\/wp\/v2\/media?parent=130"}],"wp:term":[{"taxonomy":"page_category","embeddable":true,"href":"https:\/\/o-seznam.cz\/napoveda\/asistent\/wp-json\/wp\/v2\/page_category?post=130"},{"taxonomy":"page_tag","embeddable":true,"href":"https:\/\/o-seznam.cz\/napoveda\/asistent\/wp-json\/wp\/v2\/page_tag?post=130"},{"taxonomy":"service_status_category","embeddable":true,"href":"https:\/\/o-seznam.cz\/napoveda\/asistent\/wp-json\/wp\/v2\/service_status_category?post=130"}],"curies":[{"name":"wp","href":"https:\/\/api.w.org\/{rel}","templated":true}]}}