
{"id":18096,"date":"2024-12-02T17:55:24","date_gmt":"2024-12-02T16:55:24","guid":{"rendered":"https:\/\/o-seznam.cz\/kariera\/?page_id=18096"},"modified":"2025-11-03T17:58:14","modified_gmt":"2025-11-03T16:58:14","slug":"druhy-uvazku","status":"publish","type":"page","link":"https:\/\/o-seznam.cz\/kariera\/nejcastejsi-dotazy\/druhy-uvazku\/","title":{"rendered":"Co v\u011bd\u011bt o pracovn\u00edm \u00favazku p\u0159ed podeps\u00e1n\u00edm smlouvy"},"content":{"rendered":"\n<div class=\"wp-block-group is-layout-constrained wp-block-group-is-layout-constrained\">\n<p>\u010cesk\u00fd syst\u00e9m nab\u00edz\u00ed hned n\u011bkolik mo\u017enost\u00ed typ\u016f zam\u011bstn\u00e1n\u00ed, tak\u017ee si s trochou \u0161t\u011bst\u00ed m\u016f\u017eete vybrat pracovn\u00ed pom\u011br, kter\u00fd v\u00e1m vyhovuje. V tomto \u010dl\u00e1nku probereme nejen druhy pracovn\u00edch \u00favazk\u016f jako je pln\u00fd a zkr\u00e1cen\u00fd (v r\u016fzn\u00e9m rozsahu). Ale tak\u00e9 jak\u00e9 typy smluv m\u016f\u017eete se zam\u011bstnavatelem uzav\u0159\u00edt, a\u0165 u\u017e jde o pracovn\u00ed smlouvu \u010di n\u011bkterou z forem dohody. Ka\u017ed\u00e1 forma m\u00e1 toti\u017e sv\u00e1 specifika, tak\u017ee se vyplat\u00ed mrknout na v\u00fdhody a nev\u00fdhody.<\/p>\n\n\n<nav class=\"menu-anchors\">\n<ul>\n\t<li><a href=\"#typy\">Jak\u00e9 jsou typy pracovn\u00edho \u00favazku a smluv?<\/a><\/li>\n<li><a href=\"#pracovni-smlouva\">Co m\u00e1 obsahovat pracovn\u00ed smlouva?<\/a><\/li>\n<li><a href=\"#dohoda-o-provedeni-pr\u00e1ce\">Dohoda o proveden\u00ed pr\u00e1ce a jak\u00e9 m\u00e1 (ne)v\u00fdhody?<\/a><\/li>\n<li><a href=\"#dohoda-o-pracovni-cinnosti\">Dohoda o pracovn\u00ed \u010dinnosti a jak\u00e9 m\u00e1 (ne)v\u00fdhody?<\/a><\/li>\n<li><a href=\"#vyhody-a-nevyhody\">Jak\u00e9 jsou v\u00fdhody a nev\u00fdhody r\u016fzn\u00fdch druh\u016f \u00favazk\u016f?<\/a><\/li>\n<li><a href=\"#materska-a-rodicovska\">Co \u010dekat od mate\u0159sk\u00e9 a rodi\u010dovsk\u00e9, a to nejen v Seznamu?<\/a><\/li>\n<li><a href=\"#regulace\">Jak\u00e1 je pracovn\u00ed doba a jej\u00ed regulace?<\/a><\/li>\n<\/ul>\n\n<\/nav>\n<\/div>\n\n\n\n<div class=\"wp-block-group is-layout-constrained wp-block-group-is-layout-constrained\">\n<h2 class=\"wp-block-heading\" id=\"typy\">Jak\u00e9 jsou typy pracovn\u00edho \u00favazku a smluv?<\/h2>\n\n\n\n<p>Nejzn\u00e1m\u011bj\u0161\u00ed je pln\u00fd \u00favazek, kter\u00fd je 40 hodin t\u00fddn\u011b. Zam\u011bstnanec se m\u016f\u017ee se zam\u011bstnavatelem ale domluvit na \u00favazku zkr\u00e1cen\u00e9m. Nej\u010dast\u011bji se setk\u00e1v\u00e1me s polovi\u010dn\u00edm \u00favazkem, nicm\u00e9n\u011b jeho rozsah m\u016f\u017ee b\u00fdt i jin\u00fd. Pro \u010d\u00e1st zam\u011bstnanc\u016f je flexibilita a mo\u017enost pr\u00e1ce na zkr\u00e1cen\u00fd \u00favazek kl\u00ed\u010dov\u00e1. Nej\u010dast\u011bji ji vyu\u017e\u00edvaj\u00ed studenti nebo rodi\u010de pe\u010duj\u00edc\u00ed o d\u00edt\u011b nebo osobu bl\u00edzkou. I u n\u00e1s v Seznamu nab\u00edz\u00edme r\u016fzn\u00e9 typy \u00favazk\u016f a formy spolupr\u00e1ce. Krom\u011b pln\u00fdch a zkr\u00e1cen\u00fdch \u00favazk\u016f v zam\u011bstnaneck\u00e9m pom\u011bru jsou to i brig\u00e1dy, Trainee programy a dal\u0161\u00ed spolupr\u00e1ce formou dohod.<\/p>\n<\/div>\n\n\n\n<div class=\"wp-block-group is-layout-constrained wp-block-group-is-layout-constrained\">\n<h2 class=\"wp-block-heading\" id=\"pracovni-smlouva\">Co m\u00e1 obsahovat pracovn\u00ed smlouva?<\/h2>\n\n\n\n<p>Pracovn\u00ed smlouvu m\u016f\u017eete uzav\u0159\u00edt na dobu ur\u010ditou \u010di neur\u010ditou. Doba ur\u010dit\u00e1 m\u00e1 v\u0161ak sv\u00e1 z\u00e1konn\u00e1 pravidla. D\u00e1v\u00e1 se obvykle na 1 rok a prodlou\u017eena m\u016f\u017ee b\u00fdt maxim\u00e1ln\u011b 2x, tedy celkem na obdob\u00ed 3 let od n\u00e1stupu. Smlouva m\u016f\u017ee v takov\u00e9m p\u0159\u00edpad\u011b skon\u010dit uplynut\u00edm doby nebo v\u00fdpov\u011bd\u00ed. Z\u00e1rove\u0148 v\u0161ak plat\u00ed, \u017ee zku\u0161ebn\u00ed doba nesm\u00ed p\u0159es\u00e1hnout polovinu sjednan\u00e9 doby pracovn\u00edho pom\u011bru, pokud jde o dobu ur\u010ditou. U pracovn\u00edch smluv b\u00fdv\u00e1 sjedn\u00e1na v\u00fdpov\u011bdn\u00ed lh\u016fta, kter\u00e1 je ze z\u00e1kona 2 m\u011bs\u00edce a za\u010d\u00edn\u00e1 b\u011b\u017eet dnem doru\u010den\u00ed v\u00fdpov\u011bdi. Zam\u011bstnavatel m\u016f\u017ee m\u00edt i del\u0161\u00ed v\u00fdpov\u011bdn\u00ed lh\u016ftu, z\u00e1le\u017e\u00ed pak ale na zam\u011bstnanci, zda na takovou smlouvu p\u0159istoup\u00ed. U pracovn\u00ed smlouvy b\u00fdv\u00e1 sjedn\u00e1na zku\u0161ebn\u00ed doba, a to na 4 m\u011bs\u00edce u b\u011b\u017en\u00fdch, nebo 8 m\u011bs\u00edc\u016f u vedouc\u00edch pracovn\u00edk\u016f. Mzda je stanovena ve smlouv\u011b nebo tzv. mzdov\u00fdm v\u00fdm\u011brem, kter\u00fd by m\u011bl b\u00fdt p\u0159\u00edlohou smlouvy.<\/p>\n<\/div>\n\n\n\n<div class=\"wp-block-group is-layout-constrained wp-block-group-is-layout-constrained\">\n<h2 class=\"wp-block-heading\">Nejnov\u011bj\u0161\u00ed nab\u00eddky<\/h2>\n\n\n<div class=\"wp-block-seznam-list-jobs\"><div class=\"wp-block-seznam-tiles has-columns-2\" style=\"--seznam-tiles--columns:2\"><div class=\"inner-blocks\"><div class=\"block-boxlink\"><a class=\"boxlink boxlink--icon-arrow boxlink--align-y-center px-f8 py-f4\" href=\"https:\/\/o-seznam.cz\/kariera\/488089-konzultant-rtb\/\"><div class=\"inner-blocks\">\n\n<p class=\"font-bold\">Konzultant RTB<\/p>\n<p class=\"mt-1 text-sm text-neutral-60\">\n\t\t\t<span class=\"text-complement\">Praha<\/span>\n\t\t<span class=\"text-neutral-20 mx-1\">\u2022<\/span>\n\t\tPro mu\u017ee i \u017eeny<\/p>\n\n<\/div><\/a><\/div><div class=\"block-boxlink\"><a class=\"boxlink boxlink--icon-arrow boxlink--align-y-center px-f8 py-f4\" href=\"https:\/\/o-seznam.cz\/kariera\/488070-produktovy-manager-pro-llm\/\"><div class=\"inner-blocks\">\n\n<p class=\"font-bold\">Produktov\u00fd manager pro LLM\u00a0<\/p>\n<p class=\"mt-1 text-sm text-neutral-60\">\n\t\t\t<span class=\"text-complement\">Brno, Praha<\/span>\n\t\t<span class=\"text-neutral-20 mx-1\">\u2022<\/span>\n\t\tPro mu\u017ee i \u017eeny<\/p>\n\n<\/div><\/a><\/div><div class=\"block-boxlink\"><a class=\"boxlink boxlink--icon-arrow boxlink--align-y-center px-f8 py-f4\" href=\"https:\/\/o-seznam.cz\/kariera\/487828-senior-python-backend-developer-pro-obsahove-platformy-seznamu\/\"><div class=\"inner-blocks\">\n\n<p class=\"font-bold\">Senior Python Backend Developer pro obsahov\u00e9 platformy Seznamu<\/p>\n<p class=\"mt-1 text-sm text-neutral-60\">\n\t\t\t<span class=\"text-complement\">Brno<\/span>\n\t\t<span class=\"text-neutral-20 mx-1\">\u2022<\/span>\n\t\tPro mu\u017ee i \u017eeny<\/p>\n\n<\/div><\/a><\/div><div class=\"block-boxlink\"><a class=\"boxlink boxlink--icon-arrow boxlink--align-y-center px-f8 py-f4\" href=\"https:\/\/o-seznam.cz\/kariera\/487797-event-operations-specialist\/\"><div class=\"inner-blocks\">\n\n<p class=\"font-bold\">Event &amp; Operations Specialist<\/p>\n<p class=\"mt-1 text-sm text-neutral-60\">\n\t\t\t<span class=\"text-complement\">Praha<\/span>\n\t\t<span class=\"text-neutral-20 mx-1\">\u2022<\/span>\n\t\tPro mu\u017ee i \u017eeny<\/p>\n\n<\/div><\/a><\/div><div class=\"block-boxlink\"><a class=\"boxlink boxlink--icon-arrow boxlink--align-y-center px-f8 py-f4\" href=\"https:\/\/o-seznam.cz\/kariera\/487587-obchodnik-pro-liberec\/\"><div class=\"inner-blocks\">\n\n<p class=\"font-bold\">Obchodn\u00edk pro Liberec<\/p>\n<p class=\"mt-1 text-sm text-neutral-60\">\n\t\t\t<span class=\"text-complement\">Liberec<\/span>\n\t\t<span class=\"text-neutral-20 mx-1\">\u2022<\/span>\n\t\tPro mu\u017ee i \u017eeny<\/p>\n\n<\/div><\/a><\/div><div class=\"block-boxlink\"><a class=\"boxlink boxlink--icon-arrow boxlink--align-y-center px-f8 py-f4\" href=\"https:\/\/o-seznam.cz\/kariera\/487453-obchodnik-pro-severovychodni-kralovehradecko\/\"><div class=\"inner-blocks\">\n\n<p class=\"font-bold\">Obchodn\u00edk pro severov\u00fdchodn\u00ed Kr\u00e1lov\u00e9hradecko<\/p>\n<p class=\"mt-1 text-sm text-neutral-60\">\n\t\t\t<span class=\"text-complement\">Hradec Kr\u00e1lov\u00e9<\/span>\n\t\t<span class=\"text-neutral-20 mx-1\">\u2022<\/span>\n\t\tPro mu\u017ee i \u017eeny<\/p>\n\n<\/div><\/a><\/div><\/div><\/div><\/div>\n\n\n\n<div class=\"wp-block-buttons is-content-justification-center is-layout-flex wp-container-core-buttons-is-layout-a89b3969 wp-block-buttons-is-layout-flex\">\n<div class=\"wp-block-button\"><a class=\"wp-block-button__link wp-element-button\" href=\"https:\/\/o-seznam.cz\/kariera\/volne-pozice\/\">Uk\u00e1zat v\u0161echny pozice<\/a><\/div>\n<\/div>\n<\/div>\n\n\n\n<div class=\"wp-block-group is-layout-constrained wp-block-group-is-layout-constrained\">\n<h2 class=\"wp-block-heading\" id=\"dohoda-o-provedeni-pr\u00e1ce\">Dohoda o proveden\u00ed pr\u00e1ce a jak\u00e9 m\u00e1 (ne)v\u00fdhody?<\/h2>\n\n\n\n<p>Tento typ dohody m\u00edv\u00e1 sp\u00ed\u0161e jednor\u00e1zov\u00fd charakter, vhodn\u00e1 je typicky t\u0159eba pro letn\u00ed brig\u00e1dy nebo na n\u011bjakou men\u0161\u00ed pr\u00e1ci v rozsahu 2-3 hodin t\u00fddn\u011b. Pozor, p\u0159i dohod\u011b o proveden\u00ed pr\u00e1ce (DPP) se neplat\u00ed zdravotn\u00ed ani soci\u00e1ln\u00ed poji\u0161t\u011bn\u00ed, pokud tedy b\u011bhem pr\u00e1ce onemocn\u00edte, nedost\u00e1v\u00e1te \u017e\u00e1dn\u00e9 d\u00e1vky z poji\u0161t\u011bn\u00ed. Rozsah pr\u00e1ce vykon\u00e1van\u00e9 na z\u00e1klad\u011b dohody o proveden\u00ed pr\u00e1ce nesm\u00ed b\u00fdt u jednoho zam\u011bstnavatele v\u011bt\u0161\u00ed ne\u017e 300 hodin v kalend\u00e1\u0159n\u00edm roce. Dan\u011b z dohody o proveden\u00ed pr\u00e1ce plat\u00edte v\u017edy. Pokud nepodep\u00ed\u0161ete prohl\u00e1\u0161en\u00ed poplatn\u00edka dan\u011b z p\u0159\u00edjmu (r\u016f\u017eov\u00fd formul\u00e1\u0159 tzv. r\u016f\u017eovka), bude v\u00e1m do limitu 10 000 K\u010d sra\u017eena da\u0148 sr\u00e1\u017ekov\u00e1 ve v\u00fd\u0161i 15 %. Ode\u010dte ji zam\u011bstnavatel a p\u0159\u00edjem u\u017e pak d\u00e1le nemus\u00edte vykazovat v da\u0148ov\u00e9m p\u0159izn\u00e1n\u00ed.<\/p>\n\n\n\n<p>P\u0159i p\u0159ekro\u010den\u00ed limitu 10 000 K\u010d se v\u00e1m bude strh\u00e1vat tzv. z\u00e1lohov\u00e1 na da\u0148 z p\u0159\u00edjmu. V p\u0159\u00edpad\u011b podepsan\u00e9 \u201er\u016f\u017eovky\u201c se bez ohledu na limit pou\u017eije v\u017edy z\u00e1lohov\u00e1 da\u0148 a uplatn\u00ed se da\u0148ov\u00e1 sleva na poplatn\u00edka.<\/p>\n\n\n\n<p>Studenti u dohody o proveden\u00ed pr\u00e1ce pak p\u0159i podeps\u00e1n\u00ed prohl\u00e1\u0161en\u00ed k dani dokl\u00e1daj\u00ed i potvrzen\u00ed o studiu.<\/p>\n\n\n\n<p>Nov\u011b mus\u00ed zam\u011bstnavatel odv\u00e9st pojistn\u00e9, pokud v\u00e1\u0161 p\u0159\u00edjem p\u0159ekro\u010d\u00ed 25 % pr\u016fm\u011brn\u00e9 mzdy (pokud m\u00e1te jednu dohodu DPP). Pokud m\u00e1te dohod v\u00edce, tak je limit 40 % pr\u016fm\u011brn\u00e9 mzdy. Mezi povinn\u00e9 \u00fadaje v dohod\u011b pat\u0159\u00ed rozsah pr\u00e1ce, sjednan\u00e1 pr\u00e1ce a doba, na kterou se tato dohoda uzav\u00edr\u00e1. V\u00fdpov\u011bdn\u00ed lh\u016fta je 15 dn\u00ed.<\/p>\n<\/div>\n\n\n\n<div class=\"wp-block-group is-layout-constrained wp-block-group-is-layout-constrained\">\n<h2 class=\"wp-block-heading\" id=\"dohoda-o-pracovni-cinnosti\">Dohoda o pracovn\u00ed \u010dinnosti a jak\u00e9 m\u00e1 (ne)v\u00fdhody?<\/h2>\n\n\n\n<p>U dohody o pracovn\u00ed \u010dinnosti, tedy DP\u010c, m\u016f\u017eete u jednoho zam\u011bstnavatele odpracovat i v\u00edce ne\u017e 300 hodin za rok, ale nesm\u00edte p\u0159ekro\u010dit pr\u016fm\u011br polovi\u010dn\u00edho \u00favazku, tj. 20 hodin t\u00fddn\u011b. I zde plat\u00ed, \u017ee pokud m\u00e1te v\u00edce dohod u jednoho zam\u011bstnavatele, tak se hodiny s\u010d\u00edtaj\u00ed. Stejn\u011b jako u DPP je i u DP\u010c sazba dan\u011b 15 %. Povinnost platit odvody na zdravotn\u00ed a soci\u00e1ln\u00ed pojistn\u00e9 z DP\u010c m\u00e1te ve chv\u00edli, kdy v\u00e1\u0161 p\u0159\u00edjem dos\u00e1hne 4 000 K\u010d za m\u011bs\u00edc. Mezi povinn\u00e9 \u00fadaje v dohod\u011b pat\u0159\u00ed \u010dinnost, rozsah pr\u00e1ce a doba, na jakou se uzav\u00edr\u00e1. V\u00fdpov\u011bdn\u00ed lh\u016fta je 15 dn\u00ed.<\/p>\n<\/div>\n\n\n\n<div class=\"wp-block-group is-layout-constrained wp-block-group-is-layout-constrained\">\n<h2 class=\"wp-block-heading\" id=\"vyhody-a-nevyhody\">Jak\u00e9 jsou v\u00fdhody a nev\u00fdhody r\u016fzn\u00fdch druh\u016f \u00favazk\u016f?<\/h2>\n\n\n\n<p>Velkou v\u00fdhodou zkr\u00e1cen\u00fdch \u00favazk\u016f je flexibilita a mo\u017enost l\u00e9pe sladit osobn\u00ed \u017eivot s t\u00edm pracovn\u00edm. Zkr\u00e1tka t\u0159eba si p\u0159i studiu p\u0159ivyd\u011blat a z\u00edskat zaj\u00edmavou praxi \u010di pr\u00e1ci zkombinovat s p\u00e9\u010d\u00ed o rodinu. Ov\u0161em je pot\u0159eba po\u010d\u00edtat s pom\u011brn\u00fdm sn\u00ed\u017een\u00edm mzdy \u010di n\u011bkter\u00fdch benefit\u016f. U dohod (DPP a DP\u010c) m\u016f\u017ee b\u00fdt v\u00fdhodou i krat\u0161\u00ed v\u00fdpov\u011bdn\u00ed lh\u016fta, kter\u00e1 je pouze 15 dn\u00ed.<\/p>\n<\/div>\n\n\n\n<div class=\"wp-block-group is-layout-constrained wp-block-group-is-layout-constrained\">\n<h2 class=\"wp-block-heading\" id=\"materska-a-rodicovska\">Co \u010dekat od mate\u0159sk\u00e9 a rodi\u010dovsk\u00e9, a to nejen v Seznamu?<\/h2>\n\n\n\n<p>Ide\u00e1ln\u00edm typem spolupr\u00e1ce a p\u0159iv\u00fdd\u011blku p\u0159i rodi\u010dovsk\u00e9 je pr\u00e1v\u011b n\u011bjak\u00fd z typ\u016f dohod, a\u0165 u\u017e DPP nebo DP\u010c. Hodn\u011b \u201cseznam\u00e1ck\u00fdch maminek\u201d m\u00e1 u n\u00e1s n\u011bjakou brig\u00e1du \u010di zkr\u00e1cen\u00fd \u00favazek. S n\u00e1vratem rodi\u010d\u016f do pr\u00e1ce pom\u00e1h\u00e1 i Sezn\u00e1mek, co\u017e je na\u0161e \u0161kolka, kterou mohou Seznam\u00e1ci vyu\u017e\u00edvat. Mrkn\u011bte na aktu\u00e1ln\u00ed nab\u00eddku v sekci Brig\u00e1dy, zda se tam najdete i n\u011bco pro v\u00e1s.<\/p>\n\n\n\n<p>Pracovat m\u016f\u017eete i p\u0159i mate\u0159sk\u00e9 dovolen\u00e9, a to jak u st\u00e1vaj\u00edc\u00edho zam\u011bstnavatele, tak jinde. M\u00e1 to v\u0161ak sv\u00e1 pravidla. Nov\u011b od 1. 6. 2025 je povoleno vykon\u00e1vat stejnou \u010dinnost jako p\u0159ed n\u00e1stupem na mate\u0159skou dovolenou u stejn\u00e9ho zam\u011bstnavatele na z\u00e1klad\u011b Dohody o proveden\u00ed pr\u00e1ce (DPP) nebo Dohody o pracovn\u00ed \u010dinnosti (DP\u010c). O podporu ale nep\u0159ijdete ani pokud nastoup\u00edte na stejnou pozici u jin\u00e9ho zam\u011bstnavatele. M\u00e1 to ov\u0161em jednu podm\u00ednku \u2013 mus\u00edte m\u00edt p\u00edsemn\u00fd souhlas od p\u016fvodn\u00edho zam\u011bstnavatele.<\/p>\n\n\n\n<p>Po skon\u010den\u00ed n\u00e1roku na finan\u010dn\u00ed podporu v mate\u0159stv\u00ed n\u00e1sleduje vypl\u00e1cen\u00ed rodi\u010dovsk\u00e9ho p\u0159\u00edsp\u011bvku. I kdy\u017e pob\u00edr\u00e1te rodi\u010dovsk\u00fd p\u0159\u00edsp\u011bvek, m\u016f\u017eete pracovat na stejn\u00e9 pozici jako p\u0159ed n\u00e1stupem na MD\/RD&nbsp;na z\u00e1klad\u011b Dohody o pracovn\u00ed \u010dinnosti nebo Dohody o proveden\u00ed pr\u00e1ce.<\/p>\n\n\n\n<p>Zam\u011bstnanci, kte\u0159\u00ed se vr\u00e1t\u00ed z rodi\u010dovsk\u00e9 dovolen\u00e9 p\u0159ed dosa\u017een\u00edm dvou let v\u011bku d\u00edt\u011bte, maj\u00ed garantovan\u00fd n\u00e1vrat na p\u016fvodn\u00ed pracovn\u00ed pozici.&nbsp;<\/p>\n<\/div>\n\n\n\n<div class=\"wp-block-group is-layout-constrained wp-block-group-is-layout-constrained\">\n<h2 class=\"wp-block-heading\" id=\"regulace\">Jak\u00e1 je pracovn\u00ed doba a jej\u00ed regulace?<\/h2>\n\n\n\n<p>U dohod b\u00fdv\u00e1 rozvr\u017een\u00ed pr\u00e1ce v\u011bt\u0161inou na domluv\u011b. Ale i u pln\u00fdch \u00favazk\u016f na 40 hodin t\u00fddn\u011b m\u016f\u017eou na\u0161i Seznam\u00e1ci vyu\u017e\u00edvat klouzavou pracovn\u00ed dobu. U n\u00e1s je konkr\u00e9tn\u011b pevn\u00e1 pracovn\u00ed doba mezi 10 \u2013 15 hodinou, proto\u017ee v tomto \u010dase se logicky d\u011bje nejv\u00edc pracovn\u00edch v\u011bc\u00ed a je t\u0159eba, aby byli Seznam\u00e1ci k zasti\u017een\u00ed. Za\u010d\u00e1tek a konec pracovn\u00ed doby se d\u00e1 ale flexibiln\u011b upravit, u n\u00e1s na spole\u010dn\u00e9 \u0159e\u0161en\u00ed v\u011b\u0159\u00edme.&nbsp;<\/p>\n<\/div>\n\n\n\n<div class=\"wp-block-group is-layout-constrained wp-block-group-is-layout-constrained\">\n<h2 class=\"wp-block-heading\">Nejnov\u011bj\u0161\u00ed nab\u00eddky<\/h2>\n\n\n<div class=\"wp-block-seznam-list-jobs\"><div class=\"wp-block-seznam-tiles has-columns-2\" style=\"--seznam-tiles--columns:2\"><div class=\"inner-blocks\"><div class=\"block-boxlink\"><a class=\"boxlink boxlink--icon-arrow boxlink--align-y-center px-f8 py-f4\" href=\"https:\/\/o-seznam.cz\/kariera\/488089-konzultant-rtb\/\"><div class=\"inner-blocks\">\n\n<p class=\"font-bold\">Konzultant RTB<\/p>\n<p class=\"mt-1 text-sm text-neutral-60\">\n\t\t\t<span class=\"text-complement\">Praha<\/span>\n\t\t<span class=\"text-neutral-20 mx-1\">\u2022<\/span>\n\t\tPro mu\u017ee i \u017eeny<\/p>\n\n<\/div><\/a><\/div><div class=\"block-boxlink\"><a class=\"boxlink boxlink--icon-arrow boxlink--align-y-center px-f8 py-f4\" href=\"https:\/\/o-seznam.cz\/kariera\/488070-produktovy-manager-pro-llm\/\"><div class=\"inner-blocks\">\n\n<p class=\"font-bold\">Produktov\u00fd manager pro LLM\u00a0<\/p>\n<p class=\"mt-1 text-sm text-neutral-60\">\n\t\t\t<span class=\"text-complement\">Brno, Praha<\/span>\n\t\t<span class=\"text-neutral-20 mx-1\">\u2022<\/span>\n\t\tPro mu\u017ee i \u017eeny<\/p>\n\n<\/div><\/a><\/div><div class=\"block-boxlink\"><a class=\"boxlink boxlink--icon-arrow boxlink--align-y-center px-f8 py-f4\" href=\"https:\/\/o-seznam.cz\/kariera\/487828-senior-python-backend-developer-pro-obsahove-platformy-seznamu\/\"><div class=\"inner-blocks\">\n\n<p class=\"font-bold\">Senior Python Backend Developer pro obsahov\u00e9 platformy Seznamu<\/p>\n<p class=\"mt-1 text-sm text-neutral-60\">\n\t\t\t<span class=\"text-complement\">Brno<\/span>\n\t\t<span class=\"text-neutral-20 mx-1\">\u2022<\/span>\n\t\tPro mu\u017ee i \u017eeny<\/p>\n\n<\/div><\/a><\/div><div class=\"block-boxlink\"><a class=\"boxlink boxlink--icon-arrow boxlink--align-y-center px-f8 py-f4\" href=\"https:\/\/o-seznam.cz\/kariera\/487797-event-operations-specialist\/\"><div class=\"inner-blocks\">\n\n<p class=\"font-bold\">Event &amp; Operations Specialist<\/p>\n<p class=\"mt-1 text-sm text-neutral-60\">\n\t\t\t<span class=\"text-complement\">Praha<\/span>\n\t\t<span class=\"text-neutral-20 mx-1\">\u2022<\/span>\n\t\tPro mu\u017ee i \u017eeny<\/p>\n\n<\/div><\/a><\/div><div class=\"block-boxlink\"><a class=\"boxlink boxlink--icon-arrow boxlink--align-y-center px-f8 py-f4\" href=\"https:\/\/o-seznam.cz\/kariera\/487587-obchodnik-pro-liberec\/\"><div class=\"inner-blocks\">\n\n<p class=\"font-bold\">Obchodn\u00edk pro Liberec<\/p>\n<p class=\"mt-1 text-sm text-neutral-60\">\n\t\t\t<span class=\"text-complement\">Liberec<\/span>\n\t\t<span class=\"text-neutral-20 mx-1\">\u2022<\/span>\n\t\tPro mu\u017ee i \u017eeny<\/p>\n\n<\/div><\/a><\/div><div class=\"block-boxlink\"><a class=\"boxlink boxlink--icon-arrow boxlink--align-y-center px-f8 py-f4\" href=\"https:\/\/o-seznam.cz\/kariera\/487453-obchodnik-pro-severovychodni-kralovehradecko\/\"><div class=\"inner-blocks\">\n\n<p class=\"font-bold\">Obchodn\u00edk pro severov\u00fdchodn\u00ed Kr\u00e1lov\u00e9hradecko<\/p>\n<p class=\"mt-1 text-sm text-neutral-60\">\n\t\t\t<span class=\"text-complement\">Hradec Kr\u00e1lov\u00e9<\/span>\n\t\t<span class=\"text-neutral-20 mx-1\">\u2022<\/span>\n\t\tPro mu\u017ee i \u017eeny<\/p>\n\n<\/div><\/a><\/div><\/div><\/div><\/div>\n\n\n\n<div class=\"wp-block-buttons is-content-justification-center is-layout-flex wp-container-core-buttons-is-layout-a89b3969 wp-block-buttons-is-layout-flex\">\n<div class=\"wp-block-button\"><a class=\"wp-block-button__link wp-element-button\" href=\"https:\/\/o-seznam.cz\/kariera\/volne-pozice\/\">Uk\u00e1zat v\u0161echny pozice<\/a><\/div>\n<\/div>\n<\/div>\n","protected":false},"excerpt":{"rendered":"<p>\u010cesk\u00fd syst\u00e9m nab\u00edz\u00ed hned n\u011bkolik mo\u017enost\u00ed typ\u016f zam\u011bstn\u00e1n\u00ed, tak\u017ee si s trochou \u0161t\u011bst\u00ed m\u016f\u017eete vybrat pracovn\u00ed pom\u011br, kter\u00fd v\u00e1m vyhovuje. V tomto \u010dl\u00e1nku probereme nejen druhy pracovn\u00edch \u00favazk\u016f jako je pln\u00fd a zkr\u00e1cen\u00fd (v r\u016fzn\u00e9m rozsahu). Ale tak\u00e9 jak\u00e9 typy smluv m\u016f\u017eete se zam\u011bstnavatelem uzav\u0159\u00edt, a\u0165 u\u017e jde o pracovn\u00ed smlouvu \u010di n\u011bkterou z forem [&hellip;]<\/p>\n","protected":false},"author":2,"featured_media":0,"parent":13801,"menu_order":0,"comment_status":"closed","ping_status":"closed","template":"page-sidemenu","meta":{"_acf_changed":false,"_relevanssi_hide_post":"","_relevanssi_hide_content":"","_relevanssi_pin_for_all":"","_relevanssi_pin_keywords":"","_relevanssi_unpin_keywords":"","_relevanssi_related_keywords":"","_relevanssi_related_include_ids":"","_relevanssi_related_exclude_ids":"","_relevanssi_related_no_append":"","_relevanssi_related_not_related":"","_relevanssi_related_posts":"","_relevanssi_noindex_reason":"","footnotes":""},"page_category":[238],"page_tag":[],"class_list":["post-18096","page","type-page","status-publish","hentry"],"acf":[],"_links":{"self":[{"href":"https:\/\/o-seznam.cz\/kariera\/wp-json\/wp\/v2\/pages\/18096","targetHints":{"allow":["GET"]}}],"collection":[{"href":"https:\/\/o-seznam.cz\/kariera\/wp-json\/wp\/v2\/pages"}],"about":[{"href":"https:\/\/o-seznam.cz\/kariera\/wp-json\/wp\/v2\/types\/page"}],"author":[{"embeddable":true,"href":"https:\/\/o-seznam.cz\/kariera\/wp-json\/wp\/v2\/users\/2"}],"replies":[{"embeddable":true,"href":"https:\/\/o-seznam.cz\/kariera\/wp-json\/wp\/v2\/comments?post=18096"}],"version-history":[{"count":6,"href":"https:\/\/o-seznam.cz\/kariera\/wp-json\/wp\/v2\/pages\/18096\/revisions"}],"predecessor-version":[{"id":19744,"href":"https:\/\/o-seznam.cz\/kariera\/wp-json\/wp\/v2\/pages\/18096\/revisions\/19744"}],"up":[{"embeddable":true,"href":"https:\/\/o-seznam.cz\/kariera\/wp-json\/wp\/v2\/pages\/13801"}],"wp:attachment":[{"href":"https:\/\/o-seznam.cz\/kariera\/wp-json\/wp\/v2\/media?parent=18096"}],"wp:term":[{"taxonomy":"page_category","embeddable":true,"href":"https:\/\/o-seznam.cz\/kariera\/wp-json\/wp\/v2\/page_category?post=18096"},{"taxonomy":"page_tag","embeddable":true,"href":"https:\/\/o-seznam.cz\/kariera\/wp-json\/wp\/v2\/page_tag?post=18096"}],"curies":[{"name":"wp","href":"https:\/\/api.w.org\/{rel}","templated":true}]}}