
{"id":15962,"date":"2024-06-19T14:02:56","date_gmt":"2024-06-19T12:02:56","guid":{"rendered":"https:\/\/o-seznam.cz\/kariera\/?page_id=15962"},"modified":"2025-11-03T17:57:21","modified_gmt":"2025-11-03T16:57:21","slug":"jak-ziskat-praci","status":"publish","type":"page","link":"https:\/\/o-seznam.cz\/kariera\/nejcastejsi-dotazy\/jak-ziskat-praci\/","title":{"rendered":"Jak z\u00edskat pr\u00e1ci v Seznamu"},"content":{"rendered":"\n<div class=\"wp-block-group is-layout-constrained wp-block-group-is-layout-constrained\">\n<p>Ka\u017ed\u00fd rok p\u0159ij\u00edm\u00e1me des\u00edtky nad\u011bjn\u00fdch junior\u016f, kte\u0159\u00ed u n\u00e1s z\u00edskaj\u00ed mentoring, \u0161kolen\u00ed a podporu pro sv\u016fj profesn\u00ed r\u016fst. Nejeden Seznam\u00e1k na \u0161\u00e9fovsk\u00e9 pozici, kter\u00fd dnes pracuje na kl\u00ed\u010dov\u00fdch projektech, se u n\u00e1s vypracoval pr\u00e1v\u011b z juniorn\u00ed pozice. A to je nejlep\u0161\u00ed vysv\u011bd\u010den\u00ed jak pro juniora, tak pro n\u00e1s. Za bezm\u00e1la 30 let Seznam vyrostl z \u010dist\u011b technologick\u00e9 firmy i do obchodn\u00ed, medi\u00e1ln\u00ed a spole\u010densk\u00e9 platformy. M\u016f\u017ee tak krom\u011b IT obor\u016f nab\u00eddnout juniorsk\u00e9 pozice v mnoha dal\u0161\u00edch profes\u00edch, a\u0165 u\u017e chcete odstartovat svoji kari\u00e9ru t\u0159eba jako obchodn\u00edk, medi\u00e1ln\u00ed konzultant nebo marke\u0165\u00e1k.<\/p>\n\n\n<nav class=\"menu-anchors limiter\" data-limiter=\"6\" data-limiter-selector=\"&gt; ul\">\n<ul>\n\t<li><a href=\"#it\">Jak z\u00edskat pr\u00e1ci v IT a pro\u010d j\u00edt do Seznamu<\/a><\/li>\n<li><a href=\"#programator\">Jak z\u00edskat pr\u00e1ci v Seznamu jako program\u00e1tor<\/a><\/li>\n<li><a href=\"#obchodnik\">Jak z\u00edskat pr\u00e1ci v Seznamu jako obchodn\u00edk<\/a><\/li>\n<li><a href=\"#marketak\">Jak z\u00edskat pr\u00e1ci v Seznamu jako marke\u0165\u00e1k<\/a><\/li>\n<li><a href=\"#student\">Jak za\u010d\u00edt v Seznamu, kdy\u017e je\u0161t\u011b studujete<\/a><\/li>\n<li><a href=\"#karierni-rust\">Kari\u00e9rn\u00ed r\u016fst<\/a><\/li>\n<\/ul>\n\t<button class=\"limiter__button circle-button circle-button--down\">\n\t\t<span class=\"screen-reader-text\">Zobrazit v\u0161e <\/span>\n\t<\/button>\n\n<\/nav>\n<\/div>\n\n\n\n<div class=\"wp-block-group is-layout-constrained wp-block-group-is-layout-constrained\">\n<h2 class=\"wp-block-heading\" id=\"it\">Jak z\u00edskat pr\u00e1ci v IT a pro\u010d j\u00edt do Seznamu<\/h2>\n\n\n\n<p>Stoj\u00edme v \u010dele digit\u00e1ln\u00ed inovace a technologick\u00e9ho pokroku. U n\u00e1s budete sou\u010d\u00e1st\u00ed t\u00fdmu, kter\u00fd formuje digit\u00e1ln\u00ed prostor a vytv\u00e1\u0159\u00ed produkty a slu\u017eby pro miliony lid\u00ed. Pracovat u n\u00e1s znamen\u00e1 p\u0159\u00edstup k nejmodern\u011bj\u0161\u00edm technologi\u00edm i mo\u017enost osobn\u00edho a profesn\u00edho r\u016fstu v p\u0159\u00e1telsk\u00e9m a podporuj\u00edc\u00edm prost\u0159ed\u00ed.<\/p>\n\n\n\n<div class=\"accordion\">\n\t<div class=\"accordion__items\">\n\n<details class=\"expander is-style-box\">\n\t<summary data-datalayer-name=\"\" data-datalayer-text=\"Jak\u00e9 pozice m\u00e1me pro juniory v IT\">\n\t\t\t\t<strong>Jak\u00e9 pozice m\u00e1me pro juniory v IT<\/strong>\n\t\t\t<\/summary>\n\t<div class=\"inner-blocks\">\n\n<p>Na\u0161e juniorn\u00ed pozice a Trainee programy jsme navrhli tak, aby poskytovaly skv\u011blou p\u0159\u00edle\u017eitost pro u\u010den\u00ed, r\u016fst a rozvoj kl\u00ed\u010dov\u00fdch dovednost\u00ed, kter\u00e9 jsou nezbytn\u00e9 pro \u00fasp\u011b\u0161nou kari\u00e9ru v IT. Pokud jste studenti a absolventi IT obor\u016f, kte\u0159\u00ed hledaj\u00ed praktick\u00e9 zku\u0161enosti a cht\u011bj\u00ed se pono\u0159it do re\u00e1ln\u00fdch projekt\u016f pod veden\u00edm zku\u0161en\u00fdch mentor\u016f, na\u0161e programy jsou p\u0159esn\u011b pro v\u00e1s. <\/p>\n\n<\/div><\/details>\n\n\n\n<details class=\"expander is-style-box\">\n\t<summary data-datalayer-name=\"\" data-datalayer-text=\"Kam se z juniorsk\u00fdch pozic posunout d\u00e1l\">\n\t\t\t\t<strong>Kam se z juniorsk\u00fdch pozic posunout d\u00e1l<\/strong>\n\t\t\t<\/summary>\n\t<div class=\"inner-blocks\">\n\n<p>V Seznamu jsou mo\u017enosti r\u016fstu prakticky neomezen\u00e9. Juniorn\u00ed program\u00e1to\u0159i a \u00fa\u010dastn\u00edci Trainee program\u016f maj\u00ed \u0161anci r\u016fst a postupovat na pozice s vy\u0161\u0161\u00ed odpov\u011bdnost\u00ed. To m\u016f\u017ee znamenat cestu od v\u00fdvoje konkr\u00e9tn\u00edch aplikac\u00ed a\u017e po architektonick\u00e9 pl\u00e1nov\u00e1n\u00ed a technick\u00e9 veden\u00ed projekt\u016f. Podporujeme Seznam\u00e1ky v jejich profesn\u00edm rozvoji a nab\u00edz\u00edme p\u0159\u00edle\u017eitosti k \u00fa\u010dasti na \u0161pi\u010dkov\u00fdch konferenc\u00edch, workshopech a dal\u0161\u00edch vzd\u011bl\u00e1vac\u00edch aktivit\u00e1ch. C\u00edlem je, aby se z juniorn\u00edch program\u00e1tor\u016f a Trainees stali zku\u0161en\u00ed profesion\u00e1lov\u00e9, kte\u0159\u00ed maj\u00ed vliv na technologick\u00fd sm\u011br a inovace v Seznamu i v \u0161ir\u0161\u00edm IT pr\u016fmyslu.<\/p>\n\n<\/div><\/details>\n\n<\/div><\/div>\n\n<\/div>\n\n\n\n<div class=\"wp-block-group is-layout-constrained wp-block-group-is-layout-constrained\">\n<h2 class=\"wp-block-heading\" id=\"programator\">Jak z\u00edskat pr\u00e1ci v Seznamu jako program\u00e1tor<\/h2>\n\n\n\n<p>Raz\u00edme cestu nov\u00fdm trend\u016fm a k ruce m\u00e1me nejmodern\u011bj\u0161\u00ed technologie. A p\u0159iv\u00edt\u00e1me i dal\u0161\u00ed n\u00e1padit\u00e9 hlavy jak zku\u0161en\u00fdch program\u00e1tor\u016f, tak i za\u010d\u00ednaj\u00edc\u00edch talent\u016f. Programov\u00e1n\u00ed u n\u00e1s nen\u00ed jen o psan\u00ed k\u00f3d\u016f, v\u011bnujeme se i verzov\u00e1n\u00ed k\u00f3d\u016f, pravideln\u00fdm sprint planning\u016fm, integra\u010dn\u00edm test\u016fm a dal\u0161\u00edm aj\u0165\u00e1ck\u00fdm lah\u016fdk\u00e1m. Zkr\u00e1tka a\u0165 u\u017e jste program\u00e1tor frontendu \u010di backendu, QA Engineer, Infrastructure Engineer, Security Engineer nebo pracujete v jin\u00e9m oboru IT, r\u00e1di v\u00e1m p\u0159isuneme \u017eidli do na\u0161eho t\u00fdmu.<\/p>\n\n\n\n<p>Nemus\u00edte m\u00edt bohat\u00e9 zku\u0161enosti s programov\u00e1n\u00edm, pro za\u010d\u00e1tek v\u00e1m posta\u010d\u00ed otev\u0159en\u00e1 mysl, logick\u00e9 a analytick\u00e9 my\u0161len\u00ed. D\u016fle\u017eit\u00e9 je m\u00edt prokazateln\u00fd p\u0159ehled v oboru informa\u010dn\u00edch technologi\u00ed a naklon\u00edte si n\u00e1s uk\u00e1zkou sv\u00e9ho k\u00f3du nebo projektu, na kter\u00e9m jste pracovali.<\/p>\n<\/div>\n\n\n\n<div class=\"wp-block-group is-layout-constrained wp-block-group-is-layout-constrained\">\n<h2 class=\"wp-block-heading\">Nejnov\u011bj\u0161\u00ed nab\u00eddky<\/h2>\n\n\n<div class=\"wp-block-seznam-list-jobs\"><div class=\"wp-block-seznam-tiles has-columns-2\" style=\"--seznam-tiles--columns:2\"><div class=\"inner-blocks\"><div class=\"block-boxlink\"><a class=\"boxlink boxlink--icon-arrow boxlink--align-y-center px-f8 py-f4\" href=\"https:\/\/o-seznam.cz\/kariera\/488089-konzultant-rtb\/\"><div class=\"inner-blocks\">\n\n<p class=\"font-bold\">Konzultant RTB<\/p>\n<p class=\"mt-1 text-sm text-neutral-60\">\n\t\t\t<span class=\"text-complement\">Praha<\/span>\n\t\t<span class=\"text-neutral-20 mx-1\">\u2022<\/span>\n\t\tPro mu\u017ee i \u017eeny<\/p>\n\n<\/div><\/a><\/div><div class=\"block-boxlink\"><a class=\"boxlink boxlink--icon-arrow boxlink--align-y-center px-f8 py-f4\" href=\"https:\/\/o-seznam.cz\/kariera\/488070-produktovy-manager-pro-llm\/\"><div class=\"inner-blocks\">\n\n<p class=\"font-bold\">Produktov\u00fd manager pro LLM\u00a0<\/p>\n<p class=\"mt-1 text-sm text-neutral-60\">\n\t\t\t<span class=\"text-complement\">Brno, Praha<\/span>\n\t\t<span class=\"text-neutral-20 mx-1\">\u2022<\/span>\n\t\tPro mu\u017ee i \u017eeny<\/p>\n\n<\/div><\/a><\/div><div class=\"block-boxlink\"><a class=\"boxlink boxlink--icon-arrow boxlink--align-y-center px-f8 py-f4\" href=\"https:\/\/o-seznam.cz\/kariera\/487828-senior-python-backend-developer-pro-obsahove-platformy-seznamu\/\"><div class=\"inner-blocks\">\n\n<p class=\"font-bold\">Senior Python Backend Developer pro obsahov\u00e9 platformy Seznamu<\/p>\n<p class=\"mt-1 text-sm text-neutral-60\">\n\t\t\t<span class=\"text-complement\">Brno<\/span>\n\t\t<span class=\"text-neutral-20 mx-1\">\u2022<\/span>\n\t\tPro mu\u017ee i \u017eeny<\/p>\n\n<\/div><\/a><\/div><div class=\"block-boxlink\"><a class=\"boxlink boxlink--icon-arrow boxlink--align-y-center px-f8 py-f4\" href=\"https:\/\/o-seznam.cz\/kariera\/487797-event-operations-specialist\/\"><div class=\"inner-blocks\">\n\n<p class=\"font-bold\">Event &amp; Operations Specialist<\/p>\n<p class=\"mt-1 text-sm text-neutral-60\">\n\t\t\t<span class=\"text-complement\">Praha<\/span>\n\t\t<span class=\"text-neutral-20 mx-1\">\u2022<\/span>\n\t\tPro mu\u017ee i \u017eeny<\/p>\n\n<\/div><\/a><\/div><div class=\"block-boxlink\"><a class=\"boxlink boxlink--icon-arrow boxlink--align-y-center px-f8 py-f4\" href=\"https:\/\/o-seznam.cz\/kariera\/487587-obchodnik-pro-liberec\/\"><div class=\"inner-blocks\">\n\n<p class=\"font-bold\">Obchodn\u00edk pro Liberec<\/p>\n<p class=\"mt-1 text-sm text-neutral-60\">\n\t\t\t<span class=\"text-complement\">Liberec<\/span>\n\t\t<span class=\"text-neutral-20 mx-1\">\u2022<\/span>\n\t\tPro mu\u017ee i \u017eeny<\/p>\n\n<\/div><\/a><\/div><div class=\"block-boxlink\"><a class=\"boxlink boxlink--icon-arrow boxlink--align-y-center px-f8 py-f4\" href=\"https:\/\/o-seznam.cz\/kariera\/487453-obchodnik-pro-severovychodni-kralovehradecko\/\"><div class=\"inner-blocks\">\n\n<p class=\"font-bold\">Obchodn\u00edk pro severov\u00fdchodn\u00ed Kr\u00e1lov\u00e9hradecko<\/p>\n<p class=\"mt-1 text-sm text-neutral-60\">\n\t\t\t<span class=\"text-complement\">Hradec Kr\u00e1lov\u00e9<\/span>\n\t\t<span class=\"text-neutral-20 mx-1\">\u2022<\/span>\n\t\tPro mu\u017ee i \u017eeny<\/p>\n\n<\/div><\/a><\/div><\/div><\/div><\/div>\n\n\n\n<div class=\"wp-block-buttons is-content-justification-center is-layout-flex wp-container-core-buttons-is-layout-a89b3969 wp-block-buttons-is-layout-flex\">\n<div class=\"wp-block-button\"><a class=\"wp-block-button__link wp-element-button\" href=\"https:\/\/o-seznam.cz\/kariera\/volne-pozice\/\">Uk\u00e1zat v\u0161echny pozice<\/a><\/div>\n<\/div>\n<\/div>\n\n\n\n<div class=\"wp-block-group is-layout-constrained wp-block-group-is-layout-constrained\">\n<h2 class=\"wp-block-heading\" id=\"obchodnik\">Jak z\u00edskat pr\u00e1ci v Seznamu jako obchodn\u00edk<\/h2>\n\n\n\n<p>Jste p\u0159irozen\u011b komunikativn\u00ed, m\u00e1te vy\u0159\u00eddilku a obchodn\u00edho ducha? Pak je pro v\u00e1s nejlep\u0161\u00ed cestou do Seznamu na\u0161e Obchodn\u00ed odd\u011blen\u00ed, kter\u00e9 v\u00e1m otev\u0159e dve\u0159e do sv\u011bta online marketingu a reklamy. Na za\u010d\u00e1tku \u010dek\u00e1 ka\u017ed\u00e9ho nov\u00e1\u010dka komplexn\u00ed zau\u010den\u00ed se zam\u011b\u0159en\u00edm na prodejn\u00ed a produktov\u00e9 dovednosti. Pozice v obchod\u011b je tak vhodn\u00e1 i pro nezku\u0161en\u00e9 kandid\u00e1ty. D\u016fle\u017eit\u00e9 jsou pro n\u00e1s sp\u00ed\u0161e spr\u00e1vn\u00e9 p\u0159edpoklady a chu\u0165 na sob\u011b pracovat.<\/p>\n\n\n\n<div class=\"accordion\">\n\t<div class=\"accordion__items\">\n\n<details class=\"expander is-style-box\">\n\t<summary data-datalayer-name=\"\" data-datalayer-text=\"Jak\u00e9 zku\u0161enosti u juniorn\u00edch obcho\u010f\u00e1k\u016f o\u010dek\u00e1v\u00e1me\">\n\t\t\t\t<strong>Jak\u00e9 zku\u0161enosti u juniorn\u00edch obcho\u010f\u00e1k\u016f o\u010dek\u00e1v\u00e1me<\/strong>\n\t\t\t<\/summary>\n\t<div class=\"inner-blocks\">\n\n<p>Obchodn\u00edk se setk\u00e1 s r\u016fzn\u00fdmi form\u00e1ty reklamy, aby pochopil fungov\u00e1n\u00ed jednotliv\u00fdch slu\u017eeb a produkt\u016f. Pro klienta funguje jako obchodn\u00ed a marketingov\u00fd poradce a hled\u00e1 mu v\u017edy \u0159e\u0161en\u00ed na m\u00edru. Na pozici Account Manager Telesales (obchodn\u00edk na telefonu) nebo Account Manager (obchodn\u00edk v ter\u00e9nu) m\u016f\u017eete za\u010d\u00edt i jako junior bez zku\u0161enost\u00ed a postupn\u011b se vypracovat.<\/p>\n\n<\/div><\/details>\n\n\n\n<details class=\"expander is-style-box\">\n\t<summary data-datalayer-name=\"\" data-datalayer-text=\"Kam se z juniorsk\u00fdch obchodn\u00edch pozic lze posunout\">\n\t\t\t\t<strong>Kam se z juniorsk\u00fdch obchodn\u00edch pozic lze posunout<\/strong>\n\t\t\t<\/summary>\n\t<div class=\"inner-blocks\">\n\n<p>Obchodn\u00edci u n\u00e1s za\u010d\u00ednaj\u00ed \u010dasto s mal\u00fdmi klienty, pak se p\u0159esouvaj\u00ed na ty st\u0159edn\u00ed a v\u011bt\u0161\u00ed a\u017e k t\u011bm kl\u00ed\u010dov\u00fdm. Pokud je obchodn\u00edk \u0161ikovn\u00fd, m\u016f\u017ee se posouvat nejen mezi obchodn\u00edmi divizemi, ale postoup\u00ed t\u0159eba i do pozice konzultanta, vedouc\u00edho t\u00fdmu nebo mana\u017eera.<\/p>\n\n<\/div><\/details>\n\n<\/div><\/div>\n\n<\/div>\n\n\n\n<div class=\"wp-block-group is-layout-constrained wp-block-group-is-layout-constrained\">\n<h2 class=\"wp-block-heading\" id=\"marketak\">Jak z\u00edskat pr\u00e1ci v Seznamu jako marke\u0165\u00e1k<\/h2>\n\n\n\n<p>Dal\u0161\u00ed mo\u017enost\u00ed pro juniory jsou pozice v marketingu. Jednou z takov\u00fdch jsou nap\u0159\u00edklad pozice Specialista Skliku \u010di Specialista Zbo\u017e\u00ed.cz. Intern\u011b u n\u00e1s tyto pozice spadaj\u00ed pod Obchodn\u00ed odd\u011blen\u00ed, proto\u017ee se staraj\u00ed o kampan\u011b na\u0161ich klient\u016f. Specialist\u00e9 maj\u00ed na starosti zakl\u00e1d\u00e1n\u00ed, spr\u00e1vu a optimalizaci kampan\u00ed, jejich vyhodnocov\u00e1n\u00ed a rad\u00ed p\u0159\u00edmo na\u0161im klient\u016fm, jak kampan\u011b vylep\u0161ovat.<\/p>\n\n\n\n<p>Nejd\u016fle\u017eit\u011bj\u0161\u00ed je chu\u0165 u\u010dit se. Ale pokud jste nap\u0159\u00edklad absolventi vysok\u00fdch \u0161kol se z\u00e1jmem o online marketing, tyto pozice jsou v\u00e1m na m\u00edru. \u010cek\u00e1 v\u00e1s kompletn\u00ed za\u0161kolen\u00ed do na\u0161ich syst\u00e9m\u016f a podpora zku\u0161en\u011bj\u0161\u00edch koleg\u016f. I z t\u011bchto pozic je mo\u017en\u00fd r\u016fst do rol\u00ed Senior specialist\u016f, konzultant\u016f apod.<\/p>\n<\/div>\n\n\n\n<div class=\"wp-block-group is-layout-constrained wp-block-group-is-layout-constrained\">\n<h2 class=\"wp-block-heading\" id=\"student\">Jak za\u010d\u00edt v Seznamu, kdy\u017e je\u0161t\u011b studujete<\/h2>\n\n\n\n<p>Teorie se m\u00e1 ide\u00e1ln\u011b tr\u00e9novat v praxi, to je jasn\u00e9. Ov\u0161em jak to ud\u011blat? V Seznamu jednodu\u0161e. \u0158e\u0161en\u00edm jsou <a href=\"https:\/\/o-seznam.cz\/kariera\/trainee-a-studenti\/\">Trainee programy<\/a>, kter\u00e9 pohodln\u011b zkombinujete s denn\u00edm vysoko\u0161kolsk\u00fdm studiem. Jedn\u00e1 se toti\u017e o flexibiln\u00ed \u00favazek na max. 20 hodin t\u00fddn\u011b. A pokud studujete u\u017e vy\u0161\u0161\u00ed ro\u010dn\u00edk, m\u016f\u017ee b\u00fdt pro v\u00e1s Trainee program rovnou p\u0159estupnou stanic\u00ed na pln\u00fd \u00favazek.<\/p>\n\n\n\n<p>Trainee programy otev\u00edr\u00e1me ka\u017edoro\u010dn\u011b v n\u011bkolika oblastech a t\u00fdmech. Z\u00e1kladn\u00ed rozd\u011blen\u00ed je Trainee program v IT a Trainee program v online marketingu. Ten prvn\u00ed je zam\u011b\u0159en\u00fd hlavn\u011b na technologie, a\u0165 u\u017e ve frontendu nebo backendu. Trainees v programu online marketingu zase maj\u00ed mo\u017enost z\u00edskat praxi v t\u00fdmech Skliku, RTB, Zbo\u017e\u00ed, Brand Studiu, Projektov\u00e9 kancel\u00e1\u0159i a dal\u0161\u00edch zaj\u00edmav\u00fdch m\u00edstech.<\/p>\n<\/div>\n\n\n\n<div class=\"wp-block-group is-layout-constrained wp-block-group-is-layout-constrained\">\n<h2 class=\"wp-block-heading\" id=\"karierni-rust\">Kari\u00e9rn\u00ed r\u016fst<\/h2>\n\n\n\n<p>Spousta Seznam\u00e1k\u016f na mana\u017eersk\u00fdch pozic\u00edch v Seznamu za\u010d\u00ednala pr\u00e1v\u011b v Trainee programu nebo na n\u011bkter\u00e9 z juniorn\u00edch a absolventsk\u00fdch pozic\u00edch. Sta\u010d\u00ed &#8222;jen&#8220; na sob\u011b pracovat. Ale nebojte, nejste na to sami, pr\u00e1v\u011b k va\u0161emu rychl\u00e9mu r\u016fstu m\u00e1me v Seznamu promakan\u00fd syst\u00e9m vzd\u011bl\u00e1v\u00e1n\u00ed.<\/p>\n\n\n\n<p>V Seznamu m\u00e1me intern\u00ed odd\u011blen\u00ed <a href=\"https:\/\/o-seznam.cz\/kariera\/vzdelavani\/\">Vzd\u011bl\u00e1v\u00e1n\u00ed<\/a>. To nab\u00edz\u00ed spoustu u\u017eite\u010dn\u00fdch e-learning\u016f i otev\u0159en\u00fdch kurz\u016f a workshop\u016f, kter\u00e9 pom\u00e1haj\u00ed rozv\u00edjet zejm\u00e9na soft skills. Nen\u00ed to jen o \u00fa\u010dasti na \u0161kolen\u00ed, ale tak\u00e9 o vlastn\u00ed aktivit\u011b a iniciativ\u011b. Intern\u011b po\u0159\u00e1d\u00e1me zaj\u00edmav\u00e9 meetupy, sd\u00edl\u00edme zku\u0161enosti a n\u011bkter\u00e9 t\u00fdmy nab\u00edzej\u00ed i mini st\u00e1\u017ee nebo rotace. A je na ka\u017ed\u00e9m, zda a jak tyto p\u0159\u00edle\u017eitosti vyu\u017eije.<\/p>\n<\/div>\n\n\n\n<div class=\"wp-block-group is-layout-constrained wp-block-group-is-layout-constrained\">\n<h2 class=\"wp-block-heading\">Nejnov\u011bj\u0161\u00ed nab\u00eddky<\/h2>\n\n\n<div class=\"wp-block-seznam-list-jobs\"><div class=\"wp-block-seznam-tiles has-columns-2\" style=\"--seznam-tiles--columns:2\"><div class=\"inner-blocks\"><div class=\"block-boxlink\"><a class=\"boxlink boxlink--icon-arrow boxlink--align-y-center px-f8 py-f4\" href=\"https:\/\/o-seznam.cz\/kariera\/488089-konzultant-rtb\/\"><div class=\"inner-blocks\">\n\n<p class=\"font-bold\">Konzultant RTB<\/p>\n<p class=\"mt-1 text-sm text-neutral-60\">\n\t\t\t<span class=\"text-complement\">Praha<\/span>\n\t\t<span class=\"text-neutral-20 mx-1\">\u2022<\/span>\n\t\tPro mu\u017ee i \u017eeny<\/p>\n\n<\/div><\/a><\/div><div class=\"block-boxlink\"><a class=\"boxlink boxlink--icon-arrow boxlink--align-y-center px-f8 py-f4\" href=\"https:\/\/o-seznam.cz\/kariera\/488070-produktovy-manager-pro-llm\/\"><div class=\"inner-blocks\">\n\n<p class=\"font-bold\">Produktov\u00fd manager pro LLM\u00a0<\/p>\n<p class=\"mt-1 text-sm text-neutral-60\">\n\t\t\t<span class=\"text-complement\">Brno, Praha<\/span>\n\t\t<span class=\"text-neutral-20 mx-1\">\u2022<\/span>\n\t\tPro mu\u017ee i \u017eeny<\/p>\n\n<\/div><\/a><\/div><div class=\"block-boxlink\"><a class=\"boxlink boxlink--icon-arrow boxlink--align-y-center px-f8 py-f4\" href=\"https:\/\/o-seznam.cz\/kariera\/487828-senior-python-backend-developer-pro-obsahove-platformy-seznamu\/\"><div class=\"inner-blocks\">\n\n<p class=\"font-bold\">Senior Python Backend Developer pro obsahov\u00e9 platformy Seznamu<\/p>\n<p class=\"mt-1 text-sm text-neutral-60\">\n\t\t\t<span class=\"text-complement\">Brno<\/span>\n\t\t<span class=\"text-neutral-20 mx-1\">\u2022<\/span>\n\t\tPro mu\u017ee i \u017eeny<\/p>\n\n<\/div><\/a><\/div><div class=\"block-boxlink\"><a class=\"boxlink boxlink--icon-arrow boxlink--align-y-center px-f8 py-f4\" href=\"https:\/\/o-seznam.cz\/kariera\/487797-event-operations-specialist\/\"><div class=\"inner-blocks\">\n\n<p class=\"font-bold\">Event &amp; Operations Specialist<\/p>\n<p class=\"mt-1 text-sm text-neutral-60\">\n\t\t\t<span class=\"text-complement\">Praha<\/span>\n\t\t<span class=\"text-neutral-20 mx-1\">\u2022<\/span>\n\t\tPro mu\u017ee i \u017eeny<\/p>\n\n<\/div><\/a><\/div><div class=\"block-boxlink\"><a class=\"boxlink boxlink--icon-arrow boxlink--align-y-center px-f8 py-f4\" href=\"https:\/\/o-seznam.cz\/kariera\/487587-obchodnik-pro-liberec\/\"><div class=\"inner-blocks\">\n\n<p class=\"font-bold\">Obchodn\u00edk pro Liberec<\/p>\n<p class=\"mt-1 text-sm text-neutral-60\">\n\t\t\t<span class=\"text-complement\">Liberec<\/span>\n\t\t<span class=\"text-neutral-20 mx-1\">\u2022<\/span>\n\t\tPro mu\u017ee i \u017eeny<\/p>\n\n<\/div><\/a><\/div><div class=\"block-boxlink\"><a class=\"boxlink boxlink--icon-arrow boxlink--align-y-center px-f8 py-f4\" href=\"https:\/\/o-seznam.cz\/kariera\/487453-obchodnik-pro-severovychodni-kralovehradecko\/\"><div class=\"inner-blocks\">\n\n<p class=\"font-bold\">Obchodn\u00edk pro severov\u00fdchodn\u00ed Kr\u00e1lov\u00e9hradecko<\/p>\n<p class=\"mt-1 text-sm text-neutral-60\">\n\t\t\t<span class=\"text-complement\">Hradec Kr\u00e1lov\u00e9<\/span>\n\t\t<span class=\"text-neutral-20 mx-1\">\u2022<\/span>\n\t\tPro mu\u017ee i \u017eeny<\/p>\n\n<\/div><\/a><\/div><\/div><\/div><\/div>\n\n\n\n<div class=\"wp-block-buttons is-content-justification-center is-layout-flex wp-container-core-buttons-is-layout-a89b3969 wp-block-buttons-is-layout-flex\">\n<div class=\"wp-block-button\"><a class=\"wp-block-button__link wp-element-button\" href=\"https:\/\/o-seznam.cz\/kariera\/volne-pozice\/\">Uk\u00e1zat v\u0161echny pozice<\/a><\/div>\n<\/div>\n<\/div>\n","protected":false},"excerpt":{"rendered":"<p>Ka\u017ed\u00fd rok p\u0159ij\u00edm\u00e1me des\u00edtky nad\u011bjn\u00fdch junior\u016f, kte\u0159\u00ed u n\u00e1s z\u00edskaj\u00ed mentoring, \u0161kolen\u00ed a podporu pro sv\u016fj profesn\u00ed r\u016fst. Nejeden Seznam\u00e1k na \u0161\u00e9fovsk\u00e9 pozici, kter\u00fd dnes pracuje na kl\u00ed\u010dov\u00fdch projektech, se u n\u00e1s vypracoval pr\u00e1v\u011b z juniorn\u00ed pozice. A to je nejlep\u0161\u00ed vysv\u011bd\u010den\u00ed jak pro juniora, tak pro n\u00e1s. Za bezm\u00e1la 30 let Seznam vyrostl z [&hellip;]<\/p>\n","protected":false},"author":2,"featured_media":0,"parent":13801,"menu_order":0,"comment_status":"closed","ping_status":"closed","template":"page-sidemenu","meta":{"_acf_changed":false,"_relevanssi_hide_post":"","_relevanssi_hide_content":"","_relevanssi_pin_for_all":"","_relevanssi_pin_keywords":"","_relevanssi_unpin_keywords":"","_relevanssi_related_keywords":"","_relevanssi_related_include_ids":"","_relevanssi_related_exclude_ids":"","_relevanssi_related_no_append":"","_relevanssi_related_not_related":"","_relevanssi_related_posts":"","_relevanssi_noindex_reason":"","footnotes":""},"page_category":[238],"page_tag":[],"class_list":["post-15962","page","type-page","status-publish","hentry"],"acf":[],"_links":{"self":[{"href":"https:\/\/o-seznam.cz\/kariera\/wp-json\/wp\/v2\/pages\/15962","targetHints":{"allow":["GET"]}}],"collection":[{"href":"https:\/\/o-seznam.cz\/kariera\/wp-json\/wp\/v2\/pages"}],"about":[{"href":"https:\/\/o-seznam.cz\/kariera\/wp-json\/wp\/v2\/types\/page"}],"author":[{"embeddable":true,"href":"https:\/\/o-seznam.cz\/kariera\/wp-json\/wp\/v2\/users\/2"}],"replies":[{"embeddable":true,"href":"https:\/\/o-seznam.cz\/kariera\/wp-json\/wp\/v2\/comments?post=15962"}],"version-history":[{"count":15,"href":"https:\/\/o-seznam.cz\/kariera\/wp-json\/wp\/v2\/pages\/15962\/revisions"}],"predecessor-version":[{"id":19735,"href":"https:\/\/o-seznam.cz\/kariera\/wp-json\/wp\/v2\/pages\/15962\/revisions\/19735"}],"up":[{"embeddable":true,"href":"https:\/\/o-seznam.cz\/kariera\/wp-json\/wp\/v2\/pages\/13801"}],"wp:attachment":[{"href":"https:\/\/o-seznam.cz\/kariera\/wp-json\/wp\/v2\/media?parent=15962"}],"wp:term":[{"taxonomy":"page_category","embeddable":true,"href":"https:\/\/o-seznam.cz\/kariera\/wp-json\/wp\/v2\/page_category?post=15962"},{"taxonomy":"page_tag","embeddable":true,"href":"https:\/\/o-seznam.cz\/kariera\/wp-json\/wp\/v2\/page_tag?post=15962"}],"curies":[{"name":"wp","href":"https:\/\/api.w.org\/{rel}","templated":true}]}}