{"id":15955,"date":"2024-06-19T13:54:35","date_gmt":"2024-06-19T11:54:35","guid":{"rendered":"https:\/\/o-seznam.cz\/kariera\/?page_id=15955"},"modified":"2024-06-19T13:56:31","modified_gmt":"2024-06-19T11:56:31","slug":"poslat-zivotopis","status":"publish","type":"page","link":"https:\/\/o-seznam.cz\/kariera\/poslat-zivotopis\/","title":{"rendered":"Poslat \u017eivotopis"},"content":{"rendered":"\n<div class=\"wp-block-group is-content-justification-left is-layout-constrained wp-container-core-group-is-layout-0dd4f450 wp-block-group-is-layout-constrained\"><div><script>\nvar gform;gform||(document.addEventListener(\"gform_main_scripts_loaded\",function(){gform.scriptsLoaded=!0}),document.addEventListener(\"gform\/theme\/scripts_loaded\",function(){gform.themeScriptsLoaded=!0}),window.addEventListener(\"DOMContentLoaded\",function(){gform.domLoaded=!0}),gform={domLoaded:!1,scriptsLoaded:!1,themeScriptsLoaded:!1,isFormEditor:()=>\"function\"==typeof InitializeEditor,callIfLoaded:function(o){return!(!gform.domLoaded||!gform.scriptsLoaded||!gform.themeScriptsLoaded&&!gform.isFormEditor()||(gform.isFormEditor()&&console.warn(\"The use of gform.initializeOnLoaded() is deprecated in the form editor context and will be removed in Gravity Forms 3.1.\"),o(),0))},initializeOnLoaded:function(o){gform.callIfLoaded(o)||(document.addEventListener(\"gform_main_scripts_loaded\",()=>{gform.scriptsLoaded=!0,gform.callIfLoaded(o)}),document.addEventListener(\"gform\/theme\/scripts_loaded\",()=>{gform.themeScriptsLoaded=!0,gform.callIfLoaded(o)}),window.addEventListener(\"DOMContentLoaded\",()=>{gform.domLoaded=!0,gform.callIfLoaded(o)}))},hooks:{action:{},filter:{}},addAction:function(o,r,e,t){gform.addHook(\"action\",o,r,e,t)},addFilter:function(o,r,e,t){gform.addHook(\"filter\",o,r,e,t)},doAction:function(o){gform.doHook(\"action\",o,arguments)},applyFilters:function(o){return gform.doHook(\"filter\",o,arguments)},removeAction:function(o,r){gform.removeHook(\"action\",o,r)},removeFilter:function(o,r,e){gform.removeHook(\"filter\",o,r,e)},addHook:function(o,r,e,t,n){null==gform.hooks[o][r]&&(gform.hooks[o][r]=[]);var d=gform.hooks[o][r];null==n&&(n=r+\"_\"+d.length),gform.hooks[o][r].push({tag:n,callable:e,priority:t=null==t?10:t})},doHook:function(r,o,e){var t;if(e=Array.prototype.slice.call(e,1),null!=gform.hooks[r][o]&&((o=gform.hooks[r][o]).sort(function(o,r){return o.priority-r.priority}),o.forEach(function(o){\"function\"!=typeof(t=o.callable)&&(t=window[t]),\"action\"==r?t.apply(null,e):e[0]=t.apply(null,e)})),\"filter\"==r)return e[0]},removeHook:function(o,r,t,n){var e;null!=gform.hooks[o][r]&&(e=(e=gform.hooks[o][r]).filter(function(o,r,e){return!!(null!=n&&n!=o.tag||null!=t&&t!=o.priority)}),gform.hooks[o][r]=e)}});\n<\/script>\n\n                <div class='gf_browser_gecko gform_wrapper gravity-theme gform-theme--no-framework' data-form-theme='gravity-theme' data-form-index='0' id='gform_wrapper_4' ><div id='gf_4' class='gform_anchor' tabindex='-1'><\/div>\n                        <div class='gform_heading'>\n\t\t\t\t\t\t\t<p class='gform_required_legend'>&quot;<span class=\"gfield_required gfield_required_asterisk\">*<\/span>&quot; indicates required fields<\/p>\n                        <\/div><form method='post' enctype='multipart\/form-data' target='gform_ajax_frame_4' id='gform_4'  action='\/kariera\/wp-json\/wp\/v2\/pages\/15955#gf_4' data-formid='4' novalidate>\n                        <div class='gform-body gform_body'><div id='gform_fields_4' class='gform_fields top_label form_sublabel_below description_below validation_below'><div id=\"field_4_26\" class=\"gfield gfield--type-honeypot gform_validation_container field_sublabel_below gfield--has-description field_description_below field_validation_below gfield_visibility_visible\"  ><label class='gfield_label gform-field-label' for='input_4_26'>Facebook<\/label><div class='ginput_container'><input name='input_26' id='input_4_26' type='text' value='' autocomplete='new-password'\/><\/div><div class='gfield_description' id='gfield_description_4_26'>This field is for validation purposes and should be left unchanged.<\/div><\/div><div id=\"field_4_1\" class=\"gfield gfield--type-text gfield--input-type-text gfield--width-half gfield_contains_required field_sublabel_below gfield--no-description field_description_below field_validation_below gfield_visibility_visible\"  ><label class='gfield_label gform-field-label' for='input_4_1'>Jm\u00e9no a p\u0159\u00edjmen\u00ed<span class=\"gfield_required\"><span class=\"gfield_required gfield_required_asterisk\">*<\/span><\/span><\/label><div class='ginput_container ginput_container_text'><input name='input_1' id='input_4_1' type='text' value='' class='large'     aria-required=\"true\" aria-invalid=\"false\"   \/><\/div><\/div><div id=\"field_4_5\" class=\"gfield gfield--type-email gfield--input-type-email gfield--width-half gfield_contains_required field_sublabel_below gfield--no-description field_description_below field_validation_below gfield_visibility_visible\"  ><label class='gfield_label gform-field-label' for='input_4_5'>E-mail<span class=\"gfield_required\"><span class=\"gfield_required gfield_required_asterisk\">*<\/span><\/span><\/label><div class='ginput_container ginput_container_email'>\n                            <input name='input_5' id='input_4_5' type='email' value='' class='large'    aria-required=\"true\" aria-invalid=\"false\"  \/>\n                        <\/div><\/div><div id=\"field_4_23\" class=\"gfield gfield--type-phone gfield--input-type-phone gfield--width-half gfield_contains_required field_sublabel_below gfield--no-description field_description_below field_validation_below gfield_visibility_visible\"  ><label class='gfield_label gform-field-label' for='input_4_23'>Telefonn\u00ed \u010d\u00edslo<span class=\"gfield_required\"><span class=\"gfield_required gfield_required_asterisk\">*<\/span><\/span><\/label><div class='ginput_container ginput_container_phone'><input name='input_23' id='input_4_23' type='tel' value='+420 ' class='large'   aria-required=\"true\" aria-invalid=\"false\"   \/><\/div><\/div><div id=\"field_4_24\" class=\"gfield gfield--type-html gfield--input-type-html gfield--width-half gfield_html gfield_html_formatted gfield_no_follows_desc field_sublabel_below gfield--no-description field_description_below field_validation_below gfield_visibility_visible\"  ><\/div><div id=\"field_4_17\" class=\"gfield gfield--type-multiselect gfield--input-type-multiselect gfield--width-half gfield_contains_required field_sublabel_below gfield--no-description field_description_below field_validation_below gfield_visibility_visible\"  ><label class='gfield_label gform-field-label' for='input_4_17'>Preferovan\u00fd obor<span class=\"gfield_required\"><span class=\"gfield_required gfield_required_asterisk\">*<\/span><\/span><\/label><div class='ginput_container ginput_container_multiselect'><select multiple='multiple'  size='7' name='input_17[]' id='input_4_17' class='large gfield_select'   aria-invalid=\"false\" aria-required=\"true\" ><option value='HR, Pr\u00e1vo a Finance' >HR, Pr\u00e1vo a Finance<\/option><option value='IT a technologie' >IT a technologie<\/option><option value='Obchod a prodej reklamy' >Obchod a prodej reklamy<\/option><option value='Odborn\u00ed specialist\u00e9' >Odborn\u00ed specialist\u00e9<\/option><option value='PR, Marketing a M\u00e9dia' >PR, Marketing a M\u00e9dia<\/option><option value='Trainee a studenti' >Trainee a studenti<\/option><option value='Nem\u00e1m preferenci' >Nem\u00e1m preferenci<\/option><\/select><\/div><\/div><div id=\"field_4_14\" class=\"gfield gfield--type-select gfield--input-type-select gfield--width-half gfield_contains_required field_sublabel_below gfield--no-description field_description_below field_validation_below gfield_visibility_visible\"  ><label class='gfield_label gform-field-label' for='input_4_14'>Preferovan\u00e1 lokalita<span class=\"gfield_required\"><span class=\"gfield_required gfield_required_asterisk\">*<\/span><\/span><\/label><div class='ginput_container ginput_container_select'><select name='input_14' id='input_4_14' class='large gfield_select'    aria-required=\"true\" aria-invalid=\"false\" ><option value='' selected='selected' class='gf_placeholder'>vyberte<\/option><option value='Ben\u00e1tky nad Jizerou' >Ben\u00e1tky nad Jizerou<\/option><option value='Bratislava' >Bratislava<\/option><option value='Brno' >Brno<\/option><option value='\u010cesk\u00e9 Bud\u011bjovice' >\u010cesk\u00e9 Bud\u011bjovice<\/option><option value='Hradec Kr\u00e1lov\u00e9' >Hradec Kr\u00e1lov\u00e9<\/option><option value='Liberec' >Liberec<\/option><option value='Olomouc' >Olomouc<\/option><option value='Ostrava' >Ostrava<\/option><option value='Plze\u0148' >Plze\u0148<\/option><option value='Praha' >Praha<\/option><option value='Uhersk\u00e9 Hradi\u0161t\u011b' >Uhersk\u00e9 Hradi\u0161t\u011b<\/option><option value='\u017dilina' >\u017dilina<\/option><option value='Zl\u00edn' >Zl\u00edn<\/option><\/select><\/div><\/div><div id=\"field_4_18\" class=\"gfield gfield--type-text gfield--input-type-text gfield--width-half gfield_contains_required field_sublabel_below gfield--no-description field_description_below field_validation_below gfield_visibility_visible\"  ><label class='gfield_label gform-field-label' for='input_4_18'>O\u010dek\u00e1van\u00e1 hrub\u00e1 mzda<span class=\"gfield_required\"><span class=\"gfield_required gfield_required_asterisk\">*<\/span><\/span><\/label><div class='ginput_container ginput_container_text'><input name='input_18' id='input_4_18' type='text' value='' class='large'     aria-required=\"true\" aria-invalid=\"false\"   \/><\/div><\/div><div id=\"field_4_13\" class=\"gfield gfield--type-multiselect gfield--input-type-multiselect gfield--width-half gfield_contains_required field_sublabel_below gfield--no-description field_description_below field_validation_below gfield_visibility_visible\"  ><label class='gfield_label gform-field-label' for='input_4_13'>Typ \u00favazku<span class=\"gfield_required\"><span class=\"gfield_required gfield_required_asterisk\">*<\/span><\/span><\/label><div class='ginput_container ginput_container_multiselect'><select multiple='multiple'  size='7' name='input_13[]' id='input_4_13' class='large gfield_select'   aria-invalid=\"false\" aria-required=\"true\" ><option value='Pln\u00fd \u00favazek' >Pln\u00fd \u00favazek<\/option><option value='Zkr\u00e1cen\u00fd \u00favazek' >Zkr\u00e1cen\u00fd \u00favazek<\/option><option value='Spolupr\u00e1ce na \u017eivnostensk\u00fd list' >Spolupr\u00e1ce na \u017eivnostensk\u00fd list<\/option><option value='Brig\u00e1da' >Brig\u00e1da<\/option><\/select><\/div><\/div><div id=\"field_4_20\" class=\"gfield gfield--type-section gfield--input-type-section gsection is-style-label field_sublabel_below gfield--no-description field_description_below field_validation_below gfield_visibility_visible\"  ><h3 class=\"gsection_title\">\u017divotopis, portfolio a jin\u00e9 dokumenty<\/h3><\/div><div id=\"field_4_6\" class=\"gfield gfield--type-fileupload gfield--input-type-fileupload gfield--width-full is-gform_fileupload_rules-hidden field_sublabel_below gfield--no-description field_description_below field_validation_below gfield_visibility_visible\"  ><label class='gfield_label gform-field-label' for='gform_browse_button_4_6'>Nahr\u00e1t soubor (max 2MB)<\/label><div class='ginput_container ginput_container_fileupload'><div id='gform_multifile_upload_4_6' data-settings='{&quot;runtimes&quot;:&quot;html5,flash,html4&quot;,&quot;browse_button&quot;:&quot;gform_browse_button_4_6&quot;,&quot;container&quot;:&quot;gform_multifile_upload_4_6&quot;,&quot;drop_element&quot;:&quot;gform_drag_drop_area_4_6&quot;,&quot;filelist&quot;:&quot;gform_preview_4_6&quot;,&quot;unique_names&quot;:true,&quot;file_data_name&quot;:&quot;file&quot;,&quot;url&quot;:&quot;https:\\\/\\\/o-seznam.cz\\\/kariera\\\/?gf_page=c4e95d1587151eb&quot;,&quot;flash_swf_url&quot;:&quot;https:\\\/\\\/o-seznam.cz\\\/kariera\\\/wp-includes\\\/js\\\/plupload\\\/plupload.flash.swf&quot;,&quot;silverlight_xap_url&quot;:&quot;https:\\\/\\\/o-seznam.cz\\\/kariera\\\/wp-includes\\\/js\\\/plupload\\\/plupload.silverlight.xap&quot;,&quot;filters&quot;:{&quot;mime_types&quot;:[{&quot;title&quot;:&quot;Allowed Files&quot;,&quot;extensions&quot;:&quot;doc,docx,xls,xlsx,pdf,jpg,png,txt,html&quot;}],&quot;max_file_size&quot;:&quot;2097152b&quot;},&quot;multipart&quot;:true,&quot;urlstream_upload&quot;:false,&quot;multipart_params&quot;:{&quot;form_id&quot;:4,&quot;field_id&quot;:6,&quot;_gform_file_upload_nonce_4_6&quot;:&quot;295212d5a8&quot;},&quot;gf_vars&quot;:{&quot;max_files&quot;:0,&quot;message_id&quot;:&quot;gform_multifile_messages_4_6&quot;,&quot;disallowed_extensions&quot;:[&quot;php&quot;,&quot;asp&quot;,&quot;aspx&quot;,&quot;cmd&quot;,&quot;csh&quot;,&quot;bat&quot;,&quot;html&quot;,&quot;htm&quot;,&quot;hta&quot;,&quot;jar&quot;,&quot;exe&quot;,&quot;com&quot;,&quot;js&quot;,&quot;lnk&quot;,&quot;htaccess&quot;,&quot;phar&quot;,&quot;phtml&quot;,&quot;ps1&quot;,&quot;ps2&quot;,&quot;php3&quot;,&quot;php4&quot;,&quot;php5&quot;,&quot;php6&quot;,&quot;py&quot;,&quot;rb&quot;,&quot;tmp&quot;]}}' class='gform_fileupload_multifile'>\n\t\t\t\t\t\t\t\t\t\t<div id='gform_drag_drop_area_4_6' class='gform_drop_area gform-theme-field-control'>\n\t\t\t\t\t\t\t\t\t\t\t<span class='gform_drop_instructions'>P\u0159et\u00e1hnout soubory nebo <\/span>\n\t\t\t\t\t\t\t\t\t\t\t<button type='button' id='gform_browse_button_4_6' class='button gform_button_select_files gform-theme-button gform-theme-button--control' aria-describedby=\"gfield_upload_rules_4_6\"  >Vybrat soubory<\/button>\n\t\t\t\t\t\t\t\t\t\t<\/div>\n\t\t\t\t\t\t\t\t\t<\/div><span class='gfield_description gform_fileupload_rules' id='gfield_upload_rules_4_6'>Accepted file types: doc, docx, xls, xlsx, pdf, jpg, png, txt, html, Max. velikost souboru: 2 MB.<\/span><ul class='validation_message--hidden-on-empty gform-ul-reset' id='gform_multifile_messages_4_6'><\/ul> <div id='gform_preview_4_6' class='ginput_preview_list'><\/div><\/div><\/div><div id=\"field_4_10\" class=\"gfield gfield--type-website gfield--input-type-website gfield--width-full field_sublabel_below gfield--no-description field_description_below field_validation_below gfield_visibility_visible\"  ><label class='gfield_label gform-field-label' for='input_4_10'>Vlo\u017eit odkaz<\/label><div class='ginput_container ginput_container_website'>\n                    <input name='input_10' id='input_4_10' type='url' value='' class='large'    placeholder='http:\/\/'  aria-invalid=\"false\" \/>\n                <\/div><\/div><div id=\"field_4_11\" class=\"gfield gfield--type-textarea gfield--input-type-textarea field_sublabel_below gfield--no-description field_description_below field_validation_below gfield_visibility_visible\"  ><label class='gfield_label gform-field-label' for='input_4_11'>Co od nov\u00e9 pr\u00e1ce o\u010dek\u00e1v\u00e1te? Je to f\u00e9rov\u00fd p\u0159\u00edstup, kari\u00e9rn\u00ed r\u016fst, nebo stabilita?<\/label><div class='ginput_container ginput_container_textarea'><textarea name='input_11' id='input_4_11' class='textarea medium'      aria-invalid=\"false\"   rows='10' cols='50'><\/textarea><\/div><\/div><fieldset id=\"field_4_16\" class=\"gfield gfield--type-consent gfield--type-choice gfield--input-type-consent gfield--width-full gfield_contains_required field_sublabel_below gfield--no-description field_description_below hidden_label field_validation_below gfield_visibility_visible\"  ><legend class='gfield_label gform-field-label gfield_label_before_complex' >Souhlas s uchov\u00e1n\u00edm informac\u00ed<span class=\"gfield_required\"><span class=\"gfield_required gfield_required_asterisk\">*<\/span><\/span><\/legend><div class='ginput_container ginput_container_consent'><input name='input_16.1' id='input_4_16_1' type='checkbox' value='1'   aria-required=\"true\" aria-invalid=\"false\"   \/> <label class=\"gform-field-label gform-field-label--type-inline gfield_consent_label\" for='input_4_16_1' >Souhlas\u00edm, aby se mi Seznam.cz ozval, pokud pro m\u011b najde vhodnou pozici.<span class=\"gfield_required gfield_required_asterisk\">*<\/span><\/label><input type='hidden' name='input_16.2' value='Souhlas\u00edm, aby se mi Seznam.cz ozval, pokud pro m\u011b najde vhodnou pozici.' class='gform_hidden' \/><input type='hidden' name='input_16.3' value='6' class='gform_hidden' \/><\/div><\/fieldset><div id=\"field_4_25\" class=\"gfield gfield--type-html gfield--input-type-html gfield--width-full is-html-consent-gfield gfield_html gfield_html_formatted gfield_no_follows_desc field_sublabel_below gfield--no-description field_description_below field_validation_below gfield_visibility_visible\"  ><!-- GENERATED CONSENT -->  <div class=\"limiter has-button\" data-limiter=\"1\" data-limiter-selector=\"&gt; * \"> \t<div> \t\t<div class=\"is-layout-flow\"> \t\t\tOsobn\u00ed \u00fadaje zpracov\u00e1v\u00e1ny a uchov\u00e1v\u00e1ny za \u00fa\u010delem kontaktov\u00e1n\u00ed v p\u0159\u00edpad\u011b aktu\u00e1ln\u00edch nebo budouc\u00edch pracovn\u00edch p\u0159\u00edle\u017eitost\u00ed.\t\t<\/div> \t\t<div class=\"limiter-item-hidden is-layout-flow mt-f6\" hidden=\"true\"> \t\t\t<p>Souhlas ud\u011bluji na dobu t\u0159\u00ed let.<\/p> <p>Souhlas mohu kdykoli odvolat a sv\u00e9 osobn\u00ed \u00fadaje nen\u00e1vratn\u011b smazat\u00a0<a href=\"https:\/\/app.recruitis.io\/public\/unsubscribe\">na t\u00e9to adrese<\/a>. Smaz\u00e1n\u00edm osobn\u00edch \u00fadaj\u016f dojde k nen\u00e1vratn\u00e9mu smaz\u00e1n\u00ed v\u0161ech v\u00e1mi zaslan\u00fdch \u00fadaj\u016f v\u010detn\u011b v\u0161ech dopl\u0148uj\u00edc\u00edch \u00fadaj\u016f osobn\u00edho charakteru p\u0159idan\u00e9 spr\u00e1vcem, krom\u011b pozn\u00e1mek, kter\u00e9 jsou v\u00fdstupem a z\u00e1znamem o pr\u016fb\u011bhu v\u00fdb\u011brov\u00e9ho \u0159\u00edzen\u00ed a neobsahuj\u00ed \u017e\u00e1dn\u00e9 osobn\u00ed \u00fadaje.<\/p> <p>V\u00edce informac\u00ed najdete\u00a0v\u00a0<a href=\"https:\/\/o-seznam.cz\/pravni-informace\/ochrana-udaju\/udaje-uchazecu\/\" target=\"_blank\" rel=\"noopener\">Z\u00e1sad\u00e1ch zpracov\u00e1n\u00ed osobn\u00edch \u00fadaj\u016f<\/a>.<\/p> \t\t<\/div> \t<\/div> \t<button class=\"limiter__button circle-button circle-button--down\" aria-expanded=\"false\"> \t\t<span class=\"screen-reader-text\">Rozbalit\/sbalit<\/span> \t<\/button> <\/div> <!-- \/GENERATED CONSENT --><\/div><\/div><\/div>\n        <div class='gform-footer gform_footer top_label'> <input type='submit' id='gform_submit_button_4' class='gform_button wp-element-button button' onclick='gform.submission.handleButtonClick(this);' data-submission-type='submit' value='Odeslat'  \/> <input type='hidden' name='gform_ajax' value='form_id=4&amp;title=&amp;description=&amp;tabindex=0&amp;theme=gravity-theme&amp;styles={&quot;inputPrimaryColor&quot;:&quot;#204ce5&quot;,&quot;theme&quot;:&quot;gravity-theme&quot;}&amp;hash=85b5d1226239a0005267f3e6756ad2f5' \/>\n            <input type='hidden' class='gform_hidden' name='gform_submission_method' data-js='gform_submission_method_4' value='iframe' \/>\n            <input type='hidden' class='gform_hidden' name='gform_theme' data-js='gform_theme_4' id='gform_theme_4' value='gravity-theme' \/>\n            <input type='hidden' class='gform_hidden' name='gform_style_settings' data-js='gform_style_settings_4' id='gform_style_settings_4' value='{&quot;inputPrimaryColor&quot;:&quot;#204ce5&quot;,&quot;theme&quot;:&quot;gravity-theme&quot;}' \/>\n            <input type='hidden' class='gform_hidden' name='is_submit_4' value='1' \/>\n            <input type='hidden' class='gform_hidden' name='gform_submit' value='4' \/>\n            \n            <input type='hidden' class='gform_hidden' name='gform_currency' data-currency='CZK' value='NuqtVg5CXpT9K5ZVY7k4m0o5MVTFau2KAuWSY7LbgPYbiT7zklVx2FFYxaciwwNQLJyrpAjByKrD\/sOj0IupXGA8XnVvJuq65K\/dee82J2aZQkM=' \/>\n            <input type='hidden' class='gform_hidden' name='gform_unique_id' value='' \/>\n            <input type='hidden' class='gform_hidden' name='state_4' value='WyJ7XCIxNi4xXCI6XCJiNWI0ZmI1MDQ0MWNhYTZlNmIxMmRhZGU3Y2FjNzczOFwiLFwiMTYuMlwiOlwiZjc3MDkzNDZkMTUwYjEwMGY1ZDliMTBkZmY5M2M1MzRcIixcIjE2LjNcIjpcImJiOTg4MmQzNzE5YmFmYWI2ZDJmZTEzNzg3NzhhYzg0XCJ9IiwiNmYyNDJlMDI0ZWQ5MDVhZTJhYTViYzBhMTM3MTJiZWEiXQ==' \/>\n            <input type='hidden' autocomplete='off' class='gform_hidden' name='gform_target_page_number_4' id='gform_target_page_number_4' value='0' \/>\n            <input type='hidden' autocomplete='off' class='gform_hidden' name='gform_source_page_number_4' id='gform_source_page_number_4' value='1' \/>\n            <input type='hidden' name='gform_field_values' value='' \/>\n            <input type='hidden' name='gform_uploaded_files' id='gform_uploaded_files_4' value='' \/>\n        <\/div>\n                        <\/form>\n                        <\/div>\n\t\t                <iframe style='display:none;width:0px;height:0px;' src='about:blank' name='gform_ajax_frame_4' id='gform_ajax_frame_4' title='This iframe contains the logic required to handle Ajax powered Gravity Forms.'><\/iframe>\n\t\t                <script>\ngform.initializeOnLoaded( function() {gformInitSpinner( 4, 'https:\/\/o-seznam.cz\/kariera\/wp-content\/plugins\/gravityforms\/images\/spinner.svg', true );jQuery('#gform_ajax_frame_4').on('load',function(){var contents = jQuery(this).contents().find('*').html();var is_postback = contents.indexOf('GF_AJAX_POSTBACK') >= 0;if(!is_postback){return;}var form_content = jQuery(this).contents().find('#gform_wrapper_4');var is_confirmation = jQuery(this).contents().find('#gform_confirmation_wrapper_4').length > 0;var is_redirect = contents.indexOf('gformRedirect(){') >= 0;var is_form = form_content.length > 0 && ! is_redirect && ! is_confirmation;var mt = parseInt(jQuery('html').css('margin-top'), 10) + parseInt(jQuery('body').css('margin-top'), 10) + 100;if(is_form){jQuery('#gform_wrapper_4').html(form_content.html());if(form_content.hasClass('gform_validation_error')){jQuery('#gform_wrapper_4').addClass('gform_validation_error');} else {jQuery('#gform_wrapper_4').removeClass('gform_validation_error');}setTimeout( function() { \/* delay the scroll by 50 milliseconds to fix a bug in chrome *\/ jQuery(document).scrollTop(jQuery('#gform_wrapper_4').offset().top - mt); }, 50 );if(window['gformInitDatepicker']) {gformInitDatepicker();}if(window['gformInitPriceFields']) {gformInitPriceFields();}var current_page = jQuery('#gform_source_page_number_4').val();gformInitSpinner( 4, 'https:\/\/o-seznam.cz\/kariera\/wp-content\/plugins\/gravityforms\/images\/spinner.svg', true );jQuery(document).trigger('gform_page_loaded', [4, current_page]);window['gf_submitting_4'] = false;}else if(!is_redirect){var confirmation_content = jQuery(this).contents().find('.GF_AJAX_POSTBACK').html();if(!confirmation_content){confirmation_content = contents;}jQuery('#gform_wrapper_4').replaceWith(confirmation_content);jQuery(document).scrollTop(jQuery('#gf_4').offset().top - mt);jQuery(document).trigger('gform_confirmation_loaded', [4]);window['gf_submitting_4'] = false;wp.a11y.speak(jQuery('#gform_confirmation_message_4').text());}else{jQuery('#gform_4').append(contents);if(window['gformRedirect']) {gformRedirect();}}jQuery(document).trigger(\"gform_pre_post_render\", [{ formId: \"4\", currentPage: \"current_page\", abort: function() { this.preventDefault(); } }]);        if (event && event.defaultPrevented) {                return;        }        const gformWrapperDiv = document.getElementById( \"gform_wrapper_4\" );        if ( gformWrapperDiv ) {            const visibilitySpan = document.createElement( \"span\" );            visibilitySpan.id = \"gform_visibility_test_4\";            gformWrapperDiv.insertAdjacentElement( \"afterend\", visibilitySpan );        }        const visibilityTestDiv = document.getElementById( \"gform_visibility_test_4\" );        let postRenderFired = false;        function triggerPostRender() {            if ( postRenderFired ) {                return;            }            postRenderFired = true;            gform.core.triggerPostRenderEvents( 4, current_page );            if ( visibilityTestDiv ) {                visibilityTestDiv.parentNode.removeChild( visibilityTestDiv );            }        }        function debounce( func, wait, immediate ) {            var timeout;            return function() {                var context = this, args = arguments;                var later = function() {                    timeout = null;                    if ( !immediate ) func.apply( context, args );                };                var callNow = immediate && !timeout;                clearTimeout( timeout );                timeout = setTimeout( later, wait );                if ( callNow ) func.apply( context, args );            };        }        const debouncedTriggerPostRender = debounce( function() {            triggerPostRender();        }, 200 );        if ( visibilityTestDiv && visibilityTestDiv.offsetParent === null ) {            const observer = new MutationObserver( ( mutations ) => {                mutations.forEach( ( mutation ) => {                    if ( mutation.type === 'attributes' && visibilityTestDiv.offsetParent !== null ) {                        debouncedTriggerPostRender();                        observer.disconnect();                    }                });            });            observer.observe( document.body, {                attributes: true,                childList: false,                subtree: true,                attributeFilter: [ 'style', 'class' ],            });        } else {            triggerPostRender();        }    } );} );\n<\/script>\n<\/div><\/div>\n","protected":false},"excerpt":{"rendered":"","protected":false},"author":1,"featured_media":0,"parent":0,"menu_order":0,"comment_status":"closed","ping_status":"closed","template":"","meta":{"_acf_changed":false,"_relevanssi_hide_post":"","_relevanssi_hide_content":"","_relevanssi_pin_for_all":"","_relevanssi_pin_keywords":"","_relevanssi_unpin_keywords":"","_relevanssi_related_keywords":"","_relevanssi_related_include_ids":"","_relevanssi_related_exclude_ids":"","_relevanssi_related_no_append":"","_relevanssi_related_not_related":"","_relevanssi_related_posts":"","_relevanssi_noindex_reason":"","footnotes":""},"page_category":[],"page_tag":[],"class_list":["post-15955","page","type-page","status-publish","hentry"],"acf":[],"_links":{"self":[{"href":"https:\/\/o-seznam.cz\/kariera\/wp-json\/wp\/v2\/pages\/15955","targetHints":{"allow":["GET"]}}],"collection":[{"href":"https:\/\/o-seznam.cz\/kariera\/wp-json\/wp\/v2\/pages"}],"about":[{"href":"https:\/\/o-seznam.cz\/kariera\/wp-json\/wp\/v2\/types\/page"}],"author":[{"embeddable":true,"href":"https:\/\/o-seznam.cz\/kariera\/wp-json\/wp\/v2\/users\/1"}],"replies":[{"embeddable":true,"href":"https:\/\/o-seznam.cz\/kariera\/wp-json\/wp\/v2\/comments?post=15955"}],"version-history":[{"count":2,"href":"https:\/\/o-seznam.cz\/kariera\/wp-json\/wp\/v2\/pages\/15955\/revisions"}],"predecessor-version":[{"id":15958,"href":"https:\/\/o-seznam.cz\/kariera\/wp-json\/wp\/v2\/pages\/15955\/revisions\/15958"}],"wp:attachment":[{"href":"https:\/\/o-seznam.cz\/kariera\/wp-json\/wp\/v2\/media?parent=15955"}],"wp:term":[{"taxonomy":"page_category","embeddable":true,"href":"https:\/\/o-seznam.cz\/kariera\/wp-json\/wp\/v2\/page_category?post=15955"},{"taxonomy":"page_tag","embeddable":true,"href":"https:\/\/o-seznam.cz\/kariera\/wp-json\/wp\/v2\/page_tag?post=15955"}],"curies":[{"name":"wp","href":"https:\/\/api.w.org\/{rel}","templated":true}]}}