
{"id":15254,"date":"2024-06-04T17:27:12","date_gmt":"2024-06-04T15:27:12","guid":{"rendered":"https:\/\/o-seznam.cz\/kariera\/?page_id=15254"},"modified":"2025-11-03T17:59:24","modified_gmt":"2025-11-03T16:59:24","slug":"free-days","status":"publish","type":"page","link":"https:\/\/o-seznam.cz\/kariera\/nejcastejsi-dotazy\/free-days\/","title":{"rendered":"Jak\u00e9 jsou dny volna"},"content":{"rendered":"\n<div class=\"wp-block-group is-layout-constrained wp-block-group-is-layout-constrained\">\n<p>Podle v\u011bt\u0161iny pr\u016fzkum\u016f si zam\u011bstnanci nejv\u00edc cen\u00ed <a href=\"https:\/\/o-seznam.cz\/kariera\/benefity\/\" data-type=\"link\" data-id=\"https:\/\/o-seznam.cz\/kariera\/benefity\/\">benefit\u016f<\/a>, kter\u00e9 poskytuj\u00ed v\u011bt\u0161\u00ed m\u00edru flexibility a mo\u017enost l\u00e9pe zkombinovat pracovn\u00ed a osobn\u00ed \u017eivot. Jedn\u00edm z takov\u00fdch benefit\u016f jsou pr\u00e1v\u011b i takzvan\u00e9 Sick days. Jedn\u00e1 se o pracovn\u00ed volno, kter\u00e9 zam\u011bstnavatel poskytuje zam\u011bstnanci a u\u017e podle n\u00e1zvu slou\u017e\u00ed ke zdravotn\u00edm \u00fa\u010del\u016fm. My v Seznamu m\u00e1me r\u00e1di volnost, proto m\u00edsto Sick days nab\u00edz\u00edme Free days. Funguj\u00ed na stejn\u00e9m principu, ale voln\u00e9 dny m\u016f\u017eete vyu\u017e\u00edt p\u0159esn\u011b podle sebe, zkr\u00e1tka nejen pro zdravotn\u00ed \u00fa\u010dely.<\/p>\n\n\n<nav class=\"menu-anchors limiter\" data-limiter=\"6\" data-limiter-selector=\"&gt; ul\">\n<ul>\n\t<li><a href=\"#sick-day\">Co je Sick day?<\/a><\/li>\n<li><a href=\"#je-sick-day-placeny\">Je Sick day placen\u00fd?<\/a><\/li>\n<li><a href=\"#co-si-pohlidat\">Co si pohl\u00eddat, kdy\u017e si chci vz\u00edt Sick day?<\/a><\/li>\n<li><a href=\"#pravidla\">Kdy si m\u016f\u017eu vz\u00edt Sick day a jak\u00e1 b\u00fdvaj\u00ed pravidla?<\/a><\/li>\n<li><a href=\"#zkusebni-doba\">M\u016f\u017eu si Sick day vz\u00edt ve zku\u0161ebn\u00ed dob\u011b?<\/a><\/li>\n<li><a href=\"#vypovedni-doba\">Sick day ve v\u00fdpov\u011bdn\u00ed dob\u011b?<\/a><\/li>\n<li class=\"limiter-item-hidden\"><a href=\"#jak-funguji\">Dny volna nav\u00edc (Free days) a jak funguj\u00ed<\/a><\/li>\n<li class=\"limiter-item-hidden\"><a href=\"#specialni-dny\">Jsou n\u011bjak\u00e9 dal\u0161\u00ed speci\u00e1ln\u00ed dny, kter\u00e9 sm\u00edm \u010derpat?<\/a><\/li>\n<li class=\"limiter-item-hidden\"><a href=\"#narok-na-dny-volna\">Kdy m\u00e1m n\u00e1rok na dny volna ze z\u00e1kona?<\/a><\/li>\n<\/ul>\n\t<button class=\"limiter__button circle-button circle-button--down\">\n\t\t<span class=\"screen-reader-text\">Zobrazit v\u0161e <\/span>\n\t<\/button>\n\n<\/nav>\n<\/div>\n\n\n\n<div class=\"wp-block-group is-layout-constrained wp-block-group-is-layout-constrained\">\n<h2 class=\"wp-block-heading\" id=\"sick-day\">Co je Sick day?<\/h2>\n\n\n\n<p>Pojem Sick days Z\u00e1kon\u00edk pr\u00e1ce nezn\u00e1 a jedn\u00e1 se o nen\u00e1rokov\u00fd benefit. Nej\u010dast\u011bji se jedn\u00e1 o 3 a\u017e 5 dn\u00ed volna a pravidla jeho vyu\u017e\u00edv\u00e1n\u00ed firma v\u011bt\u0161inou definuje a upravuje vnit\u0159n\u00ed sm\u011brnic\u00ed. Sick days slou\u017e\u00ed k \u0159e\u0161en\u00ed n\u00e1hl\u00e9 zdravotn\u00ed indispozici a ned\u00e1 se tedy pl\u00e1novat p\u0159edem. Nejedn\u00e1 se o do\u010dasnou pracovn\u00ed neschopnost, kter\u00e1 se potvrzuje l\u00e9ka\u0159em. Zam\u011bstnavatel tedy nem\u016f\u017ee zam\u011bstnance v pr\u016fb\u011bhu Sick days kontrolovat, tak jako tomu m\u016f\u017ee b\u00fdt v p\u0159\u00edpad\u011b pracovn\u00ed neschopnosti.<\/p>\n<\/div>\n\n\n\n<div class=\"wp-block-group is-layout-constrained wp-block-group-is-layout-constrained\">\n<h2 class=\"wp-block-heading\" id=\"je-sick-day-placeny\">Je Sick day placen\u00fd?<\/h2>\n\n\n\n<p>Dny volna v r\u00e1mci Sick days b\u00fdvaj\u00ed placen\u00e9. Zam\u011bstnavatel tedy propl\u00e1c\u00ed zam\u011bstnanci n\u00e1hradu mzdy \u010di platu. U n\u00e1s v Seznamu ho propl\u00e1c\u00edme.<\/p>\n<\/div>\n\n\n\n<div class=\"wp-block-group is-layout-constrained wp-block-group-is-layout-constrained\">\n<h2 class=\"wp-block-heading\">Nejnov\u011bj\u0161\u00ed nab\u00eddky<\/h2>\n\n\n<div class=\"wp-block-seznam-list-jobs\"><div class=\"wp-block-seznam-tiles has-columns-2\" style=\"--seznam-tiles--columns:2\"><div class=\"inner-blocks\"><div class=\"block-boxlink\"><a class=\"boxlink boxlink--icon-arrow boxlink--align-y-center px-f8 py-f4\" href=\"https:\/\/o-seznam.cz\/kariera\/488089-konzultant-rtb\/\"><div class=\"inner-blocks\">\n\n<p class=\"font-bold\">Konzultant RTB<\/p>\n<p class=\"mt-1 text-sm text-neutral-60\">\n\t\t\t<span class=\"text-complement\">Praha<\/span>\n\t\t<span class=\"text-neutral-20 mx-1\">\u2022<\/span>\n\t\tPro mu\u017ee i \u017eeny<\/p>\n\n<\/div><\/a><\/div><div class=\"block-boxlink\"><a class=\"boxlink boxlink--icon-arrow boxlink--align-y-center px-f8 py-f4\" href=\"https:\/\/o-seznam.cz\/kariera\/488070-produktovy-manager-pro-llm\/\"><div class=\"inner-blocks\">\n\n<p class=\"font-bold\">Produktov\u00fd manager pro LLM\u00a0<\/p>\n<p class=\"mt-1 text-sm text-neutral-60\">\n\t\t\t<span class=\"text-complement\">Brno, Praha<\/span>\n\t\t<span class=\"text-neutral-20 mx-1\">\u2022<\/span>\n\t\tPro mu\u017ee i \u017eeny<\/p>\n\n<\/div><\/a><\/div><div class=\"block-boxlink\"><a class=\"boxlink boxlink--icon-arrow boxlink--align-y-center px-f8 py-f4\" href=\"https:\/\/o-seznam.cz\/kariera\/487828-senior-python-backend-developer-pro-obsahove-platformy-seznamu\/\"><div class=\"inner-blocks\">\n\n<p class=\"font-bold\">Senior Python Backend Developer pro obsahov\u00e9 platformy Seznamu<\/p>\n<p class=\"mt-1 text-sm text-neutral-60\">\n\t\t\t<span class=\"text-complement\">Brno<\/span>\n\t\t<span class=\"text-neutral-20 mx-1\">\u2022<\/span>\n\t\tPro mu\u017ee i \u017eeny<\/p>\n\n<\/div><\/a><\/div><div class=\"block-boxlink\"><a class=\"boxlink boxlink--icon-arrow boxlink--align-y-center px-f8 py-f4\" href=\"https:\/\/o-seznam.cz\/kariera\/487797-event-operations-specialist\/\"><div class=\"inner-blocks\">\n\n<p class=\"font-bold\">Event &amp; Operations Specialist<\/p>\n<p class=\"mt-1 text-sm text-neutral-60\">\n\t\t\t<span class=\"text-complement\">Praha<\/span>\n\t\t<span class=\"text-neutral-20 mx-1\">\u2022<\/span>\n\t\tPro mu\u017ee i \u017eeny<\/p>\n\n<\/div><\/a><\/div><div class=\"block-boxlink\"><a class=\"boxlink boxlink--icon-arrow boxlink--align-y-center px-f8 py-f4\" href=\"https:\/\/o-seznam.cz\/kariera\/487587-obchodnik-pro-liberec\/\"><div class=\"inner-blocks\">\n\n<p class=\"font-bold\">Obchodn\u00edk pro Liberec<\/p>\n<p class=\"mt-1 text-sm text-neutral-60\">\n\t\t\t<span class=\"text-complement\">Liberec<\/span>\n\t\t<span class=\"text-neutral-20 mx-1\">\u2022<\/span>\n\t\tPro mu\u017ee i \u017eeny<\/p>\n\n<\/div><\/a><\/div><div class=\"block-boxlink\"><a class=\"boxlink boxlink--icon-arrow boxlink--align-y-center px-f8 py-f4\" href=\"https:\/\/o-seznam.cz\/kariera\/487453-obchodnik-pro-severovychodni-kralovehradecko\/\"><div class=\"inner-blocks\">\n\n<p class=\"font-bold\">Obchodn\u00edk pro severov\u00fdchodn\u00ed Kr\u00e1lov\u00e9hradecko<\/p>\n<p class=\"mt-1 text-sm text-neutral-60\">\n\t\t\t<span class=\"text-complement\">Hradec Kr\u00e1lov\u00e9<\/span>\n\t\t<span class=\"text-neutral-20 mx-1\">\u2022<\/span>\n\t\tPro mu\u017ee i \u017eeny<\/p>\n\n<\/div><\/a><\/div><\/div><\/div><\/div>\n\n\n\n<div class=\"wp-block-buttons is-content-justification-center is-layout-flex wp-container-core-buttons-is-layout-a89b3969 wp-block-buttons-is-layout-flex\">\n<div class=\"wp-block-button\"><a class=\"wp-block-button__link wp-element-button\" href=\"https:\/\/o-seznam.cz\/kariera\/volne-pozice\/\">Uk\u00e1zat v\u0161echny pozice<\/a><\/div>\n<\/div>\n<\/div>\n\n\n\n<div class=\"wp-block-group is-layout-constrained wp-block-group-is-layout-constrained\">\n<h2 class=\"wp-block-heading\" id=\"co-si-pohlidat\">Co si pohl\u00eddat, kdy\u017e si chci vz\u00edt Sick day?<\/h2>\n\n\n\n<p>Sick days je benefit, jeho\u017e pravidla ur\u010duje zam\u011bstnavatel. M\u011bli byste se tedy v\u017edy se sm\u011brnic\u00ed sezn\u00e1mit, abyste v\u011bd\u011bli, jak\u00fdm zp\u016fsobem ho hl\u00e1sit a spr\u00e1vn\u011b \u010derpat. Vnit\u0159n\u00ed p\u0159edpis ur\u010duje nejen pravidla \u010derp\u00e1n\u00ed, ale v\u011bt\u0161inou tak\u00e9 opat\u0159en\u00ed proti zneu\u017e\u00edv\u00e1n\u00ed a p\u0159\u00edpadn\u00e9 neblah\u00e9 n\u00e1sledky pro zam\u011bstnance (nap\u0159\u00edklad kr\u00e1cen\u00ed n\u00e1hrady mzdy apod.). Syst\u00e9m, jak Sick days spr\u00e1vn\u011b hl\u00e1sit, m\u00e1 ka\u017ed\u00e1 firma trochu jin\u00fd. N\u011bkde to m\u016f\u017ee b\u00fdt p\u0159es doch\u00e1zkov\u00fd syst\u00e9m, kter\u00fd b\u00fdv\u00e1 \u010dasto dostupn\u00fd i online. N\u011bkdy bude sta\u010dit smska \u0161\u00e9fovi.<\/p>\n<\/div>\n\n\n\n<div class=\"wp-block-group is-layout-constrained wp-block-group-is-layout-constrained\">\n<h2 class=\"wp-block-heading\" id=\"pravidla\">Kdy si m\u016f\u017eu vz\u00edt Sick day a jak\u00e1 b\u00fdvaj\u00ed pravidla?<\/h2>\n\n\n\n<p>Jak u\u017e bylo zm\u00edn\u011bno, Sick days se nedaj\u00ed pl\u00e1novat p\u0159edem. Slou\u017e\u00ed vylo\u017een\u011b k tomu, kdy\u017e v\u00e1m nen\u00ed dob\u0159e a pot\u0159ebujete z\u016fstat doma v posteli. Nem\u011bl by slou\u017eit k ni\u010demu jin\u00e9mu. V Seznamu jsme p\u0159ed n\u011bjakou dobou Sick days zru\u0161ili a nahradili je tzv. Free days. Seznam\u00e1ci mohou toto placen\u00e9 volno vyu\u017e\u00edt libovoln\u011b \u2013 jak pro n\u011bjakou zdravotn\u00ed indispozici, tak t\u0159eba k vy\u0159izov\u00e1n\u00ed na \u00fa\u0159adech, odpo\u010dinek, sport nebo t\u0159eba studijn\u00ed volno. Dal\u0161\u00ed v\u00fdhoda na rozd\u00edl od Sick days je, \u017ee si m\u016f\u017eete Free days pl\u00e1novat p\u0159edem. U Sick days i Free days v\u011bt\u0161inou plat\u00ed, \u017ee pokud je nevy\u010derp\u00e1te v dan\u00e9m roce, do dal\u0161\u00edho se nep\u0159ev\u00e1d\u00ed.<\/p>\n<\/div>\n\n\n\n<div class=\"wp-block-group is-layout-constrained wp-block-group-is-layout-constrained\">\n<h2 class=\"wp-block-heading\" id=\"zkusebni-doba\">M\u016f\u017eu si Sick day vz\u00edt ve zku\u0161ebn\u00ed dob\u011b?<\/h2>\n\n\n\n<p>\u010cerp\u00e1n\u00ed Sick days ve zku\u0161ebce je v\u017edycky individu\u00e1ln\u00ed. V\u011bt\u0161inou se poskytuje a\u017e po uplynut\u00ed zku\u0161ebn\u00ed doby. Stejn\u011b tak to m\u00e1me i v Seznamu. Nov\u00e1\u010dek v r\u00e1mci zku\u0161ebn\u00ed doby nem\u016f\u017ee \u010derpat Free days (kter\u00e9 m\u00e1me m\u00edsto Sick days), ale m\u016f\u017ee si vz\u00edt t\u0159eba den dva dovolen\u00e9. Mus\u00ed v\u0161ak po\u010d\u00edtat s t\u00edm, \u017ee o tyto dny se mu &#8222;nat\u00e1hne&#8220; zku\u0161ebn\u00ed doba.<\/p>\n<\/div>\n\n\n\n<div class=\"wp-block-group is-layout-constrained wp-block-group-is-layout-constrained\">\n<h2 class=\"wp-block-heading\" id=\"vypovedni-doba\">Sick day ve v\u00fdpov\u011bdn\u00ed dob\u011b?<\/h2>\n\n\n\n<p>U v\u00fdpov\u011bdn\u00ed doby to v\u011bt\u0161inou funguje stejn\u011b jako v p\u0159\u00edpad\u011b zku\u0161ebn\u00ed doby. Zam\u011bstnavatel v\u011bt\u0161inou neumo\u017e\u0148uje \u010derp\u00e1n\u00ed Sick days \u010di Free days. Preferuje sp\u00ed\u0161e vy\u010derp\u00e1n\u00ed zb\u00fdvaj\u00edc\u00edch dn\u00ed dovolen\u00e9. Jinak je to v\u011bt\u0161inou na domluv\u011b, v\u016fli zam\u011bstnavatele \u010di intern\u00ed sm\u011brnici, kter\u00e1 ur\u010duje \u010derp\u00e1n\u00ed t\u011bchto benefitn\u00edch dn\u00ed.<\/p>\n<\/div>\n\n\n\n<div class=\"wp-block-group is-layout-constrained wp-block-group-is-layout-constrained\">\n<h2 class=\"wp-block-heading\" id=\"jak-funguji\">Dny volna nav\u00edc (Free days) a jak funguj\u00ed<\/h2>\n\n\n\n<p>Seznam\u00e1ci maj\u00ed k dispozici 5 dn\u00ed volna nav\u00edc za rok. Volno si mohou pl\u00e1novat p\u0159edem a na co ho vyu\u017eij\u00ed, je pouze na nich. V doch\u00e1zkov\u00e9m syst\u00e9mu si o volno \u017e\u00e1daj\u00ed stejn\u011b jako t\u0159eba o dovolenou.<\/p>\n<\/div>\n\n\n\n<div class=\"wp-block-group is-layout-constrained wp-block-group-is-layout-constrained\">\n<h2 class=\"wp-block-heading\" id=\"specialni-dny\">Jsou n\u011bjak\u00e9 dal\u0161\u00ed speci\u00e1ln\u00ed dny, kter\u00e9 sm\u00edm \u010derpat?<\/h2>\n\n\n\n<p>Mezi dal\u0161\u00ed speci\u00e1ln\u00ed dny volna, kter\u00e9 zam\u011bstnavatel\u00e9 poskytuj\u00ed jako benefit, jsou nap\u0159\u00edklad Cafeteria days nebo tak\u00e9 Bridge days. Cafeteria days m\u00e1me i v Seznamu. Jsou to dny volna, kter\u00e9 si zam\u011bstnanec m\u016f\u017ee &#8222;dokoupit&#8220; ve sv\u00e9m benefitn\u00edm programu, tedy Cafeterii. Tento benefitn\u00ed syst\u00e9m nab\u00edzej\u00ed pouze n\u011bkte\u0159\u00ed zam\u011bstnavatel\u00e9. Bridge days zat\u00edm v Seznamu nem\u00e1me. Ty poskytuje zam\u011bstnavatel na dny, kter\u00e9 jsou mezi sv\u00e1tky nebo mezi sv\u00e1tkem a v\u00edkendem. Jejich vyu\u017e\u00edv\u00e1n\u00ed obvykle upravuje intern\u00ed sm\u011brnice podobn\u011b jako v p\u0159\u00edpad\u011b Sick days.<\/p>\n<\/div>\n\n\n\n<div class=\"wp-block-group is-layout-constrained wp-block-group-is-layout-constrained\">\n<h2 class=\"wp-block-heading\" id=\"narok-na-dny-volna\">Kdy m\u00e1m n\u00e1rok na dny volna ze z\u00e1kona?<\/h2>\n\n\n\n<p>Pot\u0159ebujete se omluvit z pr\u00e1ce kv\u016fli mimo\u0159\u00e1dn\u00e9 ud\u00e1losti, ale nechcete p\u0159itom \u010derpat svou dovolenou? Z\u00e1kon\u00edk pr\u00e1ce spole\u010dn\u011b s na\u0159\u00edzen\u00edm vl\u00e1dy \u010d. 590\/2006 Sb. \u0159e\u0161\u00ed celou \u0159adu situac\u00ed, p\u0159i kter\u00fdch m\u00e1 zam\u011bstnavatel povinnost uvolnit v\u00e1s z pr\u00e1ce, ani\u017e byste museli \u010derpat svou dovolenou. Z\u00e1kon\u00edk stanovuje okruh a rozsah jin\u00fdch d\u016fle\u017eit\u00fdch osobn\u00edch p\u0159ek\u00e1\u017eek v pr\u00e1ci, ve kter\u00fdch m\u00e1te n\u00e1rok na pracovn\u00ed volno. A tak\u00e9 \u0159\u00edk\u00e1, zda p\u016fjde o volno placen\u00e9, nebo neplacen\u00e9.<\/p>\n\n\n\n<div class=\"accordion\">\n\t<div class=\"accordion__items\">\n\n<details class=\"expander is-style-box\">\n\t<summary data-datalayer-name=\"\" data-datalayer-text=\"L\u00e9ka\u0159sk\u00e9 o\u0161et\u0159en\u00ed \u010di vy\u0161et\u0159en\u00ed\">\n\t\t\t\t<strong>L\u00e9ka\u0159sk\u00e9 o\u0161et\u0159en\u00ed \u010di vy\u0161et\u0159en\u00ed<\/strong>\n\t\t\t<\/summary>\n\t<div class=\"inner-blocks\">\n\n<p>Pokud nen\u00ed mo\u017en\u00e9 napl\u00e1novat n\u00e1v\u0161t\u011bvu l\u00e9ka\u0159e mimo pracovn\u00ed dobu, zam\u011bstnavatel\u00e9 \u010das str\u00e1ven\u00fd u l\u00e9ka\u0159e b\u011b\u017en\u011b kompenzuj\u00ed n\u00e1hradou mzdy. \u010cas str\u00e1ven\u00fd u l\u00e9ka\u0159e byste m\u011bli omezit na co nejkrat\u0161\u00ed dobu, vy\u0161et\u0159en\u00ed by m\u011blo prob\u011bhnout v nejbli\u017e\u0161\u00edm zdravotnick\u00e9m za\u0159\u00edzen\u00ed (va\u0161eho bydli\u0161t\u011b nebo pracovi\u0161t\u011b). N\u00e1hrada se poskytuje pouze na nezbytn\u011b nutnou dobu. Podobn\u00e9 je to, i pokud d\u011bl\u00e1te doprovod sv\u00e9mu rodinn\u00e9mu p\u0159\u00edslu\u0161n\u00edkovi k l\u00e9ka\u0159i a zp\u011bt. A podobn\u00fd princip plat\u00ed i pro pracovn\u011b-l\u00e9ka\u0159skou prohl\u00eddku (u pracovn\u00edch kategori\u00ed \u010d. 2 a vy\u0161\u0161\u00ed), vy\u0161et\u0159en\u00ed nebo o\u010dkov\u00e1n\u00ed souvisej\u00edc\u00ed s v\u00fdkonem pr\u00e1ce. Placen\u00e9 volno dostanete i v p\u0159\u00edpad\u011b, \u017ee darujete krev.<\/p>\n\n<\/div><\/details>\n\n\n\n<details class=\"expander is-style-box\">\n\t<summary data-datalayer-name=\"\" data-datalayer-text=\"Svatba\">\n\t\t\t\t<strong>Svatba<\/strong>\n\t\t\t<\/summary>\n\t<div class=\"inner-blocks\">\n\n<p>Pracovn\u00ed volno se poskytuje na 2 dny na vlastn\u00ed svatbu, z toho 1 den k \u00fa\u010dasti na svatebn\u00edm ob\u0159adu. N\u00e1hrada mzdy v\u0161ak p\u0159\u00edslu\u0161\u00ed pouze za 1 den, a to den kon\u00e1n\u00ed svatebn\u00edho ob\u0159adu. Den volna se poskytuje i v p\u0159\u00edpad\u011b svatby va\u0161eho d\u00edt\u011bte nebo rodi\u010d\u016f. U svatby va\u0161ich d\u011bt\u00ed se jedn\u00e1 o volno hrazen\u00e9, u rodi\u010d\u016f pak nehrazen\u00e9.<\/p>\n\n<\/div><\/details>\n\n\n\n<details class=\"expander is-style-box\">\n\t<summary data-datalayer-name=\"\" data-datalayer-text=\"Narozen\u00ed potomka\">\n\t\t\t\t<strong>Narozen\u00ed potomka<\/strong>\n\t\t\t<\/summary>\n\t<div class=\"inner-blocks\">\n\n<p>Placen\u00e9 volno se poskytuje na dobu nutnou k p\u0159evozu do porodnice a zp\u011bt. Budouc\u00ed tat\u00ednek m\u00e1 n\u00e1rok na neplacen\u00e9 volno v p\u0159\u00edpad\u011b, \u017ee chce b\u00fdt p\u0159\u00edtomen u porodu.<\/p>\n\n<\/div><\/details>\n\n\n\n<details class=\"expander is-style-box\">\n\t<summary data-datalayer-name=\"\" data-datalayer-text=\"P\u0159est\u011bhov\u00e1n\u00ed\">\n\t\t\t\t<strong>P\u0159est\u011bhov\u00e1n\u00ed<\/strong>\n\t\t\t<\/summary>\n\t<div class=\"inner-blocks\">\n\n<p>Pokud se st\u011bhujete za prac\u00ed a v z\u00e1jmu zam\u011bstnavatele, zam\u011bstnavatel by v\u00e1m m\u011bl nahradit mzdu a\u017e do 2 dn\u016f nep\u0159\u00edtomnosti. Volno se poskytuje i v p\u0159\u00edpad\u011b, \u017ee na st\u011bhov\u00e1n\u00ed nem\u00e1 zam\u011bstnavatel \u017e\u00e1dn\u00fd z\u00e1jem, za nep\u0159\u00edtomnost ov\u0161em nedostanete \u017e\u00e1dnou n\u00e1hradu.<\/p>\n\n<\/div><\/details>\n\n\n\n<details class=\"expander is-style-box\">\n\t<summary data-datalayer-name=\"\" data-datalayer-text=\"Poh\u0159eb\">\n\t\t\t\t<strong>Poh\u0159eb<\/strong>\n\t\t\t<\/summary>\n\t<div class=\"inner-blocks\">\n\n<p>Z\u00e1kon mysl\u00ed i na smutn\u011bj\u0161\u00ed \u017eivotn\u00ed ud\u00e1losti. Pracovn\u00ed volno s n\u00e1hradou mzdy se poskytuje na 2 dny p\u0159i \u00famrt\u00ed man\u017eela, partnera, druha nebo d\u00edt\u011bte a pak na dal\u0161\u00ed 1 den k \u00fa\u010dasti na poh\u0159bu. Dohromady jsou to tedy a\u017e 3 dny hrazen\u00e9ho volna + mo\u017enost \u010derpat a\u017e 5 dn\u00ed dopl\u0148kov\u00e9ho neplacen\u00e9ho volna.&nbsp;V p\u0159\u00edpad\u011b \u00famrt\u00ed dal\u0161\u00edch \u010dlen\u016f dom\u00e1cnosti nebo \u0161ir\u0161\u00ed rodiny (rodi\u010de, prarodi\u010de, vnou\u010de,&nbsp;sourozenec)&nbsp;n\u00e1le\u017e\u00ed zam\u011bstnanc\u016fm 1 den hrazen\u00e9ho volna + mo\u017enost \u010derpat a\u017e 5 dn\u00ed dopl\u0148kov\u00e9ho neplacen\u00e9ho volna.<\/p>\n\n<\/div><\/details>\n\n\n\n<details class=\"expander is-style-box\">\n\t<summary data-datalayer-name=\"\" data-datalayer-text=\"Dopravn\u00ed probl\u00e9my\">\n\t\t\t\t<strong>Dopravn\u00ed probl\u00e9my<\/strong>\n\t\t\t<\/summary>\n\t<div class=\"inner-blocks\">\n\n<p>Pracovn\u00ed volno v\u00e1m zam\u011bstnavatel poskytne na nezbytn\u011b nutnou dobu pro nep\u0159edv\u00eddan\u00e9 p\u0159eru\u0161en\u00ed dopravn\u00edho provozu nebo zpo\u017ed\u011bn\u00ed hromadn\u00fdch dopravn\u00edch prost\u0159edk\u016f. Pokud jste z t\u011bchto d\u016fvod\u016f nemohli do pr\u00e1ce dorazit v\u010das ani jin\u00fdm zp\u016fsobem, zam\u011bstnavatel va\u0161i nep\u0159\u00edtomnost mus\u00ed omluvit, ov\u0161em bez n\u00e1roku na n\u00e1hradu mzdy.<\/p>\n\n<\/div><\/details>\n\n<\/div><\/div>\n\n<\/div>\n\n\n\n<div class=\"wp-block-group is-layout-constrained wp-block-group-is-layout-constrained\">\n<h2 class=\"wp-block-heading\">Nejnov\u011bj\u0161\u00ed nab\u00eddky<\/h2>\n\n\n<div class=\"wp-block-seznam-list-jobs\"><div class=\"wp-block-seznam-tiles has-columns-2\" style=\"--seznam-tiles--columns:2\"><div class=\"inner-blocks\"><div class=\"block-boxlink\"><a class=\"boxlink boxlink--icon-arrow boxlink--align-y-center px-f8 py-f4\" href=\"https:\/\/o-seznam.cz\/kariera\/488089-konzultant-rtb\/\"><div class=\"inner-blocks\">\n\n<p class=\"font-bold\">Konzultant RTB<\/p>\n<p class=\"mt-1 text-sm text-neutral-60\">\n\t\t\t<span class=\"text-complement\">Praha<\/span>\n\t\t<span class=\"text-neutral-20 mx-1\">\u2022<\/span>\n\t\tPro mu\u017ee i \u017eeny<\/p>\n\n<\/div><\/a><\/div><div class=\"block-boxlink\"><a class=\"boxlink boxlink--icon-arrow boxlink--align-y-center px-f8 py-f4\" href=\"https:\/\/o-seznam.cz\/kariera\/488070-produktovy-manager-pro-llm\/\"><div class=\"inner-blocks\">\n\n<p class=\"font-bold\">Produktov\u00fd manager pro LLM\u00a0<\/p>\n<p class=\"mt-1 text-sm text-neutral-60\">\n\t\t\t<span class=\"text-complement\">Brno, Praha<\/span>\n\t\t<span class=\"text-neutral-20 mx-1\">\u2022<\/span>\n\t\tPro mu\u017ee i \u017eeny<\/p>\n\n<\/div><\/a><\/div><div class=\"block-boxlink\"><a class=\"boxlink boxlink--icon-arrow boxlink--align-y-center px-f8 py-f4\" href=\"https:\/\/o-seznam.cz\/kariera\/487828-senior-python-backend-developer-pro-obsahove-platformy-seznamu\/\"><div class=\"inner-blocks\">\n\n<p class=\"font-bold\">Senior Python Backend Developer pro obsahov\u00e9 platformy Seznamu<\/p>\n<p class=\"mt-1 text-sm text-neutral-60\">\n\t\t\t<span class=\"text-complement\">Brno<\/span>\n\t\t<span class=\"text-neutral-20 mx-1\">\u2022<\/span>\n\t\tPro mu\u017ee i \u017eeny<\/p>\n\n<\/div><\/a><\/div><div class=\"block-boxlink\"><a class=\"boxlink boxlink--icon-arrow boxlink--align-y-center px-f8 py-f4\" href=\"https:\/\/o-seznam.cz\/kariera\/487797-event-operations-specialist\/\"><div class=\"inner-blocks\">\n\n<p class=\"font-bold\">Event &amp; Operations Specialist<\/p>\n<p class=\"mt-1 text-sm text-neutral-60\">\n\t\t\t<span class=\"text-complement\">Praha<\/span>\n\t\t<span class=\"text-neutral-20 mx-1\">\u2022<\/span>\n\t\tPro mu\u017ee i \u017eeny<\/p>\n\n<\/div><\/a><\/div><div class=\"block-boxlink\"><a class=\"boxlink boxlink--icon-arrow boxlink--align-y-center px-f8 py-f4\" href=\"https:\/\/o-seznam.cz\/kariera\/487587-obchodnik-pro-liberec\/\"><div class=\"inner-blocks\">\n\n<p class=\"font-bold\">Obchodn\u00edk pro Liberec<\/p>\n<p class=\"mt-1 text-sm text-neutral-60\">\n\t\t\t<span class=\"text-complement\">Liberec<\/span>\n\t\t<span class=\"text-neutral-20 mx-1\">\u2022<\/span>\n\t\tPro mu\u017ee i \u017eeny<\/p>\n\n<\/div><\/a><\/div><div class=\"block-boxlink\"><a class=\"boxlink boxlink--icon-arrow boxlink--align-y-center px-f8 py-f4\" href=\"https:\/\/o-seznam.cz\/kariera\/487453-obchodnik-pro-severovychodni-kralovehradecko\/\"><div class=\"inner-blocks\">\n\n<p class=\"font-bold\">Obchodn\u00edk pro severov\u00fdchodn\u00ed Kr\u00e1lov\u00e9hradecko<\/p>\n<p class=\"mt-1 text-sm text-neutral-60\">\n\t\t\t<span class=\"text-complement\">Hradec Kr\u00e1lov\u00e9<\/span>\n\t\t<span class=\"text-neutral-20 mx-1\">\u2022<\/span>\n\t\tPro mu\u017ee i \u017eeny<\/p>\n\n<\/div><\/a><\/div><\/div><\/div><\/div>\n\n\n\n<div class=\"wp-block-buttons is-content-justification-center is-layout-flex wp-container-core-buttons-is-layout-a89b3969 wp-block-buttons-is-layout-flex\">\n<div class=\"wp-block-button\"><a class=\"wp-block-button__link wp-element-button\" href=\"https:\/\/o-seznam.cz\/kariera\/volne-pozice\/\">Uk\u00e1zat v\u0161echny pozice<\/a><\/div>\n<\/div>\n<\/div>\n","protected":false},"excerpt":{"rendered":"<p>Jak\u00e9 jsou druhy voln\u00fdch dn\u016f, co je to Sick day a jak\u00e9 druhy volna m\u016f\u017eete v Seznamu \u010derpat? Mrkn\u011bte na p\u0159ehled informac\u00ed.<\/p>\n","protected":false},"author":2,"featured_media":0,"parent":13801,"menu_order":3,"comment_status":"closed","ping_status":"closed","template":"page-sidemenu","meta":{"_acf_changed":false,"_relevanssi_hide_post":"","_relevanssi_hide_content":"","_relevanssi_pin_for_all":"","_relevanssi_pin_keywords":"","_relevanssi_unpin_keywords":"","_relevanssi_related_keywords":"","_relevanssi_related_include_ids":"","_relevanssi_related_exclude_ids":"","_relevanssi_related_no_append":"","_relevanssi_related_not_related":"","_relevanssi_related_posts":"","_relevanssi_noindex_reason":"","footnotes":""},"page_category":[238],"page_tag":[],"class_list":["post-15254","page","type-page","status-publish","hentry"],"acf":[],"_links":{"self":[{"href":"https:\/\/o-seznam.cz\/kariera\/wp-json\/wp\/v2\/pages\/15254","targetHints":{"allow":["GET"]}}],"collection":[{"href":"https:\/\/o-seznam.cz\/kariera\/wp-json\/wp\/v2\/pages"}],"about":[{"href":"https:\/\/o-seznam.cz\/kariera\/wp-json\/wp\/v2\/types\/page"}],"author":[{"embeddable":true,"href":"https:\/\/o-seznam.cz\/kariera\/wp-json\/wp\/v2\/users\/2"}],"replies":[{"embeddable":true,"href":"https:\/\/o-seznam.cz\/kariera\/wp-json\/wp\/v2\/comments?post=15254"}],"version-history":[{"count":20,"href":"https:\/\/o-seznam.cz\/kariera\/wp-json\/wp\/v2\/pages\/15254\/revisions"}],"predecessor-version":[{"id":19748,"href":"https:\/\/o-seznam.cz\/kariera\/wp-json\/wp\/v2\/pages\/15254\/revisions\/19748"}],"up":[{"embeddable":true,"href":"https:\/\/o-seznam.cz\/kariera\/wp-json\/wp\/v2\/pages\/13801"}],"wp:attachment":[{"href":"https:\/\/o-seznam.cz\/kariera\/wp-json\/wp\/v2\/media?parent=15254"}],"wp:term":[{"taxonomy":"page_category","embeddable":true,"href":"https:\/\/o-seznam.cz\/kariera\/wp-json\/wp\/v2\/page_category?post=15254"},{"taxonomy":"page_tag","embeddable":true,"href":"https:\/\/o-seznam.cz\/kariera\/wp-json\/wp\/v2\/page_tag?post=15254"}],"curies":[{"name":"wp","href":"https:\/\/api.w.org\/{rel}","templated":true}]}}