
{"id":14683,"date":"2024-04-08T16:50:42","date_gmt":"2024-04-08T14:50:42","guid":{"rendered":"https:\/\/o-seznam.cz\/kariera\/?page_id=14683"},"modified":"2025-11-03T15:57:24","modified_gmt":"2025-11-03T14:57:24","slug":"kultura","status":"publish","type":"page","link":"https:\/\/o-seznam.cz\/kariera\/kultura\/","title":{"rendered":"\u017divot v Seznamu"},"content":{"rendered":"\n<div class=\"wp-block-group is-layout-constrained wp-block-group-is-layout-constrained\">\n<h1 class=\"wp-block-heading alignwide\">M\u00e1me skv\u011bl\u00e9 kafe i pracovn\u00ed atmosf\u00e9ru<\/h1>\n<\/div>\n\n\n\n<div class=\"wp-block-group is-layout-constrained wp-block-group-is-layout-constrained\"><div class=\"mediaText is-position-left is-orientation-landscape\">\n\t\n\t<div class=\"mediaText__media\">\n\t\t<img loading=\"lazy\" decoding=\"async\" width=\"1984\" height=\"1322\" src=\"https:\/\/o-seznam.cz\/kariera\/wp-content\/uploads\/sites\/2\/2024\/06\/seznam-cz-firemni-kultura-1984x1322.jpg\" class=\"\" alt=\"\" srcset=\"https:\/\/o-seznam.cz\/kariera\/wp-content\/uploads\/sites\/2\/2024\/06\/seznam-cz-firemni-kultura-1984x1322.jpg 1984w, https:\/\/o-seznam.cz\/kariera\/wp-content\/uploads\/sites\/2\/2024\/06\/seznam-cz-firemni-kultura-992x661.jpg 992w, https:\/\/o-seznam.cz\/kariera\/wp-content\/uploads\/sites\/2\/2024\/06\/seznam-cz-firemni-kultura-320x213.jpg 320w, https:\/\/o-seznam.cz\/kariera\/wp-content\/uploads\/sites\/2\/2024\/06\/seznam-cz-firemni-kultura-768x512.jpg 768w, https:\/\/o-seznam.cz\/kariera\/wp-content\/uploads\/sites\/2\/2024\/06\/seznam-cz-firemni-kultura-1536x1024.jpg 1536w, https:\/\/o-seznam.cz\/kariera\/wp-content\/uploads\/sites\/2\/2024\/06\/seznam-cz-firemni-kultura.jpg 2048w\" sizes=\"auto, (max-width: 1984px) 100vw, 1984px\" \/>\t<\/div>\n\n\t<div class=\"mediaText__content is-layout-flow\">\n\n<div class=\"wp-block-group is-layout-constrained wp-container-core-group-is-layout-beff7c7e wp-block-group-is-layout-constrained\">\n<h2 class=\"wp-block-heading\">Ahoj je na\u0161e firemn\u00ed kultura<\/h2>\n\n\n\n<p class=\"is-style-wrap-balance\">Velikost\u00ed jsme korpor\u00e1t, ale du\u0161\u00ed par\u0165\u00e1ci. Tyk\u00e1me si, dress code ne\u0159e\u0161\u00edme, pracovn\u00ed prost\u0159ed\u00ed m\u00e1me pohodov\u00e9, psi s n\u00e1mi chod\u00ed na porady a norm\u00e1ln\u00ed je pom\u00e1hat si navz\u00e1jem.<\/p>\n<\/div>\n\n<\/div>\t\n<\/div>\n<\/div>\n\n\n\n<div class=\"wp-block-group is-layout-constrained wp-block-group-is-layout-constrained\"><div class=\"mediaText is-position-right is-orientation-landscape\">\n\t\n\t<div class=\"mediaText__media\">\n\t\t<img loading=\"lazy\" decoding=\"async\" width=\"1984\" height=\"1323\" src=\"https:\/\/o-seznam.cz\/kariera\/wp-content\/uploads\/sites\/2\/2024\/06\/seznam-cz-workshopy-1984x1323.jpg\" class=\"\" alt=\"\" srcset=\"https:\/\/o-seznam.cz\/kariera\/wp-content\/uploads\/sites\/2\/2024\/06\/seznam-cz-workshopy-1984x1323.jpg 1984w, https:\/\/o-seznam.cz\/kariera\/wp-content\/uploads\/sites\/2\/2024\/06\/seznam-cz-workshopy-992x661.jpg 992w, https:\/\/o-seznam.cz\/kariera\/wp-content\/uploads\/sites\/2\/2024\/06\/seznam-cz-workshopy-320x213.jpg 320w, https:\/\/o-seznam.cz\/kariera\/wp-content\/uploads\/sites\/2\/2024\/06\/seznam-cz-workshopy-768x512.jpg 768w, https:\/\/o-seznam.cz\/kariera\/wp-content\/uploads\/sites\/2\/2024\/06\/seznam-cz-workshopy-1536x1024.jpg 1536w, https:\/\/o-seznam.cz\/kariera\/wp-content\/uploads\/sites\/2\/2024\/06\/seznam-cz-workshopy-2048x1365.jpg 2048w\" sizes=\"auto, (max-width: 1984px) 100vw, 1984px\" \/>\t<\/div>\n\n\t<div class=\"mediaText__content is-layout-flow\">\n\n<div class=\"wp-block-group is-layout-constrained wp-container-core-group-is-layout-beff7c7e wp-block-group-is-layout-constrained\">\n<h2 class=\"wp-block-heading\">Nevytahujeme se, rosteme<\/h2>\n\n\n\n<p class=\"is-style-wrap-balance\">Nev\u011b\u0159\u00edme, \u017ee n\u011bco nejde. Sd\u00edl\u00edme know-how na konferenc\u00edch \u010di meetupech a na\u0161e z\u00e1vity pe\u010dliv\u011b vy\u017eivuj\u00ed i tren\u00e9\u0159i, kte\u0159\u00ed um\u00ed p\u0159ipravit rozvojov\u00e9 programy a workshopy p\u0159esn\u011b na m\u00edru.<\/p>\n<\/div>\n\n<\/div>\t\n<\/div>\n<\/div>\n\n\n\n<div class=\"wp-block-group is-layout-constrained wp-block-group-is-layout-constrained\"><div class=\"mediaText is-position-left is-orientation-landscape\">\n\t\n\t<div class=\"mediaText__media\">\n\t\t<img loading=\"lazy\" decoding=\"async\" width=\"1984\" height=\"1325\" src=\"https:\/\/o-seznam.cz\/kariera\/wp-content\/uploads\/sites\/2\/2024\/06\/seznam-cz-fotbalek-1984x1325.jpg\" class=\"\" alt=\"\" srcset=\"https:\/\/o-seznam.cz\/kariera\/wp-content\/uploads\/sites\/2\/2024\/06\/seznam-cz-fotbalek-1984x1325.jpg 1984w, https:\/\/o-seznam.cz\/kariera\/wp-content\/uploads\/sites\/2\/2024\/06\/seznam-cz-fotbalek-992x663.jpg 992w, https:\/\/o-seznam.cz\/kariera\/wp-content\/uploads\/sites\/2\/2024\/06\/seznam-cz-fotbalek-320x214.jpg 320w, https:\/\/o-seznam.cz\/kariera\/wp-content\/uploads\/sites\/2\/2024\/06\/seznam-cz-fotbalek-768x513.jpg 768w, https:\/\/o-seznam.cz\/kariera\/wp-content\/uploads\/sites\/2\/2024\/06\/seznam-cz-fotbalek-1536x1026.jpg 1536w, https:\/\/o-seznam.cz\/kariera\/wp-content\/uploads\/sites\/2\/2024\/06\/seznam-cz-fotbalek-2048x1368.jpg 2048w\" sizes=\"auto, (max-width: 1984px) 100vw, 1984px\" \/>\t<\/div>\n\n\t<div class=\"mediaText__content is-layout-flow\">\n\n<div class=\"wp-block-group is-layout-constrained wp-container-core-group-is-layout-beff7c7e wp-block-group-is-layout-constrained\">\n<h2 class=\"wp-block-heading\">Pohoda nen\u00ed n\u00e1hoda<\/h2>\n\n\n\n<p class=\"is-style-wrap-balance\">N\u00e1ro\u010dnou pr\u00e1ci vyva\u017eujeme teambuildingy, z\u00e1jezdy na hory, na vodu a dal\u0161\u00edmi spole\u010dn\u00fdmi akcemi. Ale za pohodou ob\u010das sta\u010d\u00ed vyj\u00edt jen schody na terasu a p\u0159ipojit se ke grilov\u00e1n\u00ed nebo fotb\u00e1lku. Anebo vyu\u017e\u00edt jeden z na\u0161ich <a href=\"https:\/\/o-seznam.cz\/kariera\/benefity\/\" data-type=\"link\" data-id=\"https:\/\/o-seznam.cz\/kariera\/benefity\/\">benefit\u016f<\/a>.<\/p>\n<\/div>\n\n<\/div>\t\n<\/div>\n<\/div>\n\n\n\n<div class=\"wp-block-group is-layout-constrained wp-block-group-is-layout-constrained\"><div class=\"mediaText is-position-right is-orientation-landscape\">\n\t\n\t<div class=\"mediaText__media\">\n\t\t<img loading=\"lazy\" decoding=\"async\" width=\"1984\" height=\"1323\" src=\"https:\/\/o-seznam.cz\/kariera\/wp-content\/uploads\/sites\/2\/2024\/06\/seznam-cz-dobrocinne-jarmarky-1984x1323.jpg\" class=\"\" alt=\"\" srcset=\"https:\/\/o-seznam.cz\/kariera\/wp-content\/uploads\/sites\/2\/2024\/06\/seznam-cz-dobrocinne-jarmarky-1984x1323.jpg 1984w, https:\/\/o-seznam.cz\/kariera\/wp-content\/uploads\/sites\/2\/2024\/06\/seznam-cz-dobrocinne-jarmarky-992x661.jpg 992w, https:\/\/o-seznam.cz\/kariera\/wp-content\/uploads\/sites\/2\/2024\/06\/seznam-cz-dobrocinne-jarmarky-320x213.jpg 320w, https:\/\/o-seznam.cz\/kariera\/wp-content\/uploads\/sites\/2\/2024\/06\/seznam-cz-dobrocinne-jarmarky-768x512.jpg 768w, https:\/\/o-seznam.cz\/kariera\/wp-content\/uploads\/sites\/2\/2024\/06\/seznam-cz-dobrocinne-jarmarky-1536x1024.jpg 1536w, https:\/\/o-seznam.cz\/kariera\/wp-content\/uploads\/sites\/2\/2024\/06\/seznam-cz-dobrocinne-jarmarky-2048x1365.jpg 2048w\" sizes=\"auto, (max-width: 1984px) 100vw, 1984px\" \/>\t<\/div>\n\n\t<div class=\"mediaText__content is-layout-flow\">\n\n<div class=\"wp-block-group is-layout-constrained wp-container-core-group-is-layout-beff7c7e wp-block-group-is-layout-constrained\">\n<h2 class=\"wp-block-heading\">Nemysl\u00edme jen na sebe<\/h2>\n\n\n\n<p class=\"is-style-link-external\">Organizujeme charitativn\u00ed akce, dobro\u010dinn\u00e9 jarmarky, pravideln\u011b d\u00e1v\u00e1me krev a sponzorujeme mnoho spole\u010densky prosp\u011b\u0161n\u00fdch ud\u00e1lost\u00ed. Mrkn\u011bte, jak <a href=\"https:\/\/o-seznam.cz\/odpovednost\/seznamaci\/\" data-type=\"link\" data-id=\"https:\/\/o-seznam.cz\/odpovednost\/neziskovky\/\" target=\"_blank\" rel=\"noreferrer noopener\">podporujeme neziskovky<\/a>.<\/p>\n<\/div>\n\n<\/div>\t\n<\/div>\n<\/div>\n\n\n\n<div class=\"wp-block-group is-layout-constrained wp-block-group-is-layout-constrained\"><div class=\"mediaText is-position-left is-orientation-landscape\">\n\t\n\t<div class=\"mediaText__media\">\n\t\t<img loading=\"lazy\" decoding=\"async\" width=\"1984\" height=\"1323\" src=\"https:\/\/o-seznam.cz\/kariera\/wp-content\/uploads\/sites\/2\/2024\/06\/seznam-cz-top-zamestnavatel-1984x1323.jpg\" class=\"\" alt=\"\" srcset=\"https:\/\/o-seznam.cz\/kariera\/wp-content\/uploads\/sites\/2\/2024\/06\/seznam-cz-top-zamestnavatel-1984x1323.jpg 1984w, https:\/\/o-seznam.cz\/kariera\/wp-content\/uploads\/sites\/2\/2024\/06\/seznam-cz-top-zamestnavatel-992x661.jpg 992w, https:\/\/o-seznam.cz\/kariera\/wp-content\/uploads\/sites\/2\/2024\/06\/seznam-cz-top-zamestnavatel-320x213.jpg 320w, https:\/\/o-seznam.cz\/kariera\/wp-content\/uploads\/sites\/2\/2024\/06\/seznam-cz-top-zamestnavatel-768x512.jpg 768w, https:\/\/o-seznam.cz\/kariera\/wp-content\/uploads\/sites\/2\/2024\/06\/seznam-cz-top-zamestnavatel-1536x1024.jpg 1536w, https:\/\/o-seznam.cz\/kariera\/wp-content\/uploads\/sites\/2\/2024\/06\/seznam-cz-top-zamestnavatel-2048x1365.jpg 2048w\" sizes=\"auto, (max-width: 1984px) 100vw, 1984px\" \/>\t<\/div>\n\n\t<div class=\"mediaText__content is-layout-flow\">\n\n<div class=\"wp-block-group is-layout-constrained wp-container-core-group-is-layout-beff7c7e wp-block-group-is-layout-constrained\">\n<h2 class=\"wp-block-heading\">Vyhr\u00e1v\u00e1me ankety<\/h2>\n\n\n\n<p class=\"is-style-wrap-balance\">V hlasov\u00e1n\u00ed tis\u00edc\u016f student\u016f st\u0159edn\u00edch a vysok\u00fdch \u0161kol jsme u\u017e pon\u011bkolik\u00e1t\u00e9 z\u00edskali prvn\u00ed p\u0159\u00ed\u010dku mezi zam\u011bstnavateli v IT oboru, kde je radost pracovat. A z toho m\u00e1me velkou radost.<\/p>\n<\/div>\n\n<\/div>\t\n<\/div>\n<\/div>\n\n\n\n<div class=\"wp-block-group is-layout-constrained wp-block-group-is-layout-constrained\">\n<h2 class=\"wp-block-heading\">Nejnov\u011bj\u0161\u00ed nab\u00eddky<\/h2>\n\n\n<div class=\"wp-block-seznam-list-jobs\"><a class=\"box mb-2 text-neutral-black hover:text-neutral-black no-underline\" href=\"https:\/\/o-seznam.cz\/kariera\/487828-senior-python-backend-developer-pro-obsahove-platformy-seznamu\/\" data-datalayer-name=\"job_20464\" data-datalayer-text=\"Senior Python Backend Developer pro obsahov\u00e9 platformy Seznamu\">\n<h2 class=\"mt-0 mb-f2\">Senior Python Backend Developer pro obsahov\u00e9 platformy Seznamu<\/h2>\n<p class=\"mt-0 text-sm text-neutral-60\">\n\t\t\t<span class=\"text-complement\">Brno<\/span>\n\t\t<span class=\"text-neutral-20 mx-1\">\u2022<\/span>\n\t\tPro mu\u017ee i \u017eeny <span class=\"text-neutral-20 mx-1\">\u2022<\/span> Pln\u00fd \u00favazek<\/p>\n\t<div class=\"flex flex-wrap gap-x-3 gap-y-1 mt-f4\">\n\t\t<img loading=\"lazy\" decoding=\"async\" width=\"64\" height=\"64\" src=\"https:\/\/o-seznam.cz\/kariera\/wp-content\/uploads\/sites\/2\/2024\/04\/technologie-Docker.svg\" class=\"w-6 h-6 shrink-0\" alt=\"\" title=\"Docker\" \/><img loading=\"lazy\" decoding=\"async\" width=\"64\" height=\"64\" src=\"https:\/\/o-seznam.cz\/kariera\/wp-content\/uploads\/sites\/2\/2024\/04\/technologie-Flask.svg\" class=\"w-6 h-6 shrink-0\" alt=\"\" title=\"Flask\" \/><img loading=\"lazy\" decoding=\"async\" width=\"64\" height=\"64\" src=\"https:\/\/o-seznam.cz\/kariera\/wp-content\/uploads\/sites\/2\/2024\/04\/technologie-Gitlab.svg\" class=\"w-6 h-6 shrink-0\" alt=\"\" title=\"GitLab\" \/><img loading=\"lazy\" decoding=\"async\" width=\"64\" height=\"64\" src=\"https:\/\/o-seznam.cz\/kariera\/wp-content\/uploads\/sites\/2\/2024\/04\/technologie-Grafana.svg\" class=\"w-6 h-6 shrink-0\" alt=\"\" title=\"Grafana\" \/><img loading=\"lazy\" decoding=\"async\" width=\"64\" height=\"64\" src=\"https:\/\/o-seznam.cz\/kariera\/wp-content\/uploads\/sites\/2\/2024\/04\/technologie-Kubernetes.svg\" class=\"w-6 h-6 shrink-0\" alt=\"\" title=\"Kubernetes\" \/><img loading=\"lazy\" decoding=\"async\" width=\"64\" height=\"64\" src=\"https:\/\/o-seznam.cz\/kariera\/wp-content\/uploads\/sites\/2\/2024\/04\/technologie-MongoDB.svg\" class=\"w-6 h-6 shrink-0\" alt=\"\" title=\"MongoDB\" \/><img loading=\"lazy\" decoding=\"async\" width=\"64\" height=\"64\" src=\"https:\/\/o-seznam.cz\/kariera\/wp-content\/uploads\/sites\/2\/2024\/04\/technologie-Prometheus.svg\" class=\"w-6 h-6 shrink-0\" alt=\"\" title=\"Prometheus\" \/><img loading=\"lazy\" decoding=\"async\" width=\"64\" height=\"64\" src=\"https:\/\/o-seznam.cz\/kariera\/wp-content\/uploads\/sites\/2\/2024\/04\/technologie-Python.svg\" class=\"w-6 h-6 shrink-0\" alt=\"\" title=\"Python\" \/>\t<\/div>\n<\/a>\n<a class=\"box mb-2 text-neutral-black hover:text-neutral-black no-underline\" href=\"https:\/\/o-seznam.cz\/kariera\/487797-event-operations-specialist\/\" data-datalayer-name=\"job_20461\" data-datalayer-text=\"Event &amp; Operations Specialist\">\n<h2 class=\"mt-0 mb-f2\">Event &amp; Operations Specialist<\/h2>\n<p class=\"mt-0 text-sm text-neutral-60\">\n\t\t\t<span class=\"text-complement\">Praha<\/span>\n\t\t<span class=\"text-neutral-20 mx-1\">\u2022<\/span>\n\t\tPro mu\u017ee i \u017eeny <span class=\"text-neutral-20 mx-1\">\u2022<\/span> Absolventi <span class=\"text-neutral-20 mx-1\">\u2022<\/span> Pln\u00fd \u00favazek<\/p>\n<\/a>\n<a class=\"box mb-2 text-neutral-black hover:text-neutral-black no-underline\" href=\"https:\/\/o-seznam.cz\/kariera\/487587-obchodnik-pro-liberec\/\" data-datalayer-name=\"job_20449\" data-datalayer-text=\"Obchodn\u00edk pro Liberec\">\n<h2 class=\"mt-0 mb-f2\">Obchodn\u00edk pro Liberec<\/h2>\n<p class=\"mt-0 text-sm text-neutral-60\">\n\t\t\t<span class=\"text-complement\">Liberec<\/span>\n\t\t<span class=\"text-neutral-20 mx-1\">\u2022<\/span>\n\t\tPro mu\u017ee i \u017eeny <span class=\"text-neutral-20 mx-1\">\u2022<\/span> Pln\u00fd \u00favazek<\/p>\n<\/a>\n<a class=\"box mb-2 text-neutral-black hover:text-neutral-black no-underline\" href=\"https:\/\/o-seznam.cz\/kariera\/487453-obchodnik-pro-severovychodni-kralovehradecko\/\" data-datalayer-name=\"job_20440\" data-datalayer-text=\"Obchodn\u00edk pro severov\u00fdchodn\u00ed Kr\u00e1lov\u00e9hradecko\">\n<h2 class=\"mt-0 mb-f2\">Obchodn\u00edk pro severov\u00fdchodn\u00ed Kr\u00e1lov\u00e9hradecko<\/h2>\n<p class=\"mt-0 text-sm text-neutral-60\">\n\t\t\t<span class=\"text-complement\">Hradec Kr\u00e1lov\u00e9<\/span>\n\t\t<span class=\"text-neutral-20 mx-1\">\u2022<\/span>\n\t\tPro mu\u017ee i \u017eeny <span class=\"text-neutral-20 mx-1\">\u2022<\/span> Pln\u00fd \u00favazek<\/p>\n<\/a>\n<\/div>\n\n\n\n<div class=\"wp-block-buttons is-content-justification-center is-layout-flex wp-container-core-buttons-is-layout-a89b3969 wp-block-buttons-is-layout-flex\">\n<div class=\"wp-block-button\"><a class=\"wp-block-button__link wp-element-button\" href=\"https:\/\/o-seznam.cz\/kariera\/volne-pozice\/\">Uk\u00e1zat v\u0161echny pozice<\/a><\/div>\n<\/div>\n<\/div>\n","protected":false},"excerpt":{"rendered":"<p>Jak\u00e1 je firemn\u00ed kultura a pracovn\u00ed prost\u0159ed\u00ed v Seznamu? Tyk\u00e1me si, pom\u00e1h\u00e1me si, spolupracujeme a charita n\u00e1m nen\u00ed ciz\u00ed.<\/p>\n","protected":false},"author":2,"featured_media":0,"parent":0,"menu_order":0,"comment_status":"closed","ping_status":"closed","template":"page-no-head","meta":{"_acf_changed":false,"_relevanssi_hide_post":"","_relevanssi_hide_content":"","_relevanssi_pin_for_all":"","_relevanssi_pin_keywords":"","_relevanssi_unpin_keywords":"","_relevanssi_related_keywords":"","_relevanssi_related_include_ids":"","_relevanssi_related_exclude_ids":"","_relevanssi_related_no_append":"","_relevanssi_related_not_related":"","_relevanssi_related_posts":"","_relevanssi_noindex_reason":"","footnotes":""},"page_category":[],"page_tag":[],"class_list":["post-14683","page","type-page","status-publish","hentry"],"acf":[],"_links":{"self":[{"href":"https:\/\/o-seznam.cz\/kariera\/wp-json\/wp\/v2\/pages\/14683","targetHints":{"allow":["GET"]}}],"collection":[{"href":"https:\/\/o-seznam.cz\/kariera\/wp-json\/wp\/v2\/pages"}],"about":[{"href":"https:\/\/o-seznam.cz\/kariera\/wp-json\/wp\/v2\/types\/page"}],"author":[{"embeddable":true,"href":"https:\/\/o-seznam.cz\/kariera\/wp-json\/wp\/v2\/users\/2"}],"replies":[{"embeddable":true,"href":"https:\/\/o-seznam.cz\/kariera\/wp-json\/wp\/v2\/comments?post=14683"}],"version-history":[{"count":32,"href":"https:\/\/o-seznam.cz\/kariera\/wp-json\/wp\/v2\/pages\/14683\/revisions"}],"predecessor-version":[{"id":19724,"href":"https:\/\/o-seznam.cz\/kariera\/wp-json\/wp\/v2\/pages\/14683\/revisions\/19724"}],"wp:attachment":[{"href":"https:\/\/o-seznam.cz\/kariera\/wp-json\/wp\/v2\/media?parent=14683"}],"wp:term":[{"taxonomy":"page_category","embeddable":true,"href":"https:\/\/o-seznam.cz\/kariera\/wp-json\/wp\/v2\/page_category?post=14683"},{"taxonomy":"page_tag","embeddable":true,"href":"https:\/\/o-seznam.cz\/kariera\/wp-json\/wp\/v2\/page_tag?post=14683"}],"curies":[{"name":"wp","href":"https:\/\/api.w.org\/{rel}","templated":true}]}}