
{"id":13915,"date":"2024-01-31T15:06:22","date_gmt":"2024-01-31T14:06:22","guid":{"rendered":"https:\/\/o-seznam.cz\/kariera\/?page_id=13915"},"modified":"2025-03-10T15:17:27","modified_gmt":"2025-03-10T14:17:27","slug":"volne-pozice","status":"publish","type":"page","link":"https:\/\/o-seznam.cz\/kariera\/volne-pozice\/","title":{"rendered":"Voln\u00e9 pozice"},"content":{"rendered":"\n<h1 class=\"wp-block-heading has-text-align-center\">31 voln\u00fdch pozic<\/h1>\n\n\n\n<div class=\"wp-block-group alignwide is-layout-constrained wp-block-group-is-layout-constrained\"><div class=\"alignwide alignwide wp-block-seznam-hero\"><div class=\"cover is-hero is-hero-default bg-neutral-40\"><img decoding=\"async\" width=\"1280\" height=\"512\" src=\"https:\/\/o-seznam.cz\/kariera\/wp-content\/uploads\/sites\/2\/2024\/06\/seznam-cz-kariera-volne-pozice.jpg\" class=\"cover__media cover__media--desktop\" alt=\"\" fetchpriority=\"high\" srcset=\"https:\/\/o-seznam.cz\/kariera\/wp-content\/uploads\/sites\/2\/2024\/06\/seznam-cz-kariera-volne-pozice.jpg 2000w, https:\/\/o-seznam.cz\/kariera\/wp-content\/uploads\/sites\/2\/2024\/06\/seznam-cz-kariera-volne-pozice-992x397.jpg 992w, https:\/\/o-seznam.cz\/kariera\/wp-content\/uploads\/sites\/2\/2024\/06\/seznam-cz-kariera-volne-pozice-1984x794.jpg 1984w, https:\/\/o-seznam.cz\/kariera\/wp-content\/uploads\/sites\/2\/2024\/06\/seznam-cz-kariera-volne-pozice-320x128.jpg 320w, https:\/\/o-seznam.cz\/kariera\/wp-content\/uploads\/sites\/2\/2024\/06\/seznam-cz-kariera-volne-pozice-768x307.jpg 768w, https:\/\/o-seznam.cz\/kariera\/wp-content\/uploads\/sites\/2\/2024\/06\/seznam-cz-kariera-volne-pozice-1536x614.jpg 1536w\" sizes=\"(max-width: 1280px) 100vw, 1280px\" \/><div class=\"cover__dim\" style=\"opacity:0.1\"><\/div><div class=\"cover__content is-layout-constrained\">\n\n<div class=\"wp-block-group is-content-justification-left is-layout-constrained wp-container-core-group-is-layout-59d06cab wp-block-group-is-layout-constrained\">\n<p>A\u0165 u\u017e jste v oboru ost\u0159\u00edlen\u00fd prof\u00edk, nebo teprve za\u010d\u00ednaj\u00edc\u00ed hv\u011bzda, v Seznamu m\u00e1me pr\u00e1ci pro v\u0161echny talenty. Pokud jste si nevybrali z otev\u0159en\u00fdch pozic, po\u0161lete n\u00e1m sv\u016fj \u017eivotopis a t\u0159eba n\u011bco vymysl\u00edme.<\/p>\n\n\n\n<div class=\"wp-block-buttons is-layout-flex wp-block-buttons-is-layout-flex\" style=\"margin-top:var(--wp--preset--spacing--8)\">\n<div class=\"wp-block-button is-style-default\"><a class=\"wp-block-button__link wp-element-button\" href=\"\/kariera\/poslat-zivotopis\/\">Poslat \u017eivotopis<\/a><\/div>\n<\/div>\n<\/div>\n\n<\/div><\/div><\/div>\n\n\n<\/div>\n\n\n\n<div class=\"wp-block-group is-layout-constrained wp-block-group-is-layout-constrained\"><p>[search-jobs-component]<\/p>\n<\/div>\n","protected":false},"excerpt":{"rendered":"<p>Voln\u00e9 pozice v Seznamu jsou otev\u0159en\u00e9 v\u0161em talent\u016fm, a\u0165 u\u017e za\u010d\u00ednaj\u00edc\u00edm, nebo prof\u00edk\u016fm v oboru. Pr\u00e1ce v IT, marketingu, \u017eurnalistice nebo obchodu? Seznamte se.<\/p>\n","protected":false},"author":1,"featured_media":0,"parent":0,"menu_order":0,"comment_status":"closed","ping_status":"closed","template":"page-no-head","meta":{"_acf_changed":false,"_relevanssi_hide_post":"","_relevanssi_hide_content":"","_relevanssi_pin_for_all":"","_relevanssi_pin_keywords":"","_relevanssi_unpin_keywords":"","_relevanssi_related_keywords":"","_relevanssi_related_include_ids":"","_relevanssi_related_exclude_ids":"","_relevanssi_related_no_append":"","_relevanssi_related_not_related":"","_relevanssi_related_posts":"","_relevanssi_noindex_reason":"","footnotes":""},"page_category":[],"page_tag":[],"class_list":["post-13915","page","type-page","status-publish","hentry"],"acf":[],"_links":{"self":[{"href":"https:\/\/o-seznam.cz\/kariera\/wp-json\/wp\/v2\/pages\/13915","targetHints":{"allow":["GET"]}}],"collection":[{"href":"https:\/\/o-seznam.cz\/kariera\/wp-json\/wp\/v2\/pages"}],"about":[{"href":"https:\/\/o-seznam.cz\/kariera\/wp-json\/wp\/v2\/types\/page"}],"author":[{"embeddable":true,"href":"https:\/\/o-seznam.cz\/kariera\/wp-json\/wp\/v2\/users\/1"}],"replies":[{"embeddable":true,"href":"https:\/\/o-seznam.cz\/kariera\/wp-json\/wp\/v2\/comments?post=13915"}],"version-history":[{"count":12,"href":"https:\/\/o-seznam.cz\/kariera\/wp-json\/wp\/v2\/pages\/13915\/revisions"}],"predecessor-version":[{"id":18616,"href":"https:\/\/o-seznam.cz\/kariera\/wp-json\/wp\/v2\/pages\/13915\/revisions\/18616"}],"wp:attachment":[{"href":"https:\/\/o-seznam.cz\/kariera\/wp-json\/wp\/v2\/media?parent=13915"}],"wp:term":[{"taxonomy":"page_category","embeddable":true,"href":"https:\/\/o-seznam.cz\/kariera\/wp-json\/wp\/v2\/page_category?post=13915"},{"taxonomy":"page_tag","embeddable":true,"href":"https:\/\/o-seznam.cz\/kariera\/wp-json\/wp\/v2\/page_tag?post=13915"}],"curies":[{"name":"wp","href":"https:\/\/api.w.org\/{rel}","templated":true}]}}